{"id":29422,"date":"2014-05-10T14:55:43","date_gmt":"2014-05-10T12:55:43","guid":{"rendered":"http:\/\/www.libraria-occitana.org\/all-products\/musique-a-danser-en-limousin?lang=en"},"modified":"2026-04-29T02:41:57","modified_gmt":"2026-04-29T00:41:57","slug":"musique-a-danser-en-limousin","status":"publish","type":"product","link":"https:\/\/www.libraria-occitana.org\/en\/product\/musique-a-danser-en-limousin\/","title":{"rendered":"Musique \u00e0 danser en Limousin"},"content":{"rendered":"<p><strong>G\u00e9rald (Oscar) Bourcart :<\/strong> vielle \u00e0 roue, chant<br \/>\n<strong>Pascal Duprat :<\/strong> vielle \u00e0 roue, chant<br \/>\n<strong>Ricet Gallet :<\/strong> cornemuses, charamelle, percussions, chant<br \/>\n<strong>Annie Gaulard :<\/strong> violon, cornemuse, chant<br \/>\n<strong>Pascale Nguyen :<\/strong> violon, chant<br \/>\n<strong>Yves (Jules) Trentalaud :<\/strong> accord\u00e9on diatonique, percussions, chant<br \/>\nAvec l&#8217;amicale participation de <strong>Cl. Javelaud<\/strong> (basse, harmonicas) et <strong>P.A. Galinier<\/strong> (guitare \u00e9lectrique) anciens complices de Rfd.<\/p>\n<p><strong>Titres :<\/strong><br \/>\n1. J&#8217;ai un petit voyage \u00e0 faire \/ Valse de chez nous (valses) 2&#8217;59&#8221;<br \/>\n2. Bourr\u00e9e de Lucien Chaput \/ Met ta vesta roja (bourr\u00e9es \u00e0 3 temps) 3&#8217;16&#8221;<br \/>\n3. Dins lo b\u00f2sc d&#8217;Ardena (bourr\u00e9e \u00e0 2 temps) 3&#8217;58&#8221;<br \/>\n4. Mas filhas prenetz coratge (scottish) 3&#8217;05&#8221;<br \/>\n5. Barra-la en clau (suite de sauti\u00e8res) 2&#8217;32&#8221;<br \/>\n6. Lo testament de la sauma (branle double) 3&#8217;41&#8221;<br \/>\n7. Suite de bourr\u00e9es (\u00e0 3 temps) 5&#8217;08&#8221;<br \/>\n8. Scottish de Gaston Pouget \/ Dansez pas tant (scottishs) 2&#8217;47&#8221;<br \/>\n9. Suite de giattes (bourr\u00e9es \u00e0 3 temps) 3&#8217;20&#8221;<br \/>\n10. Que donarai ieu a ma mia (branle) 3&#8217;22&#8221;<br \/>\n11. Inox \/ Lo peisson aima l&#8217;aiga (bourr\u00e9es \u00e0 2 temps) 4&#8217;00&#8221;<br \/>\n12. Mazurka et polka de Pauliac 3&#8217;44&#8221;<br \/>\n13. Tres j\u00f2unes tamboraires (rond d&#8217;Argenton) 3&#8217;34&#8221;<br \/>\n14. Las teles (bourr\u00e9e \u00e0 2 temps) 2&#8217;49&#8221;<br \/>\n15. Sauti\u00e8re \u00e0 Decomps \/ La truffi\u00e8re (sauti\u00e8res) 2&#8217;57&#8221;<\/p>\n","protected":false},"excerpt":{"rendered":"<p>G\u00e9rald (Oscar) Bourcart : vielle \u00e0 roue, chant Pascal Duprat : vielle \u00e0 roue, chant Ricet Gallet : cornemuses, charamelle, percussions, chant Annie Gaulard : violon, cornemuse, chant Pascale Nguyen : violon, chant Yves (Jules) Trentalaud : accord\u00e9on diatonique, percussions, chant Avec l&#8217;amicale participation de Cl. Javelaud (basse, harmonicas) et P.A. Galinier (guitare \u00e9lectrique) anciens [&hellip;]<\/p>\n","protected":false},"featured_media":29420,"template":"","meta":{"_acf_changed":false,"_genesis_hide_title":false,"_genesis_hide_breadcrumbs":false,"_genesis_hide_singular_image":false,"_genesis_hide_footer_widgets":false,"_genesis_custom_body_class":"","_genesis_custom_post_class":"","_genesis_layout":""},"product_brand":[],"product_cat":[7228,7216,7238],"product_tag":[],"class_list":{"0":"post-29422","1":"product","2":"type-product","3":"status-publish","4":"has-post-thumbnail","6":"product_cat-modern-folk-en","7":"product_cat-music-en","8":"product_cat-promotions-en","9":"pa_auteur-roule-et-ferme-derriere-en","10":"pa_editeur-roule-et-ferme-derriere-fr-en","11":"pa_langue-francais-en","12":"pa_langue-occitan-en","13":"pa_langue-occitan-lemosin-en","14":"entry","16":"first","17":"instock","18":"shipping-taxable","19":"purchasable","20":"product-type-simple"},"acf":[],"_links":{"self":[{"href":"https:\/\/www.libraria-occitana.org\/en\/wp-json\/wp\/v2\/product\/29422","targetHints":{"allow":["GET"]}}],"collection":[{"href":"https:\/\/www.libraria-occitana.org\/en\/wp-json\/wp\/v2\/product"}],"about":[{"href":"https:\/\/www.libraria-occitana.org\/en\/wp-json\/wp\/v2\/types\/product"}],"wp:featuredmedia":[{"embeddable":true,"href":"https:\/\/www.libraria-occitana.org\/en\/wp-json\/wp\/v2\/media\/29420"}],"wp:attachment":[{"href":"https:\/\/www.libraria-occitana.org\/en\/wp-json\/wp\/v2\/media?parent=29422"}],"wp:term":[{"taxonomy":"product_brand","embeddable":true,"href":"https:\/\/www.libraria-occitana.org\/en\/wp-json\/wp\/v2\/product_brand?post=29422"},{"taxonomy":"product_cat","embeddable":true,"href":"https:\/\/www.libraria-occitana.org\/en\/wp-json\/wp\/v2\/product_cat?post=29422"},{"taxonomy":"product_tag","embeddable":true,"href":"https:\/\/www.libraria-occitana.org\/en\/wp-json\/wp\/v2\/product_tag?post=29422"}],"curies":[{"name":"wp","href":"https:\/\/api.w.org\/{rel}","templated":true}]}}