{"id":29450,"date":"1997-11-10T17:44:43","date_gmt":"1997-11-10T16:44:43","guid":{"rendered":"http:\/\/www.libraria-occitana.org\/all-products\/marion-quand-taimava-danses-de-tradition-en-limousin?lang=en"},"modified":"2026-04-03T01:36:28","modified_gmt":"2026-04-02T23:36:28","slug":"marion-quand-taimava-danses-de-tradition-en-limousin","status":"publish","type":"product","link":"https:\/\/www.libraria-occitana.org\/en\/product\/marion-quand-taimava-danses-de-tradition-en-limousin\/","title":{"rendered":"Marion quand t&#8217;aimava : Danses de tradition en Limousin"},"content":{"rendered":"<p>Accord\u00e9ons, cabrettes, chabrettes, charamelle, cornemuses, guitares, harmonica, saxophones, trompette, vielles, violons&#8230; et chanteurs interpr\u00e8tent, dans des formations allant du solo au grand ensemble, les m\u00e9lodies d&#8217;une trentaine de danses diff\u00e9rentes, toutes collect\u00e9es en Limousin.<\/p>\n<p>Le CD est accompagn\u00e9 d&#8217;un livret pr\u00e9sentant des notices relatives \u00e0 chacune des danses.<\/p>\n<p><strong>Titres :<\/strong><br \/>\n1. Bourr\u00e9es de la Montagne 1&#8217;17&#8221; &#8211; 1&#8217;37&#8221;<br \/>\n2. Scottish simple. Brise-pied 1&#8217;48&#8221;<br \/>\n3. Bourr\u00e9e vals\u00e9e. Bourr\u00e9es du sud-est de la Creuse 2&#8217;37&#8221;<br \/>\n4. Sauti\u00e8res 1&#8217;33&#8221;<br \/>\n5. Le Lapin.Para li son panpan 47&#8243; &#8211; 1&#8217;26&#8221;<br \/>\n6. Giattes 1&#8217;01&#8221; &#8211; 1&#8217;11&#8221;<br \/>\n7. Carr\u00e9e creusoise. Bourr\u00e9e 1&#8217;59&#8221;<br \/>\n8. Bourr\u00e9es des Mon\u00e9di\u00e8res 52&#8243; &#8211; 1&#8217;16&#8221;<br \/>\n9. Valse 1&#8217;57&#8221;<br \/>\n10. Scottish-valses 2&#8217;20&#8221;<br \/>\n11. Glissantes 2&#8217;07&#8221;<br \/>\n12. Bourr\u00e9e &#8220;de Meuzac&#8221; 1&#8217;54&#8221;<br \/>\n13. Polkas piqu\u00e9es 1&#8217;05&#8221;<br \/>\n14. Mazurka. Cassa-Nosilhas 2&#8217;22&#8221;<br \/>\n15. Bourr\u00e9es 2&#8217;22&#8221;<br \/>\n16. P\u00e9l\u00e9l\u00e9 2&#8217;03&#8221;<br \/>\n17. Las Teles. Branle 2&#8217;06&#8221;<br \/>\n18. Polkas 2&#8217;20&#8221;<br \/>\n19. La Parisienne. Le quadrille-valse 2&#8217;18&#8221;<br \/>\n20. Las Tielas de Billaud 56&#8243;<br \/>\n21. L&#8217;Aja\u00e7ona 1&#8217;16&#8221;<br \/>\n22. Mazurka 2&#8217;32&#8221;<br \/>\n23. Marche 2&#8217;45&#8221;<\/p>\n","protected":false},"excerpt":{"rendered":"<p>Accord\u00e9ons, cabrettes, chabrettes, charamelle, cornemuses, guitares, harmonica, saxophones, trompette, vielles, violons&#8230; et chanteurs interpr\u00e8tent, dans des formations allant du solo au grand ensemble, les m\u00e9lodies d&#8217;une trentaine de danses diff\u00e9rentes, toutes collect\u00e9es en Limousin. Le CD est accompagn\u00e9 d&#8217;un livret pr\u00e9sentant des notices relatives \u00e0 chacune des danses. Titres : 1. Bourr\u00e9es de la Montagne [&hellip;]<\/p>\n","protected":false},"featured_media":29448,"template":"","meta":{"_acf_changed":false,"_genesis_hide_title":false,"_genesis_hide_breadcrumbs":false,"_genesis_hide_singular_image":false,"_genesis_hide_footer_widgets":false,"_genesis_custom_body_class":"","_genesis_custom_post_class":"","_genesis_layout":""},"product_brand":[],"product_cat":[7228,7216],"product_tag":[],"class_list":{"0":"post-29450","1":"product","2":"type-product","3":"status-publish","4":"has-post-thumbnail","6":"product_cat-modern-folk-en","7":"product_cat-music-en","8":"pa_auteur-dpt-musique-traditionnelle-du-crr-de-limoges-en","9":"pa_editeur-crmtl-fr-en","10":"pa_langue-occitan-lemosin-en","11":"pa_langue-occitan-francais-en","12":"entry","14":"first","15":"instock","16":"shipping-taxable","17":"purchasable","18":"product-type-simple"},"acf":[],"_links":{"self":[{"href":"https:\/\/www.libraria-occitana.org\/en\/wp-json\/wp\/v2\/product\/29450","targetHints":{"allow":["GET"]}}],"collection":[{"href":"https:\/\/www.libraria-occitana.org\/en\/wp-json\/wp\/v2\/product"}],"about":[{"href":"https:\/\/www.libraria-occitana.org\/en\/wp-json\/wp\/v2\/types\/product"}],"wp:featuredmedia":[{"embeddable":true,"href":"https:\/\/www.libraria-occitana.org\/en\/wp-json\/wp\/v2\/media\/29448"}],"wp:attachment":[{"href":"https:\/\/www.libraria-occitana.org\/en\/wp-json\/wp\/v2\/media?parent=29450"}],"wp:term":[{"taxonomy":"product_brand","embeddable":true,"href":"https:\/\/www.libraria-occitana.org\/en\/wp-json\/wp\/v2\/product_brand?post=29450"},{"taxonomy":"product_cat","embeddable":true,"href":"https:\/\/www.libraria-occitana.org\/en\/wp-json\/wp\/v2\/product_cat?post=29450"},{"taxonomy":"product_tag","embeddable":true,"href":"https:\/\/www.libraria-occitana.org\/en\/wp-json\/wp\/v2\/product_tag?post=29450"}],"curies":[{"name":"wp","href":"https:\/\/api.w.org\/{rel}","templated":true}]}}