{"id":29476,"date":"1998-11-10T20:00:46","date_gmt":"1998-11-10T19:00:46","guid":{"rendered":"http:\/\/www.libraria-occitana.org\/all-products\/en-attendant-lorage-jour-de-marche-vol-2?lang=en"},"modified":"2026-04-29T02:36:16","modified_gmt":"2026-04-29T00:36:16","slug":"en-attendant-lorage-jour-de-marche-vol-2","status":"publish","type":"product","link":"https:\/\/www.libraria-occitana.org\/en\/product\/en-attendant-lorage-jour-de-marche-vol-2\/","title":{"rendered":"En attendant l&#8217;orage&#8230; : Jour de March\u00e9 Vol. 2"},"content":{"rendered":"<p><strong>Myriam Lameyre :<\/strong> chant, cornemuses 16 et 14 pouces, accord\u00e9ons diatoniques, guitare, basse<br \/>\n<strong>Jean-Yves Lameyre :<\/strong> chant, violon, cornemuse B\u00e9chonnet, vielle-\u00e0-roue, m\u00e9lod\u00e9on, clavier<\/p>\n<p><strong>Titres :<\/strong><br \/>\n1. Scottishes 3&#8217;21&#8221;<br \/>\n2. Polkas piqu\u00e9es : Pintou, \u00c0 Sicard 1&#8217;44&#8221;<br \/>\n3. Mazurkas : De Lapleau, Un jour que j&#8217;\u00e9tais tout seul 3&#8217;33&#8221;<br \/>\n4. Branle des chevaux 2&#8217;34&#8221;<br \/>\n5. Bourr\u00e9es \u00e0 2 temps : En passant la rivi\u00e8re, La berg\u00e8re du Coulandon 3&#8217;14&#8221;<br \/>\n6. Valse \u00e0 Fanny 3&#8217;45&#8221;<br \/>\n7. Bourr\u00e9es \u00e0 2 temps : Parlons de boire, Il est bien temps 4&#8217;27&#8221;<br \/>\n8. Mazurka n\u00e9o-auvergnate 2&#8217;40&#8221;<br \/>\n9. Bourr\u00e9es \u00e0 3 temps : Fai anar, Pica sieta 3&#8217;05&#8221;<br \/>\n10. Rond d&#8217;Argenton : La rose blanche 4&#8217;36&#8221;<br \/>\n11. Sauti\u00e8res : \u00c0 Gaillot, Sauta trulha lo tupin brulo 2&#8217;27&#8221;<br \/>\n12. Mazurkas : De l&#8217;Artense, Parlo Mi 4&#8217;19&#8221;<br \/>\n13. Valses : Satins blancs, Gitane 3&#8217;47&#8221;<br \/>\n14. Reels irlandais : Glass of Beer, Peeler&#8217;s Jacket, Wild Irish Man 2&#8217;59&#8221;<br \/>\n15. Reels qu\u00e9b\u00e9cois : Dondaine, Le r\u00eave du diable 4&#8217;12&#8221;<br \/>\n16. Jigs Irlandaises : The Rolling Waves, Scatter the Mud, Morisson&#8217;Jig 3&#8217;18&#8221;<br \/>\n17. Two Step : Lacassine Sp\u00e9cial 3&#8217;07&#8221;<br \/>\n18. Mazurka : En attendant l&#8217;orage 3&#8217;47&#8221;<\/p>\n","protected":false},"excerpt":{"rendered":"<p>Myriam Lameyre : chant, cornemuses 16 et 14 pouces, accord\u00e9ons diatoniques, guitare, basse Jean-Yves Lameyre : chant, violon, cornemuse B\u00e9chonnet, vielle-\u00e0-roue, m\u00e9lod\u00e9on, clavier Titres : 1. Scottishes 3&#8217;21&#8221; 2. Polkas piqu\u00e9es : Pintou, \u00c0 Sicard 1&#8217;44&#8221; 3. Mazurkas : De Lapleau, Un jour que j&#8217;\u00e9tais tout seul 3&#8217;33&#8221; 4. Branle des chevaux 2&#8217;34&#8221; 5. Bourr\u00e9es [&hellip;]<\/p>\n","protected":false},"featured_media":29474,"template":"","meta":{"_acf_changed":false,"_genesis_hide_title":false,"_genesis_hide_breadcrumbs":false,"_genesis_hide_singular_image":false,"_genesis_hide_footer_widgets":false,"_genesis_custom_body_class":"","_genesis_custom_post_class":"","_genesis_layout":""},"product_brand":[],"product_cat":[7228,7216],"product_tag":[],"class_list":{"0":"post-29476","1":"product","2":"type-product","3":"status-publish","4":"has-post-thumbnail","6":"product_cat-modern-folk-en","7":"product_cat-music-en","8":"pa_auteur-musiqua-deux-en","9":"pa_editeur-musique-a-deux-fr-en","10":"pa_langue-francais-en","11":"pa_langue-occitan-en","12":"pa_langue-occitan-lemosin-en","13":"entry","15":"first","16":"instock","17":"shipping-taxable","18":"purchasable","19":"product-type-simple"},"acf":[],"_links":{"self":[{"href":"https:\/\/www.libraria-occitana.org\/en\/wp-json\/wp\/v2\/product\/29476","targetHints":{"allow":["GET"]}}],"collection":[{"href":"https:\/\/www.libraria-occitana.org\/en\/wp-json\/wp\/v2\/product"}],"about":[{"href":"https:\/\/www.libraria-occitana.org\/en\/wp-json\/wp\/v2\/types\/product"}],"wp:featuredmedia":[{"embeddable":true,"href":"https:\/\/www.libraria-occitana.org\/en\/wp-json\/wp\/v2\/media\/29474"}],"wp:attachment":[{"href":"https:\/\/www.libraria-occitana.org\/en\/wp-json\/wp\/v2\/media?parent=29476"}],"wp:term":[{"taxonomy":"product_brand","embeddable":true,"href":"https:\/\/www.libraria-occitana.org\/en\/wp-json\/wp\/v2\/product_brand?post=29476"},{"taxonomy":"product_cat","embeddable":true,"href":"https:\/\/www.libraria-occitana.org\/en\/wp-json\/wp\/v2\/product_cat?post=29476"},{"taxonomy":"product_tag","embeddable":true,"href":"https:\/\/www.libraria-occitana.org\/en\/wp-json\/wp\/v2\/product_tag?post=29476"}],"curies":[{"name":"wp","href":"https:\/\/api.w.org\/{rel}","templated":true}]}}