{"id":29481,"date":"2009-11-10T20:10:53","date_gmt":"2009-11-10T19:10:53","guid":{"rendered":"http:\/\/www.libraria-occitana.org\/all-products\/estivances?lang=en"},"modified":"2026-04-25T02:36:23","modified_gmt":"2026-04-25T00:36:23","slug":"estivances","status":"publish","type":"product","link":"https:\/\/www.libraria-occitana.org\/en\/product\/estivances\/","title":{"rendered":"Estivances"},"content":{"rendered":"<p><strong>Jean Alambre :<\/strong> Chant, paroles et musique<br \/>\n<strong>Jean-Marc Lajudie :<\/strong> Batterie<br \/>\n<strong>Gilles Puyfag\u00e8s :<\/strong> Accord\u00e9on<br \/>\n<strong>J\u00e9r\u00e9mie Astor :<\/strong> Violon, contrebasse, violoncelle, guitare<br \/>\n<strong>Samuel Tardien :<\/strong> Contrebasse<br \/>\n<strong>\u00c9l\u00e9onore Roiff\u00e9 :<\/strong> Violon<br \/>\n<strong>Christopher Dair :<\/strong> Guitare jazz<br \/>\n<strong>St\u00e9phane Veyssi\u00e8re :<\/strong> Vielle \u00e0 roue<\/p>\n<p>\u00ab Des chansons qui sentent bon la campagne, le feu de bois et l\u2019herbe verte. Dans ses textes, les b\u00fbches cr\u00e9pitent, les feuilles bruissent, le vent d\u2019hiver siffle sous les portes. \u00ab Estivances \u00bb est un disque moul\u00e9 dans la nostalgie. \u00bb<\/p>\n<p><strong>Titres :<\/strong><br \/>\n1. Estivances 3&#8217;25<br \/>\n2. La Ballade de la Fille du Vent 3&#8217;08<br \/>\n3. Malik 4&#8217;14<br \/>\n4. Les Artistes 2&#8217;04<br \/>\n5. Les Pav\u00e9s Mouill\u00e9s 2&#8217;21<br \/>\n6. Le Roi des N\u00e9nuphars 3&#8217;49<br \/>\n7. Trauchar lo vent 2&#8217;19<br \/>\n8. Les Dimanches de Province 4&#8217;43<br \/>\n9. Le Triste Sire 5&#8217;05<br \/>\n10. Le No\u00ebl d&#8217;un Chien 2&#8217;54<br \/>\n11. La Source de la Colline 5&#8217;06<br \/>\n12. La Huiti\u00e8me Ordonnance 5&#8217;11<br \/>\n13. L&#8217;Imb\u00e9cile Heureux 3&#8217;10<br \/>\n14. La Vistracat 7&#8217;07<\/p>\n","protected":false},"excerpt":{"rendered":"<p>Jean Alambre : Chant, paroles et musique Jean-Marc Lajudie : Batterie Gilles Puyfag\u00e8s : Accord\u00e9on J\u00e9r\u00e9mie Astor : Violon, contrebasse, violoncelle, guitare Samuel Tardien : Contrebasse \u00c9l\u00e9onore Roiff\u00e9 : Violon Christopher Dair : Guitare jazz St\u00e9phane Veyssi\u00e8re : Vielle \u00e0 roue \u00ab Des chansons qui sentent bon la campagne, le feu de bois et l\u2019herbe [&hellip;]<\/p>\n","protected":false},"featured_media":46053,"template":"","meta":{"_acf_changed":false,"_genesis_hide_title":false,"_genesis_hide_breadcrumbs":false,"_genesis_hide_singular_image":false,"_genesis_hide_footer_widgets":false,"_genesis_custom_body_class":"","_genesis_custom_post_class":"","_genesis_layout":""},"product_brand":[],"product_cat":[7216,7218],"product_tag":[],"class_list":{"0":"post-29481","1":"product","2":"type-product","3":"status-publish","4":"has-post-thumbnail","6":"product_cat-music-en","7":"product_cat-voice-en","8":"pa_auteur-alambre-jean-en","9":"pa_editeur-jean-alambre-en","10":"pa_langue-francais-en","11":"pa_langue-occitan-en","12":"pa_langue-occitan-lemosin-en","13":"entry","15":"first","16":"outofstock","17":"shipping-taxable","18":"purchasable","19":"product-type-simple"},"acf":[],"_links":{"self":[{"href":"https:\/\/www.libraria-occitana.org\/en\/wp-json\/wp\/v2\/product\/29481","targetHints":{"allow":["GET"]}}],"collection":[{"href":"https:\/\/www.libraria-occitana.org\/en\/wp-json\/wp\/v2\/product"}],"about":[{"href":"https:\/\/www.libraria-occitana.org\/en\/wp-json\/wp\/v2\/types\/product"}],"wp:featuredmedia":[{"embeddable":true,"href":"https:\/\/www.libraria-occitana.org\/en\/wp-json\/wp\/v2\/media\/46053"}],"wp:attachment":[{"href":"https:\/\/www.libraria-occitana.org\/en\/wp-json\/wp\/v2\/media?parent=29481"}],"wp:term":[{"taxonomy":"product_brand","embeddable":true,"href":"https:\/\/www.libraria-occitana.org\/en\/wp-json\/wp\/v2\/product_brand?post=29481"},{"taxonomy":"product_cat","embeddable":true,"href":"https:\/\/www.libraria-occitana.org\/en\/wp-json\/wp\/v2\/product_cat?post=29481"},{"taxonomy":"product_tag","embeddable":true,"href":"https:\/\/www.libraria-occitana.org\/en\/wp-json\/wp\/v2\/product_tag?post=29481"}],"curies":[{"name":"wp","href":"https:\/\/api.w.org\/{rel}","templated":true}]}}