{"id":29558,"date":"2009-10-01T18:09:28","date_gmt":"2009-10-01T17:09:28","guid":{"rendered":"http:\/\/www.libraria-occitana.org\/all-products\/richard-coeur-de-lion-le-roi-chevalier?lang=en"},"modified":"2026-04-29T10:05:23","modified_gmt":"2026-04-29T08:05:23","slug":"richard-coeur-de-lion-le-roi-chevalier","status":"publish","type":"product","link":"https:\/\/www.libraria-occitana.org\/en\/product\/richard-coeur-de-lion-le-roi-chevalier\/","title":{"rendered":"Richard C\u0153ur de Lion : Le roi-chevalier"},"content":{"rendered":"<p>Valeureux h\u00e9ros de notre enfance berc\u00e9e par les exploits d&#8217;Ivanho\u00e9 et de Robin des Bois, Richard C\u0153ur de Lion reste \u00e0 jamais (et peut-\u00eatre \u00e0 tort) ce roi d&#8217;Angleterre mythique qui pr\u00e9f\u00e9ra livrer bataille aux infid\u00e8les plut\u00f4t que d&#8217;administrer son immense empire angevin, abandonn\u00e9 \u00e0 ce fr\u00e8re perfide, Jean sans Terre, alli\u00e9 du roi de France Philippe-Auguste.<br \/>\nPour tenter de comprendre comment ce preux crois\u00e9 a pu incarner le parfait mod\u00e8le du roi-chevalier, Jean Flori est revenu aux sources de la l\u00e9gende, \u00e9labor\u00e9e avec un art consomm\u00e9 de la propagande par les chroniqueurs contemporains du roi. H\u00e9ritier des h\u00e9ros des chansons de geste et des romans arthuriens, Richard contribua en effet \u00e0 imposer les valeurs guerri\u00e8res encore en gestation au d\u00e9but de son si\u00e8cle pour les \u00e9tablir en un code d\u00e9ontologique de la chevalerie, voire en un syst\u00e8me de gouvernement.<br \/>\nAu-del\u00e0 du simple exercice biographique, c&#8217;est une histoire in\u00e9dite des mentalit\u00e9s chevaleresques du XIIe si\u00e8cle que l&#8217;auteur nous brosse ici, dans un style \u00e9pique empreint d&#8217;une distance ironique dont il ne se d\u00e9partit jamais, n&#8217;h\u00e9sitant pas \u00e0 tordre le cou \u00e0 maintes id\u00e9es re\u00e7ues.<\/p>\n","protected":false},"excerpt":{"rendered":"<p>Valeureux h\u00e9ros de notre enfance berc\u00e9e par les exploits d&#8217;Ivanho\u00e9 et de Robin des Bois, Richard C\u0153ur de Lion reste \u00e0 jamais (et peut-\u00eatre \u00e0 tort) ce roi d&#8217;Angleterre mythique qui pr\u00e9f\u00e9ra livrer bataille aux infid\u00e8les plut\u00f4t que d&#8217;administrer son immense empire angevin, abandonn\u00e9 \u00e0 ce fr\u00e8re perfide, Jean sans Terre, alli\u00e9 du roi de [&hellip;]<\/p>\n","protected":false},"featured_media":29556,"template":"","meta":{"_acf_changed":false,"_genesis_hide_title":false,"_genesis_hide_breadcrumbs":false,"_genesis_hide_singular_image":false,"_genesis_hide_footer_widgets":false,"_genesis_custom_body_class":"","_genesis_custom_post_class":"","_genesis_layout":""},"product_brand":[],"product_cat":[7132,7148,7160],"product_tag":[],"class_list":{"0":"post-29558","1":"product","2":"type-product","3":"status-publish","4":"has-post-thumbnail","6":"product_cat-books","7":"product_cat-history-geography-en","8":"product_cat-medieval-history-en","9":"pa_auteur-flori-jean-en","10":"pa_editeur-payot-rivages-en","11":"pa_langue-francais-en","12":"entry","14":"first","15":"outofstock","16":"sold-individually","17":"shipping-taxable","18":"purchasable","19":"product-type-simple"},"acf":[],"_links":{"self":[{"href":"https:\/\/www.libraria-occitana.org\/en\/wp-json\/wp\/v2\/product\/29558","targetHints":{"allow":["GET"]}}],"collection":[{"href":"https:\/\/www.libraria-occitana.org\/en\/wp-json\/wp\/v2\/product"}],"about":[{"href":"https:\/\/www.libraria-occitana.org\/en\/wp-json\/wp\/v2\/types\/product"}],"wp:featuredmedia":[{"embeddable":true,"href":"https:\/\/www.libraria-occitana.org\/en\/wp-json\/wp\/v2\/media\/29556"}],"wp:attachment":[{"href":"https:\/\/www.libraria-occitana.org\/en\/wp-json\/wp\/v2\/media?parent=29558"}],"wp:term":[{"taxonomy":"product_brand","embeddable":true,"href":"https:\/\/www.libraria-occitana.org\/en\/wp-json\/wp\/v2\/product_brand?post=29558"},{"taxonomy":"product_cat","embeddable":true,"href":"https:\/\/www.libraria-occitana.org\/en\/wp-json\/wp\/v2\/product_cat?post=29558"},{"taxonomy":"product_tag","embeddable":true,"href":"https:\/\/www.libraria-occitana.org\/en\/wp-json\/wp\/v2\/product_tag?post=29558"}],"curies":[{"name":"wp","href":"https:\/\/api.w.org\/{rel}","templated":true}]}}