{"id":29570,"date":"2016-10-01T18:30:56","date_gmt":"2016-10-01T17:30:56","guid":{"rendered":"http:\/\/www.libraria-occitana.org\/all-products\/la-casquette-rouge?lang=en"},"modified":"2026-04-29T11:11:01","modified_gmt":"2026-04-29T09:11:01","slug":"la-casquette-rouge","status":"publish","type":"product","link":"https:\/\/www.libraria-occitana.org\/en\/product\/la-casquette-rouge\/","title":{"rendered":"La casquette rouge"},"content":{"rendered":"<p>Face \u00e0 l\u2019image st\u00e9r\u00e9otyp\u00e9e et galvaud\u00e9e des contes pour enfants, l\u2019auteure propose, avec \u00ab La casquette rouge \u00bb, celle du loup ami des hommes. Un enfant est perdu dans la neige. Sauv\u00e9 par un loup, il retrouvera sa grand-m\u00e8re. Les ann\u00e9es passent. C\u2019est la guerre et la disette. Une battue est organis\u00e9e. Devant la r\u00e9compense promise, que fera l\u2019enfant devenu grand ? Tr\u00e8s peu de mots, de magnifiques images en noir et blanc, une pointe de rouge, sur fond bistre, de magnifiques regards suffisent \u00e0 cr\u00e9er l\u2019ambiance du drame qui se joue. Pour les enfants, comme pour les adultes, car \u00ab Toutes les histoires sont des histoires de loup. Toutes celles qui valent la peine d\u2019\u00eatre racont\u00e9es, en tout cas. \u00bb (Margaret Atwood)<\/p>\n","protected":false},"excerpt":{"rendered":"<p>Face \u00e0 l\u2019image st\u00e9r\u00e9otyp\u00e9e et galvaud\u00e9e des contes pour enfants, l\u2019auteure propose, avec \u00ab La casquette rouge \u00bb, celle du loup ami des hommes. Un enfant est perdu dans la neige. Sauv\u00e9 par un loup, il retrouvera sa grand-m\u00e8re. Les ann\u00e9es passent. C\u2019est la guerre et la disette. Une battue est organis\u00e9e. Devant la r\u00e9compense [&hellip;]<\/p>\n","protected":false},"featured_media":29568,"template":"","meta":{"_acf_changed":false,"_genesis_hide_title":false,"_genesis_hide_breadcrumbs":false,"_genesis_hide_singular_image":false,"_genesis_hide_footer_widgets":false,"_genesis_custom_body_class":"","_genesis_custom_post_class":"","_genesis_layout":""},"product_brand":[],"product_cat":[7132,7168,7164],"product_tag":[],"class_list":{"0":"post-29570","1":"product","2":"type-product","3":"status-publish","4":"has-post-thumbnail","6":"product_cat-books","7":"product_cat-comics-en","8":"product_cat-juvenile-and-teen-comics-humour-en","9":"pa_auteur-bryant-em-fr-en","10":"pa_editeur-maiade-en","11":"pa_langue-francais-en","12":"entry","14":"first","15":"outofstock","16":"shipping-taxable","17":"purchasable","18":"product-type-simple"},"acf":[],"_links":{"self":[{"href":"https:\/\/www.libraria-occitana.org\/en\/wp-json\/wp\/v2\/product\/29570","targetHints":{"allow":["GET"]}}],"collection":[{"href":"https:\/\/www.libraria-occitana.org\/en\/wp-json\/wp\/v2\/product"}],"about":[{"href":"https:\/\/www.libraria-occitana.org\/en\/wp-json\/wp\/v2\/types\/product"}],"wp:featuredmedia":[{"embeddable":true,"href":"https:\/\/www.libraria-occitana.org\/en\/wp-json\/wp\/v2\/media\/29568"}],"wp:attachment":[{"href":"https:\/\/www.libraria-occitana.org\/en\/wp-json\/wp\/v2\/media?parent=29570"}],"wp:term":[{"taxonomy":"product_brand","embeddable":true,"href":"https:\/\/www.libraria-occitana.org\/en\/wp-json\/wp\/v2\/product_brand?post=29570"},{"taxonomy":"product_cat","embeddable":true,"href":"https:\/\/www.libraria-occitana.org\/en\/wp-json\/wp\/v2\/product_cat?post=29570"},{"taxonomy":"product_tag","embeddable":true,"href":"https:\/\/www.libraria-occitana.org\/en\/wp-json\/wp\/v2\/product_tag?post=29570"}],"curies":[{"name":"wp","href":"https:\/\/api.w.org\/{rel}","templated":true}]}}