{"id":29581,"date":"2014-03-01T18:59:49","date_gmt":"2014-03-01T17:59:49","guid":{"rendered":"http:\/\/www.libraria-occitana.org\/all-products\/dje-baleti?lang=en"},"modified":"2026-04-29T05:21:42","modified_gmt":"2026-04-29T03:21:42","slug":"dje-baleti","status":"publish","type":"product","link":"https:\/\/www.libraria-occitana.org\/en\/product\/dje-baleti\/","title":{"rendered":"Dj\u00e9 bal\u00e8ti"},"content":{"rendered":"<p>Dj\u00e9 Bal\u00e8ti est un groupe de Toulouse. Leur musique est inspir\u00e9e de la \u00ab\u00a0Nissa la Bella\u00a0\u00bb, profond\u00e9ment occitane et m\u00e9diterran\u00e9enne. Ils interpr\u00e8tent un bal occitan teint\u00e9 par le son africain des ann\u00e9es 70s. Le projet, chant\u00e9 en occitan et en fran\u00e7ais, invite au \u00ab vivre ensemble \u00bb.<\/p>\n<p><strong>Titres :<\/strong><br \/>\n1. Estofagarri 4&#8217;45<br \/>\n2. Dj\u00e9bal\u00e8ti 3&#8217;40<br \/>\n3. Populaire 3&#8217;29<br \/>\n4. Li pebreta 5&#8217;01<br \/>\n5. La natura 2&#8217;47<br \/>\n6. La sirena 3&#8217;33<br \/>\n7. Pica doun pica 3&#8217;54<br \/>\n8. Mediterran carribean 3&#8217;40<br \/>\n9. Viva lou bal\u00e8ti 5&#8217;41<br \/>\n10. Nissa 4&#8217;43<br \/>\n11. Fi dj\u00e9 2&#8217;18<\/p>\n","protected":false},"excerpt":{"rendered":"<p>Dj\u00e9 Bal\u00e8ti est un groupe de Toulouse. Leur musique est inspir\u00e9e de la \u00ab\u00a0Nissa la Bella\u00a0\u00bb, profond\u00e9ment occitane et m\u00e9diterran\u00e9enne. Ils interpr\u00e8tent un bal occitan teint\u00e9 par le son africain des ann\u00e9es 70s. Le projet, chant\u00e9 en occitan et en fran\u00e7ais, invite au \u00ab vivre ensemble \u00bb. Titres : 1. Estofagarri 4&#8217;45 2. Dj\u00e9bal\u00e8ti 3&#8217;40 [&hellip;]<\/p>\n","protected":false},"featured_media":29579,"template":"","meta":{"_acf_changed":false,"_genesis_hide_title":false,"_genesis_hide_breadcrumbs":false,"_genesis_hide_singular_image":false,"_genesis_hide_footer_widgets":false,"_genesis_custom_body_class":"","_genesis_custom_post_class":"","_genesis_layout":""},"product_brand":[],"product_cat":[7216,7232],"product_tag":[],"class_list":{"0":"post-29581","1":"product","2":"type-product","3":"status-publish","4":"has-post-thumbnail","6":"product_cat-music-en","7":"product_cat-rock-pop-en","8":"pa_auteur-dje-baleti-en","9":"pa_editeur-helicomusic-en","10":"pa_langue-francais-en","11":"pa_langue-occitan-en","12":"pa_langue-occitan-provencau-en","13":"entry","15":"first","16":"instock","17":"sold-individually","18":"shipping-taxable","19":"purchasable","20":"product-type-simple"},"acf":[],"_links":{"self":[{"href":"https:\/\/www.libraria-occitana.org\/en\/wp-json\/wp\/v2\/product\/29581","targetHints":{"allow":["GET"]}}],"collection":[{"href":"https:\/\/www.libraria-occitana.org\/en\/wp-json\/wp\/v2\/product"}],"about":[{"href":"https:\/\/www.libraria-occitana.org\/en\/wp-json\/wp\/v2\/types\/product"}],"wp:featuredmedia":[{"embeddable":true,"href":"https:\/\/www.libraria-occitana.org\/en\/wp-json\/wp\/v2\/media\/29579"}],"wp:attachment":[{"href":"https:\/\/www.libraria-occitana.org\/en\/wp-json\/wp\/v2\/media?parent=29581"}],"wp:term":[{"taxonomy":"product_brand","embeddable":true,"href":"https:\/\/www.libraria-occitana.org\/en\/wp-json\/wp\/v2\/product_brand?post=29581"},{"taxonomy":"product_cat","embeddable":true,"href":"https:\/\/www.libraria-occitana.org\/en\/wp-json\/wp\/v2\/product_cat?post=29581"},{"taxonomy":"product_tag","embeddable":true,"href":"https:\/\/www.libraria-occitana.org\/en\/wp-json\/wp\/v2\/product_tag?post=29581"}],"curies":[{"name":"wp","href":"https:\/\/api.w.org\/{rel}","templated":true}]}}