{"id":29593,"date":"2016-11-20T19:30:11","date_gmt":"2016-11-20T18:30:11","guid":{"rendered":"http:\/\/www.libraria-occitana.org\/all-products\/retrachs-que-racontes?lang=en"},"modified":"2026-04-29T11:02:04","modified_gmt":"2026-04-29T09:02:04","slug":"retrachs-que-racontes","status":"publish","type":"product","link":"https:\/\/www.libraria-occitana.org\/en\/product\/retrachs-que-racontes\/","title":{"rendered":"Retrachs que racontes"},"content":{"rendered":"<p>Dans sa langue de Combraille, l\u00e0 o\u00f9 le limousin devient de l&#8217;auvergnat, Jaume Chauvin nous livre ici de courts r\u00e9cits mettant en sc\u00e8ne, souvent de fa\u00e7on crue, noire, violente, les petites gens de sa m\u00e9moire, et ce dans une langue \u00e2pre, rugueuse, \u00e0 leur image.<\/p>\n","protected":false},"excerpt":{"rendered":"<p>Dans sa langue de Combraille, l\u00e0 o\u00f9 le limousin devient de l&#8217;auvergnat, Jaume Chauvin nous livre ici de courts r\u00e9cits mettant en sc\u00e8ne, souvent de fa\u00e7on crue, noire, violente, les petites gens de sa m\u00e9moire, et ce dans une langue \u00e2pre, rugueuse, \u00e0 leur image.<\/p>\n","protected":false},"featured_media":29591,"template":"","meta":{"_acf_changed":false,"_genesis_hide_title":false,"_genesis_hide_breadcrumbs":false,"_genesis_hide_singular_image":false,"_genesis_hide_footer_widgets":false,"_genesis_custom_body_class":"","_genesis_custom_post_class":"","_genesis_layout":""},"product_brand":[],"product_cat":[7132,7174,7186],"product_tag":[],"class_list":{"0":"post-29593","1":"product","2":"type-product","3":"status-publish","4":"has-post-thumbnail","6":"product_cat-books","7":"product_cat-literature-en","8":"product_cat-personal-narratives-memoirs-en","9":"pa_auteur-chauvin-jacques-en","10":"pa_editeur-lo-chamin-de-sent-jaume-en","11":"pa_langue-occitan-en","12":"pa_langue-occitan-auvernhat-en","13":"entry","15":"first","16":"instock","17":"shipping-taxable","18":"purchasable","19":"product-type-simple"},"acf":[],"_links":{"self":[{"href":"https:\/\/www.libraria-occitana.org\/en\/wp-json\/wp\/v2\/product\/29593","targetHints":{"allow":["GET"]}}],"collection":[{"href":"https:\/\/www.libraria-occitana.org\/en\/wp-json\/wp\/v2\/product"}],"about":[{"href":"https:\/\/www.libraria-occitana.org\/en\/wp-json\/wp\/v2\/types\/product"}],"wp:featuredmedia":[{"embeddable":true,"href":"https:\/\/www.libraria-occitana.org\/en\/wp-json\/wp\/v2\/media\/29591"}],"wp:attachment":[{"href":"https:\/\/www.libraria-occitana.org\/en\/wp-json\/wp\/v2\/media?parent=29593"}],"wp:term":[{"taxonomy":"product_brand","embeddable":true,"href":"https:\/\/www.libraria-occitana.org\/en\/wp-json\/wp\/v2\/product_brand?post=29593"},{"taxonomy":"product_cat","embeddable":true,"href":"https:\/\/www.libraria-occitana.org\/en\/wp-json\/wp\/v2\/product_cat?post=29593"},{"taxonomy":"product_tag","embeddable":true,"href":"https:\/\/www.libraria-occitana.org\/en\/wp-json\/wp\/v2\/product_tag?post=29593"}],"curies":[{"name":"wp","href":"https:\/\/api.w.org\/{rel}","templated":true}]}}