{"id":29671,"date":"2013-05-03T19:16:36","date_gmt":"2013-05-03T17:16:36","guid":{"rendered":"http:\/\/www.libraria-occitana.org\/all-products\/lamour-au-feminin-les-femmes-troubadours-et-leurs-chansons?lang=en"},"modified":"2026-04-29T10:38:31","modified_gmt":"2026-04-29T08:38:31","slug":"lamour-au-feminin-les-femmes-troubadours-et-leurs-chansons","status":"publish","type":"product","link":"https:\/\/www.libraria-occitana.org\/en\/product\/lamour-au-feminin-les-femmes-troubadours-et-leurs-chansons\/","title":{"rendered":"L&#8217;amour au f\u00e9minin : Les femmes-troubadours et leurs chansons"},"content":{"rendered":"<p>\u00ab Je sais bien que cela m&#8217;est doux,<br \/>\nM\u00eame si l&#8217;on pr\u00e9tend qu&#8217;il ne sied point<br \/>\nQu&#8217;une dame courtise un chevalier<br \/>\nEt lui tienne longtemps de longs discours ;<br \/>\nQui parle ainsi ne conna\u00eet pas la joie,<br \/>\nCar moi avant ma mort je prouverai<br \/>\nQue de prier me donne r\u00e9confort<br \/>\nCelui dont je re\u00e7ois grande douleur.\u00a0\u00bb<\/p>\n<p style=\"text-align: right;\">Na Castelosa<\/p>\n<p>Cet ouvrage, ax\u00e9 sur les <em>trobairitz<\/em> , moins connues que les troubadours, permettra au lecteur de se faire une id\u00e9e d&#8217;une lyrique f\u00e9minine qui, bien qu&#8217;\u00e0 l&#8217;ombre de la production masculine, n&#8217;en est pas moins sp\u00e9cifique et originale.<br \/>\nLe fait remarquable pour l&#8217;\u00e9poque est que les femmes (les femmes de la haute soci\u00e9t\u00e9, bien s\u00fbr) aient eu elles aussi acc\u00e8s \u00e0 cet univers socio-po\u00e9tique, somme toute assez clos, qu&#8217;\u00e9tait le monde troubadouresque ; qu&#8217;elles s&#8217;y soient int\u00e9gr\u00e9es en jouant tour \u00e0 tour leur triple r\u00f4le : celui de <em>d\u00f2mna<\/em> dominatrice, de d\u00e9esse po\u00e9tiquement chant\u00e9e et d&#8217;auditrice complaisante&#8230;<br \/>\nL&#8217;existence des <em>trobairitz<\/em> implique une certaine \u00e9galit\u00e9, une parit\u00e9 (<em>paratge<\/em>) en amour : entre les sexes, entre les classes, entre les sentiments ; l&#8217;amant-po\u00e8te qu\u00e9mandeur de merci (<em>merc\u00e9<\/em>) devient le <em>cavalier<\/em> (chevalier) qu&#8217;elle peut, au moins symboliquement, tenir nu dans ses bras, comme le proclame la plus c\u00e9l\u00e8bre des <em>trobairitz<\/em>, la Comtesse de Die. Introduction et traduction de Pierre Bec. \u00c9dition bilingue occitan-fran\u00e7ais.<\/p>\n","protected":false},"excerpt":{"rendered":"<p>\u00ab Je sais bien que cela m&#8217;est doux, M\u00eame si l&#8217;on pr\u00e9tend qu&#8217;il ne sied point Qu&#8217;une dame courtise un chevalier Et lui tienne longtemps de longs discours ; Qui parle ainsi ne conna\u00eet pas la joie, Car moi avant ma mort je prouverai Que de prier me donne r\u00e9confort Celui dont je re\u00e7ois grande [&hellip;]<\/p>\n","protected":false},"featured_media":29669,"template":"","meta":{"_acf_changed":false,"_genesis_hide_title":false,"_genesis_hide_breadcrumbs":false,"_genesis_hide_singular_image":false,"_genesis_hide_footer_widgets":false,"_genesis_custom_body_class":"","_genesis_custom_post_class":"","_genesis_layout":""},"product_brand":[],"product_cat":[7132,7174],"product_tag":[],"class_list":{"0":"post-29671","1":"product","2":"type-product","3":"status-publish","4":"has-post-thumbnail","6":"product_cat-books","7":"product_cat-literature-en","8":"pa_auteur-bec-peire-en","9":"pa_editeur-federop-en","10":"pa_langue-occitan-medievau-en","11":"pa_langue-occitan-francais-en","12":"entry","14":"first","15":"outofstock","16":"shipping-taxable","17":"purchasable","18":"product-type-simple"},"acf":[],"_links":{"self":[{"href":"https:\/\/www.libraria-occitana.org\/en\/wp-json\/wp\/v2\/product\/29671","targetHints":{"allow":["GET"]}}],"collection":[{"href":"https:\/\/www.libraria-occitana.org\/en\/wp-json\/wp\/v2\/product"}],"about":[{"href":"https:\/\/www.libraria-occitana.org\/en\/wp-json\/wp\/v2\/types\/product"}],"wp:featuredmedia":[{"embeddable":true,"href":"https:\/\/www.libraria-occitana.org\/en\/wp-json\/wp\/v2\/media\/29669"}],"wp:attachment":[{"href":"https:\/\/www.libraria-occitana.org\/en\/wp-json\/wp\/v2\/media?parent=29671"}],"wp:term":[{"taxonomy":"product_brand","embeddable":true,"href":"https:\/\/www.libraria-occitana.org\/en\/wp-json\/wp\/v2\/product_brand?post=29671"},{"taxonomy":"product_cat","embeddable":true,"href":"https:\/\/www.libraria-occitana.org\/en\/wp-json\/wp\/v2\/product_cat?post=29671"},{"taxonomy":"product_tag","embeddable":true,"href":"https:\/\/www.libraria-occitana.org\/en\/wp-json\/wp\/v2\/product_tag?post=29671"}],"curies":[{"name":"wp","href":"https:\/\/api.w.org\/{rel}","templated":true}]}}