{"id":29692,"date":"2013-10-10T17:36:57","date_gmt":"2013-10-10T15:36:57","guid":{"rendered":"http:\/\/www.libraria-occitana.org\/all-products\/cent-poemes-du-sud-poemes-choisis-et-traduits-de-loccitan?lang=en"},"modified":"2026-04-29T10:51:31","modified_gmt":"2026-04-29T08:51:31","slug":"cent-poemes-du-sud-poemes-choisis-et-traduits-de-loccitan","status":"publish","type":"product","link":"https:\/\/www.libraria-occitana.org\/en\/product\/cent-poemes-du-sud-poemes-choisis-et-traduits-de-loccitan\/","title":{"rendered":"Cent po\u00e8mes du Sud"},"content":{"rendered":"<p>Po\u00e8mes choisis et traduits de l&#8217;occitan.<\/p>\n<p>Il existe certes des anthologies ponctuelles de la po\u00e9sie d\u2019oc, mais \u00e0 part celle de Ren\u00e9 Nelli, <em>La po\u00e9sie occitane, des origines a\u0300 nos jours<\/em>, parue en 1972 aux \u00e9ditions S\u00e9ghers et aujourd\u2019hui \u00e9puis\u00e9e, il n\u2019existait pas de floril\u00e8ge qui couvr\u00eet l\u2019ensemble chronologique de la po\u00e9sie occitane, depuis sa gen\u00e8se jusqu\u2019\u00e0 nos jours.<br \/>\nCe livre a donc pour but de combler cette lacune et de totaliser plus de huit si\u00e8cles de cr\u00e9ation po\u00e9tique, dans le temps et dans l\u2019espace, des origines jusqu\u2019aux po\u00e8tes n\u00e9s avant 1950 : soit du Poitevin Guillaume IX, anc\u00eatre des troubadours, n\u00e9 en 1075, au Proven\u00e7al Philippe Gardy, n\u00e9 en 1948. Date butoir arbitraire, c\u2019est certain, d\u2019autant plus que l\u2019aventure po\u00e9tique continue avec des po\u00e8tes comme Sauvaigo, Casanova, Baldit, Bardou, etc. et, \u00e9videmment de l\u2019autre c\u00f4t\u00e9 du Rh\u00f4ne, avec le grand Philippe Delavou\u00ebt : mais il fallait se limiter au nombre retenu, \u00e0 l\u2019instar de nos devanciers ib\u00e9riques, dans le sillage desquels nous nous pla\u00e7ons : soit 100 pi\u00e8ces, uniquement lyriques (les pi\u00e8ces narratives ou burlesques ayant \u00e9t\u00e9 \u00e9cart\u00e9es), r\u00e9parties en l\u2019occurrence sur 75 po\u00e8tes.<br \/>\nChaque po\u00e8te est pr\u00e9c\u00e9d\u00e9 d\u2019une notice biographique. Les textes, de provenance et d\u2019\u00e9poques diverses, ont \u00e9t\u00e9 normalis\u00e9s selon les pr\u00e9ceptes de la graphie dite classique, d\u00e9sormais officielle, sauf les textes proven\u00e7aux post-mistraliens pour lesquels deux \u00e9coles de graphie sont en concurrence ; nous avons donc, par respect de la position des auteurs sur ces questions de graphie, conserv\u00e9, en le signalant, la graphie originelle. Enfin, pour ce qui est de la traduction fran\u00e7aise, elle nous est personnelle, sauf dans le cas o\u00f9 le po\u00e8te est son propre traducteur. Cette traduction, dans la mesure du possible, tout en restant pr\u00e8s du texte, s\u2019efforce de respecter la po\u00e9ticit\u00e9 et la prosodie de l\u2019original.<\/p>\n","protected":false},"excerpt":{"rendered":"<p>Po\u00e8mes choisis et traduits de l&#8217;occitan. Il existe certes des anthologies ponctuelles de la po\u00e9sie d\u2019oc, mais \u00e0 part celle de Ren\u00e9 Nelli, La po\u00e9sie occitane, des origines a\u0300 nos jours, parue en 1972 aux \u00e9ditions S\u00e9ghers et aujourd\u2019hui \u00e9puis\u00e9e, il n\u2019existait pas de floril\u00e8ge qui couvr\u00eet l\u2019ensemble chronologique de la po\u00e9sie occitane, depuis sa [&hellip;]<\/p>\n","protected":false},"featured_media":29690,"template":"","meta":{"_acf_changed":false,"_genesis_hide_title":false,"_genesis_hide_breadcrumbs":false,"_genesis_hide_singular_image":false,"_genesis_hide_footer_widgets":false,"_genesis_custom_body_class":"","_genesis_custom_post_class":"","_genesis_layout":""},"product_brand":[],"product_cat":[7132,7174,7180],"product_tag":[],"class_list":{"0":"post-29692","1":"product","2":"type-product","3":"status-publish","4":"has-post-thumbnail","6":"product_cat-books","7":"product_cat-literature-en","8":"product_cat-poetry-en","9":"pa_auteur-bec-peire-en","10":"pa_editeur-paradigme-en","11":"pa_langue-occitan-francais-en","12":"entry","14":"first","15":"instock","16":"shipping-taxable","17":"purchasable","18":"product-type-simple"},"acf":[],"_links":{"self":[{"href":"https:\/\/www.libraria-occitana.org\/en\/wp-json\/wp\/v2\/product\/29692","targetHints":{"allow":["GET"]}}],"collection":[{"href":"https:\/\/www.libraria-occitana.org\/en\/wp-json\/wp\/v2\/product"}],"about":[{"href":"https:\/\/www.libraria-occitana.org\/en\/wp-json\/wp\/v2\/types\/product"}],"wp:featuredmedia":[{"embeddable":true,"href":"https:\/\/www.libraria-occitana.org\/en\/wp-json\/wp\/v2\/media\/29690"}],"wp:attachment":[{"href":"https:\/\/www.libraria-occitana.org\/en\/wp-json\/wp\/v2\/media?parent=29692"}],"wp:term":[{"taxonomy":"product_brand","embeddable":true,"href":"https:\/\/www.libraria-occitana.org\/en\/wp-json\/wp\/v2\/product_brand?post=29692"},{"taxonomy":"product_cat","embeddable":true,"href":"https:\/\/www.libraria-occitana.org\/en\/wp-json\/wp\/v2\/product_cat?post=29692"},{"taxonomy":"product_tag","embeddable":true,"href":"https:\/\/www.libraria-occitana.org\/en\/wp-json\/wp\/v2\/product_tag?post=29692"}],"curies":[{"name":"wp","href":"https:\/\/api.w.org\/{rel}","templated":true}]}}