{"id":29707,"date":"2011-07-10T17:02:04","date_gmt":"2011-07-10T16:02:04","guid":{"rendered":"http:\/\/www.libraria-occitana.org\/all-products\/loeuvre-de-limoges-et-sa-diffusion-tresors-objets-collections?lang=en"},"modified":"2020-06-12T14:28:01","modified_gmt":"2020-06-12T12:28:01","slug":"loeuvre-de-limoges-et-sa-diffusion-tresors-objets-collections","status":"publish","type":"product","link":"https:\/\/www.libraria-occitana.org\/en\/product\/loeuvre-de-limoges-et-sa-diffusion-tresors-objets-collections\/","title":{"rendered":"L&#8217;\u0152uvre de Limoges et sa diffusion : Tr\u00e9sors, objets, collections"},"content":{"rendered":"<p>Apr\u00e8s la publication du premier tome du <em>Corpus des \u00e9maux m\u00e9ridionaux<\/em> (1987) et la grande exposition r\u00e9trospective co-organis\u00e9e par le mus\u00e9e du Louvre et le Metropolitan Museum of Art de New York (1995-1996), plusieurs \u00e9v\u00e9nements r\u00e9cents autour de l&#8217;\u0152uvre de Limoges viennent souligner l&#8217;int\u00e9r\u00eat toujours grandissant des chercheurs et des passionn\u00e9s pour cette importante production artistique du Moyen \u00c2ge : la r\u00e9ouverture du mus\u00e9e des Beaux-Arts de Limoges avec un nouveau parcours mus\u00e9ographique centr\u00e9 sur sa collection d&#8217;objets \u00e9maill\u00e9s, la mise en ligne du tome 1 du corpus (site de l&#8217;INHA) et surtout, la parution du deuxi\u00e8me volume, le <a title=\"Corpus des \u00e9maux m\u00e9ridionaux tome II : L\u2019apog\u00e9e 1190-1215 (libre + CD-Rom)\" href=\"http:\/\/www.libraria-occitana.org\/all-products\/corpus-des-emaux-meridionaux-tome-ii-lapogee-1190-1215\"><em>Catalogue international de l&#8217;\u0152uvre de Limoges, L&#8217;Apog\u00e9e : 1195-1215<\/em><\/a> sous la direction scientifique du mus\u00e9e du Louvre.<br \/>\nPour toutes ces occasions, le Centre Andr\u00e9-Chastel (UMR 8150 &#8211; universit\u00e9 Paris-Sorbonne) et l&#8217;Institut National d&#8217;Histoire de l&#8217;Art ont d\u00e9cid\u00e9 d&#8217;organiser, le 13 mai 2009, une journ\u00e9e d&#8217;\u00e9tudes consacr\u00e9e \u00e0 <em>L&#8217;\u0152uvre de Limoges : actualit\u00e9 de la recherche<\/em>, afin de faire le point sur les enqu\u00eates les plus r\u00e9centes men\u00e9es sur la production de l&#8217;<em>Opus Lemovicence<\/em>. \u00c0 travers une dizaine d&#8217;interventions, plusieurs axes de recherche ont ainsi pu \u00eatre abord\u00e9s, en lien avec les questionnements actuels de l&#8217;Histoire de l&#8217;Art, tels que la diffusion de l&#8217;\u0152uvre de Limoges dans l&#8217;Europe m\u00e9di\u00e9vale, le go\u00fbt des collectionneurs pour les pi\u00e8ces \u00e9maill\u00e9es aux XIXe et XXe si\u00e8cles ou encore l&#8217;apparition de fausses pi\u00e8ces limousines, contrefa\u00e7ons r\u00e9pondant \u00e0 une demande de plus en plus forte de la part d&#8217;amateurs fortun\u00e9s.<br \/>\nLe pr\u00e9sent ouvrage rassemble donc, pour l&#8217;essentiel, les diff\u00e9rentes communications de cette journ\u00e9e d&#8217;\u00e9tudes. Toutefois, il a \u00e9galement sembl\u00e9 opportun et int\u00e9ressant d&#8217;offrir la possibilit\u00e9 \u00e0 plusieurs autres chercheurs &#8211; qui n&#8217;avaient pu participer au colloque &#8211; de faire part de leurs derni\u00e8res observations sur la production de l&#8217;\u0152uvre de Limoges, production dont le rayonnement a \u00e9t\u00e9 consid\u00e9rable au cours du Moyen \u00c2ge.<\/p>\n","protected":false},"excerpt":{"rendered":"<p>Apr\u00e8s la publication du premier tome du Corpus des \u00e9maux m\u00e9ridionaux (1987) et la grande exposition r\u00e9trospective co-organis\u00e9e par le mus\u00e9e du Louvre et le Metropolitan Museum of Art de New York (1995-1996), plusieurs \u00e9v\u00e9nements r\u00e9cents autour de l&#8217;\u0152uvre de Limoges viennent souligner l&#8217;int\u00e9r\u00eat toujours grandissant des chercheurs et des passionn\u00e9s pour cette importante production [&hellip;]<\/p>\n","protected":false},"featured_media":29705,"template":"","meta":{"_acf_changed":false,"_genesis_hide_title":false,"_genesis_hide_breadcrumbs":false,"_genesis_hide_singular_image":false,"_genesis_hide_footer_widgets":false,"_genesis_custom_body_class":"","_genesis_custom_post_class":"","_genesis_layout":""},"product_brand":[],"product_cat":[7132,7148,7160],"product_tag":[],"class_list":{"0":"post-29707","1":"product","2":"type-product","3":"status-publish","4":"has-post-thumbnail","6":"product_cat-books","7":"product_cat-history-geography-en","8":"product_cat-medieval-history-en","9":"pa_auteur-collectiu-en-2","10":"pa_auteur-tixier-frederic-en","11":"pa_editeur-pu-rennes-en","12":"pa_langue-francais-en","13":"entry","15":"first","16":"outofstock","17":"shipping-taxable","18":"purchasable","19":"product-type-simple"},"acf":[],"_links":{"self":[{"href":"https:\/\/www.libraria-occitana.org\/en\/wp-json\/wp\/v2\/product\/29707","targetHints":{"allow":["GET"]}}],"collection":[{"href":"https:\/\/www.libraria-occitana.org\/en\/wp-json\/wp\/v2\/product"}],"about":[{"href":"https:\/\/www.libraria-occitana.org\/en\/wp-json\/wp\/v2\/types\/product"}],"wp:featuredmedia":[{"embeddable":true,"href":"https:\/\/www.libraria-occitana.org\/en\/wp-json\/wp\/v2\/media\/29705"}],"wp:attachment":[{"href":"https:\/\/www.libraria-occitana.org\/en\/wp-json\/wp\/v2\/media?parent=29707"}],"wp:term":[{"taxonomy":"product_brand","embeddable":true,"href":"https:\/\/www.libraria-occitana.org\/en\/wp-json\/wp\/v2\/product_brand?post=29707"},{"taxonomy":"product_cat","embeddable":true,"href":"https:\/\/www.libraria-occitana.org\/en\/wp-json\/wp\/v2\/product_cat?post=29707"},{"taxonomy":"product_tag","embeddable":true,"href":"https:\/\/www.libraria-occitana.org\/en\/wp-json\/wp\/v2\/product_tag?post=29707"}],"curies":[{"name":"wp","href":"https:\/\/api.w.org\/{rel}","templated":true}]}}