{"id":29735,"date":"2013-07-15T14:20:48","date_gmt":"2013-07-15T13:20:48","guid":{"rendered":"http:\/\/www.libraria-occitana.org\/all-products\/portulan-itinerari-en-orient?lang=en"},"modified":"2026-04-14T22:36:16","modified_gmt":"2026-04-14T20:36:16","slug":"portulan-itinerari-en-orient","status":"publish","type":"product","link":"https:\/\/www.libraria-occitana.org\/en\/product\/portulan-itinerari-en-orient\/","title":{"rendered":"Portulan : itinerari en Orient"},"content":{"rendered":"<p><em>La barrutla : una j\u00f2ga existenciala, l\u2019aventura d\u2019una quista\u2026<\/em><\/p>\n<p><strong>Portulan I<\/strong>, aqu\u00f2\u2019s l\u2019encontre apassionat d\u2019un Occidental amb l\u2019Autre, l\u2019Afganistan rufe, amb sa sensualitat, lo rafinament despolhat de sos p\u00f2bles e de sos des\u00e8rts.<\/p>\n<p><strong>Portulan II<\/strong>, dempu\u00e8i la mis\u00e8ria e los enebriaments de las \u00cdndias, de la man d\u2019ail\u00e0 de las seguretats e de las apar\u00e9ncias, segu\u00eds los camins dels Imalaias, cap a Ladakh, lo Tibet occidentau.<\/p>\n<p>Los dos libres, pareguts en 1978 e 1980, testim\u00f2nian d\u2019una temporada pivelaira, a l\u2019enc\u00f2p present viscut e durada longa de las civilizacions.<\/p>\n<p><strong>Aquesta edicion los recampa. Revista per l\u2019autor, es seguida d\u2019un p\u00f2stf\u00e0ci amb las criticas que salud\u00e8ron aquela votz inausida dins las letras d\u2019\u00f2c.<\/strong><\/p>\n","protected":false},"excerpt":{"rendered":"<p>La barrutla : una j\u00f2ga existenciala, l\u2019aventura d\u2019una quista\u2026 Portulan I, aqu\u00f2\u2019s l\u2019encontre apassionat d\u2019un Occidental amb l\u2019Autre, l\u2019Afganistan rufe, amb sa sensualitat, lo rafinament despolhat de sos p\u00f2bles e de sos des\u00e8rts. Portulan II, dempu\u00e8i la mis\u00e8ria e los enebriaments de las \u00cdndias, de la man d\u2019ail\u00e0 de las seguretats e de las apar\u00e9ncias, [&hellip;]<\/p>\n","protected":false},"featured_media":29733,"template":"","meta":{"_acf_changed":false,"_genesis_hide_title":false,"_genesis_hide_breadcrumbs":false,"_genesis_hide_singular_image":false,"_genesis_hide_footer_widgets":false,"_genesis_custom_body_class":"","_genesis_custom_post_class":"","_genesis_layout":""},"product_brand":[],"product_cat":[7132,7174,7186],"product_tag":[],"class_list":{"0":"post-29735","1":"product","2":"type-product","3":"status-publish","4":"has-post-thumbnail","6":"product_cat-books","7":"product_cat-literature-en","8":"product_cat-personal-narratives-memoirs-en","9":"pa_auteur-pecout-roland-en","10":"pa_editeur-vent-terral-en","11":"pa_langue-occitan-en","12":"pa_langue-occitan-provencau-en","13":"entry","15":"first","16":"instock","17":"shipping-taxable","18":"purchasable","19":"product-type-simple"},"acf":[],"_links":{"self":[{"href":"https:\/\/www.libraria-occitana.org\/en\/wp-json\/wp\/v2\/product\/29735","targetHints":{"allow":["GET"]}}],"collection":[{"href":"https:\/\/www.libraria-occitana.org\/en\/wp-json\/wp\/v2\/product"}],"about":[{"href":"https:\/\/www.libraria-occitana.org\/en\/wp-json\/wp\/v2\/types\/product"}],"wp:featuredmedia":[{"embeddable":true,"href":"https:\/\/www.libraria-occitana.org\/en\/wp-json\/wp\/v2\/media\/29733"}],"wp:attachment":[{"href":"https:\/\/www.libraria-occitana.org\/en\/wp-json\/wp\/v2\/media?parent=29735"}],"wp:term":[{"taxonomy":"product_brand","embeddable":true,"href":"https:\/\/www.libraria-occitana.org\/en\/wp-json\/wp\/v2\/product_brand?post=29735"},{"taxonomy":"product_cat","embeddable":true,"href":"https:\/\/www.libraria-occitana.org\/en\/wp-json\/wp\/v2\/product_cat?post=29735"},{"taxonomy":"product_tag","embeddable":true,"href":"https:\/\/www.libraria-occitana.org\/en\/wp-json\/wp\/v2\/product_tag?post=29735"}],"curies":[{"name":"wp","href":"https:\/\/api.w.org\/{rel}","templated":true}]}}