{"id":29771,"date":"1997-10-24T17:25:39","date_gmt":"1997-10-24T16:25:39","guid":{"rendered":"http:\/\/www.libraria-occitana.org\/all-products\/vieilles-coutumes-devotieuses-et-magiques-du-perigord?lang=en"},"modified":"2026-04-29T10:47:02","modified_gmt":"2026-04-29T08:47:02","slug":"vieilles-coutumes-devotieuses-et-magiques-du-perigord","status":"publish","type":"product","link":"https:\/\/www.libraria-occitana.org\/en\/product\/vieilles-coutumes-devotieuses-et-magiques-du-perigord\/","title":{"rendered":"Vieilles coutumes d\u00e9votieuses et magiques du P\u00e9rigord"},"content":{"rendered":"<p>Voici un ouvrage qui compte dans l&#8217;historiographie du P\u00e9rigord. Il compte d&#8217;abord par le propos de son auteur qui, minutieusement, a glan\u00e9 les t\u00e9moignages de toute nature sur les croyances locales en un moment o\u00f9 il a eu le sentiment que ce monde rural qu&#8217;il c\u00f4toyait \u00e9tait menac\u00e9 d&#8217;une prochaine disparition. Et le regard qu&#8217;il porte sur ce vieux fond de tradition dans lesquelles s&#8217;enracine l&#8217;\u00e2me p\u00e9rigorde est tout aussi nouveau : il ne s&#8217;agit plus de s\u00e9parer \u00e0 tout prix le bon grain de l&#8217;ivraie, les gestes pieux des infernales pratiques magiques, mais bien de d\u00e9couvrir l&#8217;originalit\u00e9 d&#8217;un comportement religieux fait d&#8217;emprunts aux croyances pa\u00efennes et celtes comme de gestes consacr\u00e9s par une christianisation qui s&#8217;est faite accueillante aux usages pieux des terres o\u00f9 elle s&#8217;implantait. Au reste, l&#8217;expression religieuse de ce monde rural a son autonomie et la seule erreur contre laquelle nous pr\u00e9munit l&#8217;auteur serait celle de ne voir que superstitions l\u00e0 o\u00f9 nous nous trouvons en pr\u00e9sence d&#8217;un langage dont le sens profond nous \u00e9chappe.<\/p>\n","protected":false},"excerpt":{"rendered":"<p>Voici un ouvrage qui compte dans l&#8217;historiographie du P\u00e9rigord. Il compte d&#8217;abord par le propos de son auteur qui, minutieusement, a glan\u00e9 les t\u00e9moignages de toute nature sur les croyances locales en un moment o\u00f9 il a eu le sentiment que ce monde rural qu&#8217;il c\u00f4toyait \u00e9tait menac\u00e9 d&#8217;une prochaine disparition. Et le regard qu&#8217;il [&hellip;]<\/p>\n","protected":false},"featured_media":29769,"template":"","meta":{"_acf_changed":false,"_genesis_hide_title":false,"_genesis_hide_breadcrumbs":false,"_genesis_hide_singular_image":false,"_genesis_hide_footer_widgets":false,"_genesis_custom_body_class":"","_genesis_custom_post_class":"","_genesis_layout":""},"product_brand":[],"product_cat":[7132,7208,7206],"product_tag":[],"class_list":{"0":"post-29771","1":"product","2":"type-product","3":"status-publish","4":"has-post-thumbnail","6":"product_cat-books","7":"product_cat-customs-rites-and-beliefs-en","8":"product_cat-traditions-heritage-en","9":"pa_auteur-rocal-georges-en","10":"pa_editeur-fanlac-en","11":"pa_illustrateur-albe-maurice-en","12":"pa_langue-francais-en","13":"entry","15":"first","16":"outofstock","17":"shipping-taxable","18":"purchasable","19":"product-type-simple"},"acf":[],"_links":{"self":[{"href":"https:\/\/www.libraria-occitana.org\/en\/wp-json\/wp\/v2\/product\/29771","targetHints":{"allow":["GET"]}}],"collection":[{"href":"https:\/\/www.libraria-occitana.org\/en\/wp-json\/wp\/v2\/product"}],"about":[{"href":"https:\/\/www.libraria-occitana.org\/en\/wp-json\/wp\/v2\/types\/product"}],"wp:featuredmedia":[{"embeddable":true,"href":"https:\/\/www.libraria-occitana.org\/en\/wp-json\/wp\/v2\/media\/29769"}],"wp:attachment":[{"href":"https:\/\/www.libraria-occitana.org\/en\/wp-json\/wp\/v2\/media?parent=29771"}],"wp:term":[{"taxonomy":"product_brand","embeddable":true,"href":"https:\/\/www.libraria-occitana.org\/en\/wp-json\/wp\/v2\/product_brand?post=29771"},{"taxonomy":"product_cat","embeddable":true,"href":"https:\/\/www.libraria-occitana.org\/en\/wp-json\/wp\/v2\/product_cat?post=29771"},{"taxonomy":"product_tag","embeddable":true,"href":"https:\/\/www.libraria-occitana.org\/en\/wp-json\/wp\/v2\/product_tag?post=29771"}],"curies":[{"name":"wp","href":"https:\/\/api.w.org\/{rel}","templated":true}]}}