{"id":29787,"date":"2007-07-24T18:43:28","date_gmt":"2007-07-24T17:43:28","guid":{"rendered":"http:\/\/www.libraria-occitana.org\/all-products\/lo-pont-e-autras-novelas?lang=en"},"modified":"2026-04-03T05:36:53","modified_gmt":"2026-04-03T03:36:53","slug":"lo-pont-e-autras-novelas","status":"publish","type":"product","link":"https:\/\/www.libraria-occitana.org\/en\/product\/lo-pont-e-autras-novelas\/","title":{"rendered":"Lo pont e autras novelas"},"content":{"rendered":"<p>Lo president a vita virava l&#8217;eschina a sos ministres. Espiava drech davant se, sens dire mot, tras la vitra de son bureu. Un rund sord, una mena de jepa-japa f\u00f2r\u00e7a luenh, gaireben estofat, arribava jusc&#8217;a las aurelhas de sos conselhiers silenci\u00f3s. S&#8217;esperavan que lo President decidesse una novela campanha sanit\u00e0ria e desj\u00e0 se preparavan a donar daus \u00f2rdres en consequ\u00e9ncia. Mas queste jorn lo President a vita parlet de chausa ben autra.<br \/>\n&#8211; Anem bastir un pont, \u00e7\u00f2-ditz sens se desvirar.<\/p>\n","protected":false},"excerpt":{"rendered":"<p>Lo president a vita virava l&#8217;eschina a sos ministres. Espiava drech davant se, sens dire mot, tras la vitra de son bureu. Un rund sord, una mena de jepa-japa f\u00f2r\u00e7a luenh, gaireben estofat, arribava jusc&#8217;a las aurelhas de sos conselhiers silenci\u00f3s. S&#8217;esperavan que lo President decidesse una novela campanha sanit\u00e0ria e desj\u00e0 se preparavan a [&hellip;]<\/p>\n","protected":false},"featured_media":29785,"template":"","meta":{"_acf_changed":false,"_genesis_hide_title":false,"_genesis_hide_breadcrumbs":false,"_genesis_hide_singular_image":false,"_genesis_hide_footer_widgets":false,"_genesis_custom_body_class":"","_genesis_custom_post_class":"","_genesis_layout":""},"product_brand":[],"product_cat":[7132,7174,7182],"product_tag":[],"class_list":{"0":"post-29787","1":"product","2":"type-product","3":"status-publish","4":"has-post-thumbnail","6":"product_cat-books","7":"product_cat-literature-en","8":"product_cat-novels-short-stories-en","9":"pa_auteur-ros-esteve-en","10":"pa_editeur-ieo-perigord-novelum-en","11":"pa_langue-occitan-en","12":"pa_langue-occitan-lemosin-en","13":"entry","15":"first","16":"instock","17":"shipping-taxable","18":"purchasable","19":"product-type-simple"},"acf":[],"_links":{"self":[{"href":"https:\/\/www.libraria-occitana.org\/en\/wp-json\/wp\/v2\/product\/29787","targetHints":{"allow":["GET"]}}],"collection":[{"href":"https:\/\/www.libraria-occitana.org\/en\/wp-json\/wp\/v2\/product"}],"about":[{"href":"https:\/\/www.libraria-occitana.org\/en\/wp-json\/wp\/v2\/types\/product"}],"wp:featuredmedia":[{"embeddable":true,"href":"https:\/\/www.libraria-occitana.org\/en\/wp-json\/wp\/v2\/media\/29785"}],"wp:attachment":[{"href":"https:\/\/www.libraria-occitana.org\/en\/wp-json\/wp\/v2\/media?parent=29787"}],"wp:term":[{"taxonomy":"product_brand","embeddable":true,"href":"https:\/\/www.libraria-occitana.org\/en\/wp-json\/wp\/v2\/product_brand?post=29787"},{"taxonomy":"product_cat","embeddable":true,"href":"https:\/\/www.libraria-occitana.org\/en\/wp-json\/wp\/v2\/product_cat?post=29787"},{"taxonomy":"product_tag","embeddable":true,"href":"https:\/\/www.libraria-occitana.org\/en\/wp-json\/wp\/v2\/product_tag?post=29787"}],"curies":[{"name":"wp","href":"https:\/\/api.w.org\/{rel}","templated":true}]}}