{"id":29823,"date":"2005-01-29T18:19:57","date_gmt":"2005-01-29T17:19:57","guid":{"rendered":"http:\/\/www.libraria-occitana.org\/all-products\/un-siecle-militant-engagements-resistances-et-memoires-au-xxe-siecle-en-limousin?lang=en"},"modified":"2026-04-25T22:31:40","modified_gmt":"2026-04-25T20:31:40","slug":"un-siecle-militant-engagements-resistances-et-memoires-au-xxe-siecle-en-limousin","status":"publish","type":"product","link":"https:\/\/www.libraria-occitana.org\/en\/product\/un-siecle-militant-engagements-resistances-et-memoires-au-xxe-siecle-en-limousin\/","title":{"rendered":"Un si\u00e8cle militant : Engagement(s), R\u00e9sistance(s) et M\u00e9moire(s) au XXe si\u00e8cle en Limousin"},"content":{"rendered":"<p>L\u2019ouvrage rassemble les sept conf\u00e9rences tenues dans le cadre de l\u2019exposition &#8220;un si\u00e8cle militant. Les lieux de la m\u00e9moire militante en Limousin au 20e si\u00e8cle&#8221;. Il analyse les diff\u00e9rentes formes d\u2019engagements militants \u2014 la politique, le syndicalisme, la r\u00e9sistance \u2014 et la construction des identit\u00e9s et des m\u00e9moires qui en sont le fruit. Que ce soit dans le cadre de l\u2019usine, du maquis, de l\u2019espace urbain, du cadre quotidien, ou \u00e0 travers des symboles, des luttes, des sentiments d\u2019appartenance, se fa\u00e7onnent des comportements et s\u2019affirment des engagements politiques. Se sont ainsi b\u00e2ties au cours du 20e si\u00e8cle nombre d\u2019identit\u00e9s collectives, tant sociales que locales. Des ouvriers immigr\u00e9s \u00e9difiant des barrages en Corr\u00e8ze aux porcelainiers barricadiers de 1905, en passant par les martyrs de Tulle, les maquisards de la montagne limousine, les gantiers libertaires de Saint-Junien, les syndicalistes de la Saviem ou encore les mineurs italiens de Creuse, se dessinent les portraits des acteurs d\u2019une terre rebelle aux facettes parfois m\u00e9connues.<\/p>\n","protected":false},"excerpt":{"rendered":"<p>L\u2019ouvrage rassemble les sept conf\u00e9rences tenues dans le cadre de l\u2019exposition &#8220;un si\u00e8cle militant. Les lieux de la m\u00e9moire militante en Limousin au 20e si\u00e8cle&#8221;. Il analyse les diff\u00e9rentes formes d\u2019engagements militants \u2014 la politique, le syndicalisme, la r\u00e9sistance \u2014 et la construction des identit\u00e9s et des m\u00e9moires qui en sont le fruit. Que ce [&hellip;]<\/p>\n","protected":false},"featured_media":29821,"template":"","meta":{"_acf_changed":false,"_genesis_hide_title":false,"_genesis_hide_breadcrumbs":false,"_genesis_hide_singular_image":false,"_genesis_hide_footer_widgets":false,"_genesis_custom_body_class":"","_genesis_custom_post_class":"","_genesis_layout":""},"product_brand":[],"product_cat":[7132,7148,7158],"product_tag":[],"class_list":{"0":"post-29823","1":"product","2":"type-product","3":"status-publish","4":"has-post-thumbnail","6":"product_cat-books","7":"product_cat-history-geography-en","8":"product_cat-modern-and-contemporary-history-en","9":"pa_auteur-brousse-vincent-en","10":"pa_auteur-collectiu-en-2","11":"pa_auteur-grandcoing-philippe-en","12":"pa_editeur-pu-limoges-en","13":"pa_langue-francais-en","14":"entry","16":"first","17":"outofstock","18":"shipping-taxable","19":"purchasable","20":"product-type-simple"},"acf":[],"_links":{"self":[{"href":"https:\/\/www.libraria-occitana.org\/en\/wp-json\/wp\/v2\/product\/29823","targetHints":{"allow":["GET"]}}],"collection":[{"href":"https:\/\/www.libraria-occitana.org\/en\/wp-json\/wp\/v2\/product"}],"about":[{"href":"https:\/\/www.libraria-occitana.org\/en\/wp-json\/wp\/v2\/types\/product"}],"wp:featuredmedia":[{"embeddable":true,"href":"https:\/\/www.libraria-occitana.org\/en\/wp-json\/wp\/v2\/media\/29821"}],"wp:attachment":[{"href":"https:\/\/www.libraria-occitana.org\/en\/wp-json\/wp\/v2\/media?parent=29823"}],"wp:term":[{"taxonomy":"product_brand","embeddable":true,"href":"https:\/\/www.libraria-occitana.org\/en\/wp-json\/wp\/v2\/product_brand?post=29823"},{"taxonomy":"product_cat","embeddable":true,"href":"https:\/\/www.libraria-occitana.org\/en\/wp-json\/wp\/v2\/product_cat?post=29823"},{"taxonomy":"product_tag","embeddable":true,"href":"https:\/\/www.libraria-occitana.org\/en\/wp-json\/wp\/v2\/product_tag?post=29823"}],"curies":[{"name":"wp","href":"https:\/\/api.w.org\/{rel}","templated":true}]}}