{"id":29867,"date":"2006-04-04T16:36:28","date_gmt":"2006-04-04T15:36:28","guid":{"rendered":"http:\/\/www.libraria-occitana.org\/all-products\/lo-balestrier-de-miramont?lang=en"},"modified":"2026-04-29T06:16:17","modified_gmt":"2026-04-29T04:16:17","slug":"lo-balestrier-de-miramont","status":"publish","type":"product","link":"https:\/\/www.libraria-occitana.org\/en\/product\/lo-balestrier-de-miramont\/","title":{"rendered":"Lo balestri\u00e8r de Miramont"},"content":{"rendered":"<blockquote>\n<p>Sul planast\u00e8l de la Calmesi\u00e1, \u00e8ran plan un cinquantenat, los que montavan al cast\u00e8l de Miramont, en traversant lo vialtge dels Sarrasins, dins lo calabrun d\u2019un ser de davalada.<br \/>\nLo mond \u00e8ran def\u00f2ra per v\u00e9ser aqueles \u00f2mes armats e feluts coma de lops vi\u00e8lhs, trempes d\u2019aver gasat Viaur, cargats de sacas e d\u2019arcas de totas menas, que butavan a c\u00f2ps de p\u00e8s e de ponhs un \u00f2me e do\u00e1s femnas joves mi\u00e8jas nudas, totes estacats pel c\u00f2l amb un cord\u00e8l coma s\u2019\u00e8ran de ved\u00e8ls. Aquel an de gr\u00e0cia 6 \u2013 quina gr\u00e0cia ? \u2013 de 1374, los roti\u00e8rs de Berengui\u00e8r l\u2019Albig\u00f2t tornavan de \u00e7\u00f2 que sonavan \u00ab la ca\u00e7a \u00bb. Reputat per sa dexteritat a la bal\u00e8stra, lo b\u00e8l e ferotge Berengui\u00e8r amagava un secr\u00e8t&#8230;<\/p>\n<\/blockquote>\n<p>Le livre traduit en fran\u00e7ais : <a href=\"http:\/\/www.libraria-occitana.org\/produit\/viaur-lombre-douce-de-la-nuit-larbaletrier-de-miramont\/\"><em>Viaur :\u00a0L\u2019ombre douce de la nuit \/\u00a0L\u2019arbal\u00e9trier de Miramont<\/em><\/a><\/p>\n","protected":false},"excerpt":{"rendered":"<p>Sul planast\u00e8l de la Calmesi\u00e1, \u00e8ran plan un cinquantenat, los que montavan al cast\u00e8l de Miramont, en traversant lo vialtge dels Sarrasins, dins lo calabrun d\u2019un ser de davalada. Lo mond \u00e8ran def\u00f2ra per v\u00e9ser aqueles \u00f2mes armats e feluts coma de lops vi\u00e8lhs, trempes d\u2019aver gasat Viaur, cargats de sacas e d\u2019arcas de totas [&hellip;]<\/p>\n","protected":false},"featured_media":29864,"template":"","meta":{"_acf_changed":false,"_genesis_hide_title":false,"_genesis_hide_breadcrumbs":false,"_genesis_hide_singular_image":false,"_genesis_hide_footer_widgets":false,"_genesis_custom_body_class":"","_genesis_custom_post_class":"","_genesis_layout":""},"product_brand":[],"product_cat":[7132,7174,7182],"product_tag":[],"class_list":{"0":"post-29867","1":"product","2":"type-product","3":"status-publish","4":"has-post-thumbnail","6":"product_cat-books","7":"product_cat-literature-en","8":"product_cat-novels-short-stories-en","9":"pa_auteur-marti-robert-en","10":"pa_editeur-ieo-fr-en","11":"pa_langue-occitan-en","12":"pa_langue-occitan-lengadocian-en","13":"entry","15":"first","16":"outofstock","17":"shipping-taxable","18":"purchasable","19":"product-type-simple"},"acf":[],"_links":{"self":[{"href":"https:\/\/www.libraria-occitana.org\/en\/wp-json\/wp\/v2\/product\/29867","targetHints":{"allow":["GET"]}}],"collection":[{"href":"https:\/\/www.libraria-occitana.org\/en\/wp-json\/wp\/v2\/product"}],"about":[{"href":"https:\/\/www.libraria-occitana.org\/en\/wp-json\/wp\/v2\/types\/product"}],"wp:featuredmedia":[{"embeddable":true,"href":"https:\/\/www.libraria-occitana.org\/en\/wp-json\/wp\/v2\/media\/29864"}],"wp:attachment":[{"href":"https:\/\/www.libraria-occitana.org\/en\/wp-json\/wp\/v2\/media?parent=29867"}],"wp:term":[{"taxonomy":"product_brand","embeddable":true,"href":"https:\/\/www.libraria-occitana.org\/en\/wp-json\/wp\/v2\/product_brand?post=29867"},{"taxonomy":"product_cat","embeddable":true,"href":"https:\/\/www.libraria-occitana.org\/en\/wp-json\/wp\/v2\/product_cat?post=29867"},{"taxonomy":"product_tag","embeddable":true,"href":"https:\/\/www.libraria-occitana.org\/en\/wp-json\/wp\/v2\/product_tag?post=29867"}],"curies":[{"name":"wp","href":"https:\/\/api.w.org\/{rel}","templated":true}]}}