{"id":29877,"date":"2016-10-04T18:03:15","date_gmt":"2016-10-04T17:03:15","guid":{"rendered":"http:\/\/www.libraria-occitana.org\/all-products\/lo-lop-dirati?lang=en"},"modified":"2026-04-29T10:42:43","modified_gmt":"2026-04-29T08:42:43","slug":"lo-lop-dirati","status":"publish","type":"product","link":"https:\/\/www.libraria-occitana.org\/en\/product\/lo-lop-dirati\/","title":{"rendered":"Lo lop d&#8217;Irati"},"content":{"rendered":"<p>Darius, neuf ans et demi, et son cousin L\u00e9ni, huit ans, sont en vacances pour une semaine avec leurs parents au chalet d\u2019Iraty dans la Soule. \u00c0 l\u2019occasion de leur premi\u00e8re sortie en montagne, ils croient avoir vu un loup. Les gar\u00e7ons pensent avoir r\u00eav\u00e9 car ils retourneront voir la b\u00eate&#8230;<br \/>\nDes personnages bien connus dans la r\u00e9gion, le d\u00e9put\u00e9 Jean Laplace et le militant \u00e9cologiste Eric Pelentin, sont invit\u00e9s dans cette histoire, l\u2019un condamne et l\u2019autre d\u00e9fend le loup.<br \/>\nEst-ce que ce petit conte ne serait pas un brin pr\u00e9monitoire, puisque les loups d\u2019Italie sont proches du B\u00e9arn, sans oublier ceux qui se multiplient dans la Cordill\u00e8re Cantabrique espagnole ?<\/p>\n","protected":false},"excerpt":{"rendered":"<p>Darius, neuf ans et demi, et son cousin L\u00e9ni, huit ans, sont en vacances pour une semaine avec leurs parents au chalet d\u2019Iraty dans la Soule. \u00c0 l\u2019occasion de leur premi\u00e8re sortie en montagne, ils croient avoir vu un loup. Les gar\u00e7ons pensent avoir r\u00eav\u00e9 car ils retourneront voir la b\u00eate&#8230; Des personnages bien connus [&hellip;]<\/p>\n","protected":false},"featured_media":29848,"template":"","meta":{"_acf_changed":false,"_genesis_hide_title":false,"_genesis_hide_breadcrumbs":false,"_genesis_hide_singular_image":false,"_genesis_hide_footer_widgets":false,"_genesis_custom_body_class":"","_genesis_custom_post_class":"","_genesis_layout":""},"product_brand":[],"product_cat":[7132,7164,7166],"product_tag":[],"class_list":{"0":"post-29877","1":"product","2":"type-product","3":"status-publish","4":"has-post-thumbnail","6":"product_cat-books","7":"product_cat-juvenile-and-teen-comics-humour-en","8":"product_cat-teen-en","9":"pa_auteur-abbadie-marcel-en","10":"pa_editeur-ieo-fr-en","11":"pa_langue-occitan-en","12":"pa_langue-occitan-gascon-en","13":"entry","15":"first","16":"instock","17":"shipping-taxable","18":"purchasable","19":"product-type-simple"},"acf":[],"_links":{"self":[{"href":"https:\/\/www.libraria-occitana.org\/en\/wp-json\/wp\/v2\/product\/29877","targetHints":{"allow":["GET"]}}],"collection":[{"href":"https:\/\/www.libraria-occitana.org\/en\/wp-json\/wp\/v2\/product"}],"about":[{"href":"https:\/\/www.libraria-occitana.org\/en\/wp-json\/wp\/v2\/types\/product"}],"wp:featuredmedia":[{"embeddable":true,"href":"https:\/\/www.libraria-occitana.org\/en\/wp-json\/wp\/v2\/media\/29848"}],"wp:attachment":[{"href":"https:\/\/www.libraria-occitana.org\/en\/wp-json\/wp\/v2\/media?parent=29877"}],"wp:term":[{"taxonomy":"product_brand","embeddable":true,"href":"https:\/\/www.libraria-occitana.org\/en\/wp-json\/wp\/v2\/product_brand?post=29877"},{"taxonomy":"product_cat","embeddable":true,"href":"https:\/\/www.libraria-occitana.org\/en\/wp-json\/wp\/v2\/product_cat?post=29877"},{"taxonomy":"product_tag","embeddable":true,"href":"https:\/\/www.libraria-occitana.org\/en\/wp-json\/wp\/v2\/product_tag?post=29877"}],"curies":[{"name":"wp","href":"https:\/\/api.w.org\/{rel}","templated":true}]}}