{"id":29899,"date":"2017-03-07T10:23:27","date_gmt":"2017-03-07T09:23:27","guid":{"rendered":"http:\/\/www.libraria-occitana.org\/all-products\/la-belle-epoque-des-pilleurs-deglises?lang=en"},"modified":"2026-04-26T01:16:21","modified_gmt":"2026-04-25T23:16:21","slug":"la-belle-epoque-des-pilleurs-deglises","status":"publish","type":"product","link":"https:\/\/www.libraria-occitana.org\/en\/product\/la-belle-epoque-des-pilleurs-deglises\/","title":{"rendered":"La Belle \u00c9poque des pilleurs d&#8217;\u00e9glises"},"content":{"rendered":"<p>Perp\u00e9tr\u00e9s entre 1904 et 1907, les vols de la \u00ab bande \u00e0 Thomas \u00bb d\u00e9fraient la chronique de la Belle \u00c9poque. Essentiellement commis dans des \u00e9glises, en Limousin et en Auvergne, ils attirent l\u2019attention du public sur un patrimoine particuli\u00e8rement convoit\u00e9, celui des \u00e9maux m\u00e9di\u00e9vaux, t\u00e9moignages exceptionnels du rayonnement de L\u2019\u0152uvre de Limoges dans l\u2019Europe m\u00e9di\u00e9vale.<br \/>\n\u00c0 l\u2019heure o\u00f9 se d\u00e9veloppe une culture de masse en ce d\u00e9but de XXe si\u00e8cle, ces faits divers sensationnels b\u00e9n\u00e9ficient d\u2019une forte exposition m\u00e9diatique, nationale, voire internationale. Au-del\u00e0 de la simple chronique criminelle, les m\u00e9faits de ces \u00ab pilleurs d\u2019\u00e9glises \u00bb permettent d\u2019\u00e9tudier un \u00e9pisode oubli\u00e9 de l\u2019histoire du patrimoine en France, lorsque se conjuguaient volont\u00e9 de protection de l\u2019\u00c9tat, int\u00e9r\u00eat du public, avidit\u00e9 des collectionneurs, notori\u00e9t\u00e9 croissante des \u0153uvres et enjeux politiques autour de la loi de 1905.<br \/>\nCes faits divers offrent aussi, gr\u00e2ce \u00e0 la richesse des sources, la possibilit\u00e9 pour le lecteur de se plonger dans le monde m\u00e9connu des trafics d\u2019\u0153uvres d\u2019art et de comprendre les enjeux d\u2019une question qui, en son temps, suscita de nombreux d\u00e9bats politiques et inspira certaines des aventures d\u2019Ars\u00e8ne Lupin.<\/p>\n","protected":false},"excerpt":{"rendered":"<p>Perp\u00e9tr\u00e9s entre 1904 et 1907, les vols de la \u00ab bande \u00e0 Thomas \u00bb d\u00e9fraient la chronique de la Belle \u00c9poque. Essentiellement commis dans des \u00e9glises, en Limousin et en Auvergne, ils attirent l\u2019attention du public sur un patrimoine particuli\u00e8rement convoit\u00e9, celui des \u00e9maux m\u00e9di\u00e9vaux, t\u00e9moignages exceptionnels du rayonnement de L\u2019\u0152uvre de Limoges dans l\u2019Europe [&hellip;]<\/p>\n","protected":false},"featured_media":29897,"template":"","meta":{"_acf_changed":false,"_genesis_hide_title":false,"_genesis_hide_breadcrumbs":false,"_genesis_hide_singular_image":false,"_genesis_hide_footer_widgets":false,"_genesis_custom_body_class":"","_genesis_custom_post_class":"","_genesis_layout":""},"product_brand":[],"product_cat":[7132,7148,7158],"product_tag":[],"class_list":{"0":"post-29899","1":"product","2":"type-product","3":"status-publish","4":"has-post-thumbnail","6":"product_cat-books","7":"product_cat-history-geography-en","8":"product_cat-modern-and-contemporary-history-en","9":"pa_auteur-brousse-vincent-en","10":"pa_auteur-grandcoing-philippe-en","11":"pa_editeur-les-ardents-editeurs-en","12":"pa_langue-francais-en","13":"entry","15":"first","16":"instock","17":"shipping-taxable","18":"purchasable","19":"product-type-simple"},"acf":[],"_links":{"self":[{"href":"https:\/\/www.libraria-occitana.org\/en\/wp-json\/wp\/v2\/product\/29899","targetHints":{"allow":["GET"]}}],"collection":[{"href":"https:\/\/www.libraria-occitana.org\/en\/wp-json\/wp\/v2\/product"}],"about":[{"href":"https:\/\/www.libraria-occitana.org\/en\/wp-json\/wp\/v2\/types\/product"}],"wp:featuredmedia":[{"embeddable":true,"href":"https:\/\/www.libraria-occitana.org\/en\/wp-json\/wp\/v2\/media\/29897"}],"wp:attachment":[{"href":"https:\/\/www.libraria-occitana.org\/en\/wp-json\/wp\/v2\/media?parent=29899"}],"wp:term":[{"taxonomy":"product_brand","embeddable":true,"href":"https:\/\/www.libraria-occitana.org\/en\/wp-json\/wp\/v2\/product_brand?post=29899"},{"taxonomy":"product_cat","embeddable":true,"href":"https:\/\/www.libraria-occitana.org\/en\/wp-json\/wp\/v2\/product_cat?post=29899"},{"taxonomy":"product_tag","embeddable":true,"href":"https:\/\/www.libraria-occitana.org\/en\/wp-json\/wp\/v2\/product_tag?post=29899"}],"curies":[{"name":"wp","href":"https:\/\/api.w.org\/{rel}","templated":true}]}}