{"id":29905,"date":"2012-03-07T11:19:59","date_gmt":"2012-03-07T10:19:59","guid":{"rendered":"http:\/\/www.libraria-occitana.org\/all-products\/lei-cants-dau-deluvi-e-autrei-poemas-lei-cants-de-la-tibla-i?lang=en"},"modified":"2026-04-12T23:41:54","modified_gmt":"2026-04-12T21:41:54","slug":"lei-cants-dau-deluvi-e-autrei-poemas-lei-cants-de-la-tibla-i","status":"publish","type":"product","link":"https:\/\/www.libraria-occitana.org\/en\/product\/lei-cants-dau-deluvi-e-autrei-poemas-lei-cants-de-la-tibla-i\/","title":{"rendered":"Lei Cants dau deluvi e autrei po\u00e8mas : Lei Cants de la tibla I"},"content":{"rendered":"<p>Robert Allan (1927-1998) est l&#8217;auteur d&#8217;une \u0153uvre po\u00e9tique tr\u00e8s originale qui n&#8217;a jamais \u00e9t\u00e9 rassembl\u00e9e de son vivant.<br \/>\nS&#8217;y rencontrent la tendresse pour les \u00eatres et les choses, l&#8217;invention formelle et la libert\u00e9 de l&#8217;imagination, l&#8217;attention aux \u00e9motions \u00e9l\u00e9mentaires avec un bonheur et une sensibilit\u00e9 sans pareille. Dans ses po\u00e8mes, Robert Allan donne ainsi la parole aux herbes, au ciel, au vent, au taureau, aux pierres et aux galets, sans oublier les hommes de son temps.<br \/>\nRobert Allan est sans conteste l&#8217;un des principaux po\u00e8tes d&#8217;Oc du XXe si\u00e8cle. Son \u0153uvre po\u00e9tique proven\u00e7ale est ici \u00e9dit\u00e9e par Marie-Jeanne Verny dans le texte original occitan accompagn\u00e9e d&#8217;une traduction fran\u00e7aise et de commentaires.<\/p>\n","protected":false},"excerpt":{"rendered":"<p>Robert Allan (1927-1998) est l&#8217;auteur d&#8217;une \u0153uvre po\u00e9tique tr\u00e8s originale qui n&#8217;a jamais \u00e9t\u00e9 rassembl\u00e9e de son vivant. S&#8217;y rencontrent la tendresse pour les \u00eatres et les choses, l&#8217;invention formelle et la libert\u00e9 de l&#8217;imagination, l&#8217;attention aux \u00e9motions \u00e9l\u00e9mentaires avec un bonheur et une sensibilit\u00e9 sans pareille. Dans ses po\u00e8mes, Robert Allan donne ainsi la [&hellip;]<\/p>\n","protected":false},"featured_media":29903,"template":"","meta":{"_acf_changed":false,"_genesis_hide_title":false,"_genesis_hide_breadcrumbs":false,"_genesis_hide_singular_image":false,"_genesis_hide_footer_widgets":false,"_genesis_custom_body_class":"","_genesis_custom_post_class":"","_genesis_layout":""},"product_brand":[],"product_cat":[7132,7174,7180],"product_tag":[],"class_list":{"0":"post-29905","1":"product","2":"type-product","3":"status-publish","4":"has-post-thumbnail","6":"product_cat-books","7":"product_cat-literature-en","8":"product_cat-poetry-en","9":"pa_auteur-allan-robert-en","10":"pa_editeur-letras-doc-en","11":"pa_illustrateur-verny-marie-jeanne-en","12":"pa_langue-occitan-provencau-en","13":"pa_langue-occitan-francais-en","14":"entry","16":"first","17":"instock","18":"shipping-taxable","19":"purchasable","20":"product-type-simple"},"acf":[],"_links":{"self":[{"href":"https:\/\/www.libraria-occitana.org\/en\/wp-json\/wp\/v2\/product\/29905","targetHints":{"allow":["GET"]}}],"collection":[{"href":"https:\/\/www.libraria-occitana.org\/en\/wp-json\/wp\/v2\/product"}],"about":[{"href":"https:\/\/www.libraria-occitana.org\/en\/wp-json\/wp\/v2\/types\/product"}],"wp:featuredmedia":[{"embeddable":true,"href":"https:\/\/www.libraria-occitana.org\/en\/wp-json\/wp\/v2\/media\/29903"}],"wp:attachment":[{"href":"https:\/\/www.libraria-occitana.org\/en\/wp-json\/wp\/v2\/media?parent=29905"}],"wp:term":[{"taxonomy":"product_brand","embeddable":true,"href":"https:\/\/www.libraria-occitana.org\/en\/wp-json\/wp\/v2\/product_brand?post=29905"},{"taxonomy":"product_cat","embeddable":true,"href":"https:\/\/www.libraria-occitana.org\/en\/wp-json\/wp\/v2\/product_cat?post=29905"},{"taxonomy":"product_tag","embeddable":true,"href":"https:\/\/www.libraria-occitana.org\/en\/wp-json\/wp\/v2\/product_tag?post=29905"}],"curies":[{"name":"wp","href":"https:\/\/api.w.org\/{rel}","templated":true}]}}