{"id":29923,"date":"2016-11-07T13:55:56","date_gmt":"2016-11-07T12:55:56","guid":{"rendered":"http:\/\/www.libraria-occitana.org\/all-products\/divendres-o-la-vida-salvatja?lang=en"},"modified":"2026-04-29T00:47:00","modified_gmt":"2026-04-28T22:47:00","slug":"divendres-o-la-vida-salvatja","status":"publish","type":"product","link":"https:\/\/www.libraria-occitana.org\/en\/product\/divendres-o-la-vida-salvatja\/","title":{"rendered":"Divendres o la vida salvatja"},"content":{"rendered":"<p>Traduction occitane de <em>Vendredi ou la vie sauvage<\/em> de Michel Tournier.<br \/>\nLe 29 septembre 1759, un navire de commerce, La Virginie, fait naufrage sur la c\u00f4te d&#8217;une \u00eele d\u00e9serte du Pacifique. Seul rescap\u00e9 du d\u00e9sastre, Robinson survit en solitaire au milieu d&#8217;une nature sauvage et pr\u00e9serv\u00e9e, sans aucune autre pr\u00e9sence humaine. Mais, un jour, son existence bien r\u00e9gl\u00e9e sera radicalement boulevers\u00e9e par la compagnie d&#8217;un autre \u00eatre humain d\u00e9barqu\u00e9 sur l&#8217;\u00eele, l&#8217;Indien Vendredi. Ce sera alors la d\u00e9couverte d&#8217;une autre vie, la vie sauvage\u2026<\/p>\n","protected":false},"excerpt":{"rendered":"<p>Traduction occitane de Vendredi ou la vie sauvage de Michel Tournier. Le 29 septembre 1759, un navire de commerce, La Virginie, fait naufrage sur la c\u00f4te d&#8217;une \u00eele d\u00e9serte du Pacifique. Seul rescap\u00e9 du d\u00e9sastre, Robinson survit en solitaire au milieu d&#8217;une nature sauvage et pr\u00e9serv\u00e9e, sans aucune autre pr\u00e9sence humaine. Mais, un jour, son [&hellip;]<\/p>\n","protected":false},"featured_media":29921,"template":"","meta":{"_acf_changed":false,"_genesis_hide_title":false,"_genesis_hide_breadcrumbs":false,"_genesis_hide_singular_image":false,"_genesis_hide_footer_widgets":false,"_genesis_custom_body_class":"","_genesis_custom_post_class":"","_genesis_layout":""},"product_brand":[],"product_cat":[7132,7174,7182],"product_tag":[],"class_list":{"0":"post-29923","1":"product","2":"type-product","3":"status-publish","4":"has-post-thumbnail","6":"product_cat-books","7":"product_cat-literature-en","8":"product_cat-novels-short-stories-en","9":"pa_auteur-tournier-michel-en","10":"pa_editeur-letras-doc-en","11":"pa_illustrateur-carles-sergi-2-en","12":"pa_langue-occitan-en","13":"pa_langue-occitan-lengadocian-en","14":"entry","16":"first","17":"instock","18":"shipping-taxable","19":"purchasable","20":"product-type-simple"},"acf":[],"_links":{"self":[{"href":"https:\/\/www.libraria-occitana.org\/en\/wp-json\/wp\/v2\/product\/29923","targetHints":{"allow":["GET"]}}],"collection":[{"href":"https:\/\/www.libraria-occitana.org\/en\/wp-json\/wp\/v2\/product"}],"about":[{"href":"https:\/\/www.libraria-occitana.org\/en\/wp-json\/wp\/v2\/types\/product"}],"wp:featuredmedia":[{"embeddable":true,"href":"https:\/\/www.libraria-occitana.org\/en\/wp-json\/wp\/v2\/media\/29921"}],"wp:attachment":[{"href":"https:\/\/www.libraria-occitana.org\/en\/wp-json\/wp\/v2\/media?parent=29923"}],"wp:term":[{"taxonomy":"product_brand","embeddable":true,"href":"https:\/\/www.libraria-occitana.org\/en\/wp-json\/wp\/v2\/product_brand?post=29923"},{"taxonomy":"product_cat","embeddable":true,"href":"https:\/\/www.libraria-occitana.org\/en\/wp-json\/wp\/v2\/product_cat?post=29923"},{"taxonomy":"product_tag","embeddable":true,"href":"https:\/\/www.libraria-occitana.org\/en\/wp-json\/wp\/v2\/product_tag?post=29923"}],"curies":[{"name":"wp","href":"https:\/\/api.w.org\/{rel}","templated":true}]}}