{"id":29941,"date":"2016-12-07T09:55:42","date_gmt":"2016-12-07T08:55:42","guid":{"rendered":"http:\/\/www.libraria-occitana.org\/all-products\/1936-le-front-populaire-en-limousin?lang=en"},"modified":"2026-04-18T00:51:06","modified_gmt":"2026-04-17T22:51:06","slug":"1936-le-front-populaire-en-limousin","status":"publish","type":"product","link":"https:\/\/www.libraria-occitana.org\/en\/product\/1936-le-front-populaire-en-limousin\/","title":{"rendered":"1936, le Front Populaire en Limousin"},"content":{"rendered":"<p>1936, le Front populaire.<br \/>\nL\u2019union des forces de gauche parvient au pouvoir. Pour la premi\u00e8re fois, un Premier ministre socialiste dirige la France. Victorieux dans les urnes, le peuple c\u00e9l\u00e8bre son succ\u00e8s et l\u2019\u00e9v\u00e9nement suscite toute une mythologie.<br \/>\nEn plus des \u00e9lections, 1936 ce fut aussi les manifestations, les gr\u00e8ves, l\u2019antifascisme, la guerre d\u2019Espagne\u2026<br \/>\nComment le Front populaire fut-il per\u00e7u et v\u00e9cu en Limousin ? Dans une r\u00e9gion o\u00f9 la gauche \u00e9tait largement repr\u00e9sent\u00e9e, quel \u00e9cho re\u00e7ut l\u2019av\u00e8nement du gouvernement Blum et que se passa-t-il avant la victoire du printemps 1936 ?<br \/>\nPeu de travaux ont jusque-l\u00e0 abord\u00e9 le sujet dans sa dimension locale. \u00c0 l&#8217;occasion des 80 ans du Front Populaire, les membres de l&#8217;association M\u00e9moire ouvri\u00e8re en Limousin ont cherch\u00e9 au travers des contributions rassembl\u00e9es dans cet ouvrage \u00e0 restituer l&#8217;atmosph\u00e8re et le contexte des ann\u00e9es 1930 en Limousin.<\/p>\n","protected":false},"excerpt":{"rendered":"<p>1936, le Front populaire. L\u2019union des forces de gauche parvient au pouvoir. Pour la premi\u00e8re fois, un Premier ministre socialiste dirige la France. Victorieux dans les urnes, le peuple c\u00e9l\u00e8bre son succ\u00e8s et l\u2019\u00e9v\u00e9nement suscite toute une mythologie. En plus des \u00e9lections, 1936 ce fut aussi les manifestations, les gr\u00e8ves, l\u2019antifascisme, la guerre d\u2019Espagne\u2026 Comment [&hellip;]<\/p>\n","protected":false},"featured_media":29887,"template":"","meta":{"_acf_changed":false,"_genesis_hide_title":false,"_genesis_hide_breadcrumbs":false,"_genesis_hide_singular_image":false,"_genesis_hide_footer_widgets":false,"_genesis_custom_body_class":"","_genesis_custom_post_class":"","_genesis_layout":""},"product_brand":[],"product_cat":[7132,7148,7158],"product_tag":[],"class_list":{"0":"post-29941","1":"product","2":"type-product","3":"status-publish","4":"has-post-thumbnail","6":"product_cat-books","7":"product_cat-history-geography-en","8":"product_cat-modern-and-contemporary-history-en","9":"pa_auteur-memoire-ouvriere-en-limousin-en","10":"pa_editeur-les-ardents-editeurs-en","11":"pa_langue-francais-en","12":"entry","14":"first","15":"instock","16":"shipping-taxable","17":"purchasable","18":"product-type-simple"},"acf":[],"_links":{"self":[{"href":"https:\/\/www.libraria-occitana.org\/en\/wp-json\/wp\/v2\/product\/29941","targetHints":{"allow":["GET"]}}],"collection":[{"href":"https:\/\/www.libraria-occitana.org\/en\/wp-json\/wp\/v2\/product"}],"about":[{"href":"https:\/\/www.libraria-occitana.org\/en\/wp-json\/wp\/v2\/types\/product"}],"wp:featuredmedia":[{"embeddable":true,"href":"https:\/\/www.libraria-occitana.org\/en\/wp-json\/wp\/v2\/media\/29887"}],"wp:attachment":[{"href":"https:\/\/www.libraria-occitana.org\/en\/wp-json\/wp\/v2\/media?parent=29941"}],"wp:term":[{"taxonomy":"product_brand","embeddable":true,"href":"https:\/\/www.libraria-occitana.org\/en\/wp-json\/wp\/v2\/product_brand?post=29941"},{"taxonomy":"product_cat","embeddable":true,"href":"https:\/\/www.libraria-occitana.org\/en\/wp-json\/wp\/v2\/product_cat?post=29941"},{"taxonomy":"product_tag","embeddable":true,"href":"https:\/\/www.libraria-occitana.org\/en\/wp-json\/wp\/v2\/product_tag?post=29941"}],"curies":[{"name":"wp","href":"https:\/\/api.w.org\/{rel}","templated":true}]}}