{"id":29947,"date":"2007-01-11T11:26:42","date_gmt":"2007-01-11T10:26:42","guid":{"rendered":"http:\/\/www.libraria-occitana.org\/all-products\/limousin-terre-de-champignons?lang=en"},"modified":"2026-04-17T22:06:49","modified_gmt":"2026-04-17T20:06:49","slug":"limousin-terre-de-champignons","status":"publish","type":"product","link":"https:\/\/www.libraria-occitana.org\/en\/product\/limousin-terre-de-champignons\/","title":{"rendered":"Limousin, terre de champignons"},"content":{"rendered":"<p>\u00ab Il faut savoir cueillir les champignons et souvent ne pas les cueillir \u00bb disait Corinne Lepage.<\/p>\n<p>En effet, malgr\u00e9 les nombreuses mises en garde et conseils de prudence diffus\u00e9s dans la presse, on relate encore chaque ann\u00e9e des intoxications dont certaines sont mortelles. L&#8217;imprudence et une mauvaise connaissance sont \u00e0 l&#8217;origine de la plupart de ces accidents&#8230;<br \/>\nCet ouvrage est ainsi destin\u00e9 \u00e0 mieux informer un large public. Il pr\u00e9sente la particularit\u00e9 de ne proposer qu&#8217;un nombre limit\u00e9 d&#8217;esp\u00e8ces (environ 200) et de ne concerner sp\u00e9cialement que les principaux champignons rencontr\u00e9s dans la r\u00e9gion du Limousin (Corr\u00e8ze, Creuse, Haute-Vienne).<br \/>\nChaque esp\u00e8ce est pr\u00e9sent\u00e9e sous forme de fiche, comportant une description d\u00e9taill\u00e9e, un rappel de l&#8217;habitat, la toxicit\u00e9 \u00e9ventuelle et les confusions possibles.<br \/>\nIllustr\u00e9 de tr\u00e8s nombreuses photographies couleur, il est facilement accessible \u00e0 tous.<\/p>\n","protected":false},"excerpt":{"rendered":"<p>\u00ab Il faut savoir cueillir les champignons et souvent ne pas les cueillir \u00bb disait Corinne Lepage. En effet, malgr\u00e9 les nombreuses mises en garde et conseils de prudence diffus\u00e9s dans la presse, on relate encore chaque ann\u00e9e des intoxications dont certaines sont mortelles. L&#8217;imprudence et une mauvaise connaissance sont \u00e0 l&#8217;origine de la plupart [&hellip;]<\/p>\n","protected":false},"featured_media":29945,"template":"","meta":{"_acf_changed":false,"_genesis_hide_title":false,"_genesis_hide_breadcrumbs":false,"_genesis_hide_singular_image":false,"_genesis_hide_footer_widgets":false,"_genesis_custom_body_class":"","_genesis_custom_post_class":"","_genesis_layout":""},"product_brand":[],"product_cat":[7132,7200,7196],"product_tag":[],"class_list":{"0":"post-29947","1":"product","2":"type-product","3":"status-publish","4":"has-post-thumbnail","6":"product_cat-books","7":"product_cat-nature-gardening-en","8":"product_cat-nature-tourism-en","9":"pa_auteur-botineau-michel-en","10":"pa_auteur-ghestem-axel-en","11":"pa_editeur-pu-limoges-en","12":"pa_langue-francais-en","13":"entry","15":"first","16":"instock","17":"shipping-taxable","18":"purchasable","19":"product-type-simple"},"acf":[],"_links":{"self":[{"href":"https:\/\/www.libraria-occitana.org\/en\/wp-json\/wp\/v2\/product\/29947","targetHints":{"allow":["GET"]}}],"collection":[{"href":"https:\/\/www.libraria-occitana.org\/en\/wp-json\/wp\/v2\/product"}],"about":[{"href":"https:\/\/www.libraria-occitana.org\/en\/wp-json\/wp\/v2\/types\/product"}],"wp:featuredmedia":[{"embeddable":true,"href":"https:\/\/www.libraria-occitana.org\/en\/wp-json\/wp\/v2\/media\/29945"}],"wp:attachment":[{"href":"https:\/\/www.libraria-occitana.org\/en\/wp-json\/wp\/v2\/media?parent=29947"}],"wp:term":[{"taxonomy":"product_brand","embeddable":true,"href":"https:\/\/www.libraria-occitana.org\/en\/wp-json\/wp\/v2\/product_brand?post=29947"},{"taxonomy":"product_cat","embeddable":true,"href":"https:\/\/www.libraria-occitana.org\/en\/wp-json\/wp\/v2\/product_cat?post=29947"},{"taxonomy":"product_tag","embeddable":true,"href":"https:\/\/www.libraria-occitana.org\/en\/wp-json\/wp\/v2\/product_tag?post=29947"}],"curies":[{"name":"wp","href":"https:\/\/api.w.org\/{rel}","templated":true}]}}