{"id":29957,"date":"2010-10-11T17:28:26","date_gmt":"2010-10-11T16:28:26","guid":{"rendered":"http:\/\/www.libraria-occitana.org\/all-products\/paysage-et-environnement-en-limousin-de-lantiquite-a-nos-jours?lang=en"},"modified":"2026-04-25T22:36:10","modified_gmt":"2026-04-25T20:36:10","slug":"paysage-et-environnement-en-limousin-de-lantiquite-a-nos-jours","status":"publish","type":"product","link":"https:\/\/www.libraria-occitana.org\/en\/product\/paysage-et-environnement-en-limousin-de-lantiquite-a-nos-jours\/","title":{"rendered":"Paysage et environnement en Limousin : De l&#8217;Antiquit\u00e9 \u00e0 nos jours"},"content":{"rendered":"<p>Le paysage est un \u00e9l\u00e9ment essentiel de l&#8217;identit\u00e9 limousine. Landes et r\u00e9sineux du plateau de Millevaches, frondaisons des ch\u00e2taigniers, omnipr\u00e9sentes prairies, foisonnement des lacs, \u00e9tangs et cours d&#8217;eau sont autant de marqueurs d\u2019une r\u00e9gion qui se proclame pays \u00ab de l\u2019arbre et de l\u2019eau \u00bb. Mais ces \u00e9l\u00e9ments paysagers ont tous \u00e9t\u00e9 cr\u00e9\u00e9s ou am\u00e9nag\u00e9s par l\u2019homme. \u00c0 ce titre, ils sont objet d\u2019histoire, tout comme le rapport que les Limousins entretiennent \u00e0 leur environnement. Les seize contributions r\u00e9unies dans cet ouvrage interrogent les paysages limousins de diff\u00e9rentes mani\u00e8res. Certaines s\u2019efforcent de reconstituer l\u2019\u00e9volution paysag\u00e8re du Limousin \u00e0 travers la question de l\u2019occupation du sol depuis la plus haute antiquit\u00e9. D\u2019autres \u00e9tudient le devenir de certaines cultures, qu\u2019il s\u2019agisse d\u2019essences \u00ab phares \u00bb de la r\u00e9gion, comme le ch\u00e2taignier, ou de plantes longtemps tomb\u00e9es dans l\u2019oubli comme le chanvre. Mais le paysage ne saurait se r\u00e9duire \u00e0 cette seule question.<br \/>\nLe lecteur trouvera aussi au fil des pages des analyses sur la modernisation et l\u2019embellissement du paysage urbain, sur l\u2019histoire de l\u2019environnement avec, notamment, la question de l\u2019assainissement des villes et celle de la protection et valorisation des ressources halieutiques. \u00c9galement, parce qu\u2019il ne saurait y avoir de paysage sans le regard de celui qui l\u2019observe, le livre offre un ensemble de r\u00e9flexions sur la mani\u00e8re dont nos anc\u00eatres percevaient leur environnement mais \u00e9galement comment notre propre soci\u00e9t\u00e9 contemporaine envisage les paysages limousins, qu\u2019il s\u2019agisse de la pr\u00e9sence sans cesse croissante de l\u2019arbre ou du devenir du lac de Vassivi\u00e8re.<\/p>\n<p><strong>Sommaire :<\/strong><br \/>\n&#8211; Philippe Grandcoing : Introduction<\/p>\n<p><strong>Premi\u00e8re partie \/ Aux sources du paysage : t\u00e9moignages et m\u00e9thodologie<\/strong><br \/>\n&#8211; David Glomot, L&#8217;ancien cadastre et la compr\u00e9hension des paysages pass\u00e9s<br \/>\n&#8211; Jean Tricard, L&#8217;environnement, les textes et le m\u00e9di\u00e9viste. D\u2019un Limousin paradisiaque \u00e0 un Limousin de catastrophes<br \/>\n&#8211; Ludovic Aumasson, L\u2019arbre et sa place dans le paysage sur les confins du Limousin, du Berry et du Poitou, de la fin du Moyen \u00c2ge aux Temps Modernes<br \/>\n&#8211; Alain Blanchard, Les paysages limousins sous le regard d\u2019un g\u00e9om\u00e8tre arpenteur du XVIIIe si\u00e8cle<\/p>\n<p><strong>Deuxi\u00e8me partie \/ Les mutations du paysage limousin<\/strong><br \/>\n&#8211; Yannick Miras, Pascal Guenet, Herv\u00e9 Richard, La gen\u00e8se du paysage culturel du plateau de Millevaches (Limousin, Massif central, France) : plus de 2000 ans d\u2019histoire r\u00e9v\u00e9l\u00e9s par l\u2019analyse pollinique<br \/>\n&#8211; Robert Chanaud, Chanvre et ch\u00e8nevi\u00e8res en Limousin et Marche : une culture marginale mais omnipr\u00e9sente (XVIe-XIXe si\u00e8cles)<br \/>\n&#8211; Jean Pierre Delhoume, Dynamique du paysage de l\u2019\u00e9lection de Limoges au XVIIIe si\u00e8cle<br \/>\n&#8211; Pascal Plas, Farid Boumedienne, Les \u00e9volutions de la ch\u00e2taigneraie en Limousin-P\u00e9rigord de la fin du XVIIIe au milieu du XXe si\u00e8cle<br \/>\n&#8211; Romain Couty, L\u2019\u00e9laboration d\u2019un paysage politique \u00e0 Limoges : la comm\u00e9moration statuaire des grands hommes (1851-1914)<br \/>\n&#8211; Michel C. Kiener, Du rural \u00e0 l\u2019urbain : L\u2019\u00e9volution du paysage des bourgs et des petites villes de 1850 \u00e0 1950<\/p>\n<p><strong>Troisi\u00e8me partie \/ Une histoire socio-culturelle du paysage et de l\u2019environnement<\/strong><br \/>\n&#8211; David Glomot, Paysage des Francs et paysage des serfs en Haute-Marche \u00e0 la fin du Moyen \u00c2ge<br \/>\n&#8211; Philippe Grandcoing, La naissance d\u2019un marqueur paysager r\u00e9gional : Le Limousin et le ch\u00e2taignier (1800-1940)<br \/>\n&#8211; St\u00e9phane Frioux, L\u2019assainissement des villes limousines aux XIXe et XXe si\u00e8cles. Un essai d\u2019histoire environnementale<br \/>\n&#8211; Jean-Fran\u00e7ois Malange, Environnement et paysage aquatique en Limousin aux XIXe et XXe si\u00e8cles. P\u00eacheurs \u00e0 la ligne, pisciculteurs, savant, et \u00c9tat face aux poissons, lacs et cours d\u2019eau du \u00ab pays de l\u2019Arbre et de l\u2019Eau \u00bb<br \/>\n&#8211; Alain Carof, Vassivi\u00e8re en Limousin : L\u2019invention d\u2019un paysage<br \/>\n&#8211; Pierre Vallin, Quand l\u2019arbre cache la for\u00eat ou le paysage dans le sentiment et les politiques publiques<\/p>\n","protected":false},"excerpt":{"rendered":"<p>Le paysage est un \u00e9l\u00e9ment essentiel de l&#8217;identit\u00e9 limousine. Landes et r\u00e9sineux du plateau de Millevaches, frondaisons des ch\u00e2taigniers, omnipr\u00e9sentes prairies, foisonnement des lacs, \u00e9tangs et cours d&#8217;eau sont autant de marqueurs d\u2019une r\u00e9gion qui se proclame pays \u00ab de l\u2019arbre et de l\u2019eau \u00bb. Mais ces \u00e9l\u00e9ments paysagers ont tous \u00e9t\u00e9 cr\u00e9\u00e9s ou am\u00e9nag\u00e9s [&hellip;]<\/p>\n","protected":false},"featured_media":29955,"template":"","meta":{"_acf_changed":false,"_genesis_hide_title":false,"_genesis_hide_breadcrumbs":false,"_genesis_hide_singular_image":false,"_genesis_hide_footer_widgets":false,"_genesis_custom_body_class":"","_genesis_custom_post_class":"","_genesis_layout":""},"product_brand":[],"product_cat":[7132,7156,7148],"product_tag":[],"class_list":{"0":"post-29957","1":"product","2":"type-product","3":"status-publish","4":"has-post-thumbnail","6":"product_cat-books","7":"product_cat-general-history-en","8":"product_cat-history-geography-en","9":"pa_auteur-collectiu-en-2","10":"pa_auteur-grandcoing-philippe-en","11":"pa_editeur-pu-limoges-en","12":"pa_langue-francais-en","13":"entry","15":"first","16":"instock","17":"shipping-taxable","18":"purchasable","19":"product-type-simple"},"acf":[],"_links":{"self":[{"href":"https:\/\/www.libraria-occitana.org\/en\/wp-json\/wp\/v2\/product\/29957","targetHints":{"allow":["GET"]}}],"collection":[{"href":"https:\/\/www.libraria-occitana.org\/en\/wp-json\/wp\/v2\/product"}],"about":[{"href":"https:\/\/www.libraria-occitana.org\/en\/wp-json\/wp\/v2\/types\/product"}],"wp:featuredmedia":[{"embeddable":true,"href":"https:\/\/www.libraria-occitana.org\/en\/wp-json\/wp\/v2\/media\/29955"}],"wp:attachment":[{"href":"https:\/\/www.libraria-occitana.org\/en\/wp-json\/wp\/v2\/media?parent=29957"}],"wp:term":[{"taxonomy":"product_brand","embeddable":true,"href":"https:\/\/www.libraria-occitana.org\/en\/wp-json\/wp\/v2\/product_brand?post=29957"},{"taxonomy":"product_cat","embeddable":true,"href":"https:\/\/www.libraria-occitana.org\/en\/wp-json\/wp\/v2\/product_cat?post=29957"},{"taxonomy":"product_tag","embeddable":true,"href":"https:\/\/www.libraria-occitana.org\/en\/wp-json\/wp\/v2\/product_tag?post=29957"}],"curies":[{"name":"wp","href":"https:\/\/api.w.org\/{rel}","templated":true}]}}