{"id":29985,"date":"2015-04-24T09:59:58","date_gmt":"2015-04-24T08:59:58","guid":{"rendered":"http:\/\/www.libraria-occitana.org\/all-products\/histoire-des-macons-de-la-creuse?lang=en"},"modified":"2024-07-05T00:18:29","modified_gmt":"2024-07-04T22:18:29","slug":"histoire-des-macons-de-la-creuse","status":"publish","type":"product","link":"https:\/\/www.libraria-occitana.org\/en\/product\/histoire-des-macons-de-la-creuse\/","title":{"rendered":"Histoire des ma\u00e7ons de la Creuse"},"content":{"rendered":"<p>L\u2019image du ma\u00e7on partant, une fois les grues pass\u00e9es, balluchon sur l\u2019\u00e9paule, pour ne revenir aupr\u00e8s de sa famille qu\u2019\u00e0 la Saint-Andr\u00e9, est grav\u00e9e dans la m\u00e9moire collective et a forg\u00e9 une grande partie de l\u2019identit\u00e9 creusoise.<br \/>\nL\u2019\u00e9migration marchoise, plusieurs fois centenaire, prend son v\u00e9ritable essor au lendemain de la R\u00e9volution et atteint son apog\u00e9e vers 1850. Trente ans plus tard, l\u2019\u00e9migration annuelle devient d\u00e9finitive ; c\u2019est l\u2019installation dans la capitale, et le retour au pays devient l\u2019exception. La Premi\u00e8re Guerre mondiale met un terme \u00e0 ce ph\u00e9nom\u00e8ne, qui est et restera l\u2019histoire des ma\u00e7ons de la Creuse.<br \/>\nDani\u00e8le Demachy-Dantin retrace la naissance du mouvement, suit les itin\u00e9raires emprunt\u00e9s par les ma\u00e7ons jusqu\u2019\u00e0 Lyon ou Paris, \u00e9voque leur vie quotidienne, sur les chantiers, mais aussi dans leurs chambr\u00e9es insalubres, et brosse un portrait de celui qui demeure la figure embl\u00e9matique de ces hommes rudes, Martin Nadaud. L\u2019auteur ne n\u00e9glige pas pour autant ceux qui, rest\u00e9s au pays, doivent vivre sur une terre bless\u00e9e, et s\u2019attarde sur les cons\u00e9quences sociales, \u00e9conomiques et psychologiques de cet important flux migratoire.<\/p>\n","protected":false},"excerpt":{"rendered":"<p>L\u2019image du ma\u00e7on partant, une fois les grues pass\u00e9es, balluchon sur l\u2019\u00e9paule, pour ne revenir aupr\u00e8s de sa famille qu\u2019\u00e0 la Saint-Andr\u00e9, est grav\u00e9e dans la m\u00e9moire collective et a forg\u00e9 une grande partie de l\u2019identit\u00e9 creusoise. L\u2019\u00e9migration marchoise, plusieurs fois centenaire, prend son v\u00e9ritable essor au lendemain de la R\u00e9volution et atteint son apog\u00e9e [&hellip;]<\/p>\n","protected":false},"featured_media":29983,"template":"","meta":{"_acf_changed":false,"_genesis_hide_title":false,"_genesis_hide_breadcrumbs":false,"_genesis_hide_singular_image":false,"_genesis_hide_footer_widgets":false,"_genesis_custom_body_class":"","_genesis_custom_post_class":"","_genesis_layout":""},"product_brand":[],"product_cat":[7132,7148,7158],"product_tag":[],"class_list":{"0":"post-29985","1":"product","2":"type-product","3":"status-publish","4":"has-post-thumbnail","6":"product_cat-books","7":"product_cat-history-geography-en","8":"product_cat-modern-and-contemporary-history-en","9":"pa_auteur-demachy-dantin-daniele-en","10":"pa_editeur-le-puy-fraud-en","11":"pa_langue-francais-en","12":"entry","14":"first","15":"outofstock","16":"shipping-taxable","17":"purchasable","18":"product-type-simple"},"acf":[],"_links":{"self":[{"href":"https:\/\/www.libraria-occitana.org\/en\/wp-json\/wp\/v2\/product\/29985","targetHints":{"allow":["GET"]}}],"collection":[{"href":"https:\/\/www.libraria-occitana.org\/en\/wp-json\/wp\/v2\/product"}],"about":[{"href":"https:\/\/www.libraria-occitana.org\/en\/wp-json\/wp\/v2\/types\/product"}],"wp:featuredmedia":[{"embeddable":true,"href":"https:\/\/www.libraria-occitana.org\/en\/wp-json\/wp\/v2\/media\/29983"}],"wp:attachment":[{"href":"https:\/\/www.libraria-occitana.org\/en\/wp-json\/wp\/v2\/media?parent=29985"}],"wp:term":[{"taxonomy":"product_brand","embeddable":true,"href":"https:\/\/www.libraria-occitana.org\/en\/wp-json\/wp\/v2\/product_brand?post=29985"},{"taxonomy":"product_cat","embeddable":true,"href":"https:\/\/www.libraria-occitana.org\/en\/wp-json\/wp\/v2\/product_cat?post=29985"},{"taxonomy":"product_tag","embeddable":true,"href":"https:\/\/www.libraria-occitana.org\/en\/wp-json\/wp\/v2\/product_tag?post=29985"}],"curies":[{"name":"wp","href":"https:\/\/api.w.org\/{rel}","templated":true}]}}