{"id":30045,"date":"2017-03-26T16:54:27","date_gmt":"2017-03-26T15:54:27","guid":{"rendered":"http:\/\/www.libraria-occitana.org\/all-products\/kyklos?lang=en"},"modified":"2026-04-03T04:36:37","modified_gmt":"2026-04-03T02:36:37","slug":"kyklos","status":"publish","type":"product","link":"https:\/\/www.libraria-occitana.org\/en\/product\/kyklos\/","title":{"rendered":"Kyklos"},"content":{"rendered":"<p><strong>Lucia Longu\u00e9 :<\/strong> boha, fl\u00fbte \u00e0 trois trous, besson, accord\u00e9on diatonique, voix<br \/>\n<strong>Simon Guillaumin :<\/strong> vielle \u00e0 roue, voix<br \/>\n<strong>Jean Baudoin :<\/strong> boha, bohassa, fl\u00fbte \u00e0 trois trous, tambourin \u00e0 cordes<br \/>\n<strong>Juan Ezeiza :<\/strong> violon, albokas<br \/>\n<strong>Josean Martin :<\/strong> guitare, bouzouki<\/p>\n<p>Musique de la &#8220;fronti\u00e8re&#8221; basco-gasconne. 4 morceaux avant-go\u00fbt du prochain disque.<\/p>\n<p>\u00ab Seul groupe musical empreint de cultures basque et gasconne, Xarnege exploite un territoire insoup\u00e7onn\u00e9, \u00e0 la mani\u00e8re des passeurs de contrebande : un groupe \u00e0 deux t\u00eates et \u00e0 trois g\u00e9n\u00e9rations, des instruments inusit\u00e9s, une musique de cr\u00e9ation, traditionnelle, \u00e9lectroacoustique, m\u00e9lodique, dense, dramatique, hypnotique, obs\u00e9dante et m\u00eame trash. [&#8230;] \u00bb<\/p>\n<p style=\"text-align: right;\">Yves Bernard, <em>Le Devoir<\/em> (Qu\u00e9bec)<\/p>\n<p><strong>Titres :<\/strong><br \/>\n1. A La Nosta Lana 3&#8217;27<br \/>\n2. Dotea 4&#8217;41<br \/>\n3. Un C\u00f2p De Mei 4&#8217;45<br \/>\n4. Arratia 5&#8217;39<\/p>\n","protected":false},"excerpt":{"rendered":"<p>Lucia Longu\u00e9 : boha, fl\u00fbte \u00e0 trois trous, besson, accord\u00e9on diatonique, voix Simon Guillaumin : vielle \u00e0 roue, voix Jean Baudoin : boha, bohassa, fl\u00fbte \u00e0 trois trous, tambourin \u00e0 cordes Juan Ezeiza : violon, albokas Josean Martin : guitare, bouzouki Musique de la &#8220;fronti\u00e8re&#8221; basco-gasconne. 4 morceaux avant-go\u00fbt du prochain disque. \u00ab Seul groupe [&hellip;]<\/p>\n","protected":false},"featured_media":30043,"template":"","meta":{"_acf_changed":false,"_genesis_hide_title":false,"_genesis_hide_breadcrumbs":false,"_genesis_hide_singular_image":false,"_genesis_hide_footer_widgets":false,"_genesis_custom_body_class":"","_genesis_custom_post_class":"","_genesis_layout":""},"product_brand":[],"product_cat":[7228,7216],"product_tag":[],"class_list":{"0":"post-30045","1":"product","2":"type-product","3":"status-publish","4":"has-post-thumbnail","6":"product_cat-modern-folk-en","7":"product_cat-music-en","8":"pa_auteur-xarnege-en","9":"pa_editeur-pyrene-en","10":"pa_langue-autras-lingas-en","11":"pa_langue-occitan-en","12":"pa_langue-occitan-gascon-en","13":"entry","15":"first","16":"instock","17":"shipping-taxable","18":"purchasable","19":"product-type-simple"},"acf":[],"_links":{"self":[{"href":"https:\/\/www.libraria-occitana.org\/en\/wp-json\/wp\/v2\/product\/30045","targetHints":{"allow":["GET"]}}],"collection":[{"href":"https:\/\/www.libraria-occitana.org\/en\/wp-json\/wp\/v2\/product"}],"about":[{"href":"https:\/\/www.libraria-occitana.org\/en\/wp-json\/wp\/v2\/types\/product"}],"wp:featuredmedia":[{"embeddable":true,"href":"https:\/\/www.libraria-occitana.org\/en\/wp-json\/wp\/v2\/media\/30043"}],"wp:attachment":[{"href":"https:\/\/www.libraria-occitana.org\/en\/wp-json\/wp\/v2\/media?parent=30045"}],"wp:term":[{"taxonomy":"product_brand","embeddable":true,"href":"https:\/\/www.libraria-occitana.org\/en\/wp-json\/wp\/v2\/product_brand?post=30045"},{"taxonomy":"product_cat","embeddable":true,"href":"https:\/\/www.libraria-occitana.org\/en\/wp-json\/wp\/v2\/product_cat?post=30045"},{"taxonomy":"product_tag","embeddable":true,"href":"https:\/\/www.libraria-occitana.org\/en\/wp-json\/wp\/v2\/product_tag?post=30045"}],"curies":[{"name":"wp","href":"https:\/\/api.w.org\/{rel}","templated":true}]}}