{"id":30063,"date":"2016-10-27T14:07:50","date_gmt":"2016-10-27T13:07:50","guid":{"rendered":"http:\/\/www.libraria-occitana.org\/all-products\/ors?lang=en"},"modified":"2026-04-20T02:56:58","modified_gmt":"2026-04-20T00:56:58","slug":"ors","status":"publish","type":"product","link":"https:\/\/www.libraria-occitana.org\/en\/product\/ors\/","title":{"rendered":"Ors"},"content":{"rendered":"<p><strong>Roman Colautti (Pairbon) :<\/strong> basse, guitare baryton<br \/>\n<strong>Roman Baudoin :<\/strong> vielle \u00e0 roue<br \/>\n<strong>Mat\u00e8u Baudoin :<\/strong> chant, violon, tambourin \u00e0 cordes<br \/>\n<strong>Tom\u00e0s Baudoin :<\/strong> chant, tambourin \u00e0 cordes, boha, synth\u00e8se<br \/>\n<strong>Nicolas Godin (Shape2) :<\/strong> guitare, percussions, batterie<br \/>\n<strong>Alexis Toussaint :<\/strong> batterie<\/p>\n<p>\u00ab Art\u00fas vient du celtique \u00ab Arzh \u00bb signifiant ours (ors en occitan). Le roi maudit de la lande est le roi d\u00e9chu de la montagne. Nous sommes donc intimement li\u00e9s. Les combats qui se jouent \u00e0 travers cet animal sont les n\u00f4tres et nous inspirent inconsciemment depuis toujours. Notre \u00ab cousin sauvage \u00bb nous confronte \u00e0 la nature, \u00e0 notre nature, il est le reflet de notre civilisation et de notre acceptation de l\u2019autre. Pour faire cet album, nous nous sommes plong\u00e9s dans la litt\u00e9rature, et avons fait appel \u00e0 des r\u00e9f\u00e9rents comme Jean Soust pour suivre la trace de la b\u00eate au sens propre, comme au figur\u00e9. Nous nous sommes ensuite \u00ab entutats \u00bb tout un hiver pour m\u00e9diter et cr\u00e9er, afin de rena\u00eetre au printemps avec l\u2019envie de partager cette mythologie pa\u00efenne. \u00bb<\/p>\n<p style=\"text-align: right;\">Art\u00fas<\/p>\n<p>\u00ab Dans leurs m\u00e9lodies et leurs chants, je retrouve la douceur printani\u00e8re des sous-bois, la rage et la d\u00e9tresse du berger qui a perdu des brebis, la violence de la b\u00eate et la violence qui lui est faite, le regard de l\u2019ourse vers son petit, la rugosit\u00e9 et la clart\u00e9 des grands espaces pyr\u00e9n\u00e9ens. Avec ce disque, l\u2019ours retrouve une place dans les Pyr\u00e9n\u00e9es. Il redevient celui par lequel on s\u2019\u00e9meut, on se raconte et on communique. De fa\u00e7on sensible et donc sens\u00e9e. Il est redevenu celui qui inspire. \u00bb<\/p>\n<p style=\"text-align: right;\">Jean Soust, sept. 2016<\/p>\n<p><strong>Titres :<\/strong><br \/>\n1. Desvelh 9&#8217;13&#8221;<br \/>\n2. Chasse party 8&#8217;22&#8221;<br \/>\n3. La h\u00f2la 9&#8217;12&#8221;<br \/>\n4. Aur\u00f2st 6&#8217;51&#8221;<br \/>\n5. L&#8217;ors Dominique 6&#8217;59&#8221;<\/p>\n","protected":false},"excerpt":{"rendered":"<p>Roman Colautti (Pairbon) : basse, guitare baryton Roman Baudoin : vielle \u00e0 roue Mat\u00e8u Baudoin : chant, violon, tambourin \u00e0 cordes Tom\u00e0s Baudoin : chant, tambourin \u00e0 cordes, boha, synth\u00e8se Nicolas Godin (Shape2) : guitare, percussions, batterie Alexis Toussaint : batterie \u00ab Art\u00fas vient du celtique \u00ab Arzh \u00bb signifiant ours (ors en occitan). Le [&hellip;]<\/p>\n","protected":false},"featured_media":30061,"template":"","meta":{"_acf_changed":false,"_genesis_hide_title":false,"_genesis_hide_breadcrumbs":false,"_genesis_hide_singular_image":false,"_genesis_hide_footer_widgets":false,"_genesis_custom_body_class":"","_genesis_custom_post_class":"","_genesis_layout":""},"product_brand":[],"product_cat":[7216,7232],"product_tag":[],"class_list":{"0":"post-30063","1":"product","2":"type-product","3":"status-publish","4":"has-post-thumbnail","6":"product_cat-music-en","7":"product_cat-rock-pop-en","8":"pa_auteur-familha-artus-en","9":"pa_editeur-pagans-en","10":"pa_langue-occitan-en","11":"pa_langue-occitan-gascon-en","12":"entry","14":"first","15":"instock","16":"shipping-taxable","17":"purchasable","18":"product-type-simple"},"acf":[],"_links":{"self":[{"href":"https:\/\/www.libraria-occitana.org\/en\/wp-json\/wp\/v2\/product\/30063","targetHints":{"allow":["GET"]}}],"collection":[{"href":"https:\/\/www.libraria-occitana.org\/en\/wp-json\/wp\/v2\/product"}],"about":[{"href":"https:\/\/www.libraria-occitana.org\/en\/wp-json\/wp\/v2\/types\/product"}],"wp:featuredmedia":[{"embeddable":true,"href":"https:\/\/www.libraria-occitana.org\/en\/wp-json\/wp\/v2\/media\/30061"}],"wp:attachment":[{"href":"https:\/\/www.libraria-occitana.org\/en\/wp-json\/wp\/v2\/media?parent=30063"}],"wp:term":[{"taxonomy":"product_brand","embeddable":true,"href":"https:\/\/www.libraria-occitana.org\/en\/wp-json\/wp\/v2\/product_brand?post=30063"},{"taxonomy":"product_cat","embeddable":true,"href":"https:\/\/www.libraria-occitana.org\/en\/wp-json\/wp\/v2\/product_cat?post=30063"},{"taxonomy":"product_tag","embeddable":true,"href":"https:\/\/www.libraria-occitana.org\/en\/wp-json\/wp\/v2\/product_tag?post=30063"}],"curies":[{"name":"wp","href":"https:\/\/api.w.org\/{rel}","templated":true}]}}