{"id":30104,"date":"2017-05-02T17:43:32","date_gmt":"2017-05-02T16:43:32","guid":{"rendered":"http:\/\/www.libraria-occitana.org\/all-products\/chants-dorfeu-chants-dorphee?lang=en"},"modified":"2026-04-27T00:12:02","modified_gmt":"2026-04-26T22:12:02","slug":"chants-dorfeu-chants-dorphee","status":"publish","type":"product","link":"https:\/\/www.libraria-occitana.org\/en\/product\/chants-dorfeu-chants-dorphee\/","title":{"rendered":"Chants d&#8217;Orfeu &#8211; Chants d&#8217;Orph\u00e9e"},"content":{"rendered":"<p>En occitan avec traduction fran\u00e7aise en regard.<\/p>\n<p>Le mythe ? Orph\u00e9e, de sa lyre et de son chant, charmait tout animal, f\u00fbt-il f\u00e9roce. Le jour de leur noce, un serpent piqua sa femme Eurydice, qui en mourut. Sa musique lui obtint des dieux des Enfers le droit d&#8217;aller la chercher, pourvu qu&#8217;il ne se d\u00e9tourne pas pour la regarder avant qu&#8217;ils soient revenus \u00e0 la clart\u00e9 du jour. Il ne put se tenir \u00e0 l&#8217;interdit et la perdit \u00e0 tout jamais. Et de ce jour son chant ne fut plus que lamentation.<br \/>\nJacques Chauvin, dans son \u0153uvre, convie aussi Narcisse, Adonis m\u00eame, mais il les convie tous au pays de Combraille, o\u00f9 l&#8217;on trouve le serpent d&#8217;Eurydice, la fontaine de Narcisse, le sanglier d&#8217;Adonis. Et le grand taureau du sacrifice pa\u00eet les pr\u00e9s en fleurs des tapisseries d&#8217;Aubusson.<br \/>\nOrph\u00e9e, sorte de Christ avant l&#8217;heure, un Christ violoneux, ne mangeant pas de viande au pays qui en vit, du paysan au boucher.<br \/>\nJacques Chauvin le fait vivre en Combraille comme Bruegel, le v\u00e9ritable, en Flandre ou D\u00fcrer en Franconie. Ainsi voisin, le mythe reprend vigueur, le mythe est vivant, il est d&#8217;aujourd&#8217;hui \u2013 d&#8217;hier \u2013, il est n\u00f4tre.<br \/>\nEt les images de Jan-Marc Sim\u00e9onin finissent de nous le rendre proche.<br \/>\n&#8230; Avec de temps en temps une myst\u00e9rieuse \u00e9chapp\u00e9e de m\u00e9moire au pays de Belv\u00e8s, o\u00f9 les peupliers d&#8217;Italie peignent si bien le ciel&#8230;<\/p>\n","protected":false},"excerpt":{"rendered":"<p>En occitan avec traduction fran\u00e7aise en regard. Le mythe ? Orph\u00e9e, de sa lyre et de son chant, charmait tout animal, f\u00fbt-il f\u00e9roce. Le jour de leur noce, un serpent piqua sa femme Eurydice, qui en mourut. Sa musique lui obtint des dieux des Enfers le droit d&#8217;aller la chercher, pourvu qu&#8217;il ne se d\u00e9tourne [&hellip;]<\/p>\n","protected":false},"featured_media":30096,"template":"","meta":{"_acf_changed":false,"_genesis_hide_title":false,"_genesis_hide_breadcrumbs":false,"_genesis_hide_singular_image":false,"_genesis_hide_footer_widgets":false,"_genesis_custom_body_class":"","_genesis_custom_post_class":"","_genesis_layout":""},"product_brand":[],"product_cat":[7132,7174,7180],"product_tag":[],"class_list":{"0":"post-30104","1":"product","2":"type-product","3":"status-publish","4":"has-post-thumbnail","6":"product_cat-books","7":"product_cat-literature-en","8":"product_cat-poetry-en","9":"pa_auteur-chauvin-jacques-en","10":"pa_editeur-lo-chamin-de-sent-jaume-en","11":"pa_langue-occitan-lemosin-en","12":"pa_langue-occitan-francais-en","13":"entry","15":"first","16":"instock","17":"shipping-taxable","18":"purchasable","19":"product-type-simple"},"acf":[],"_links":{"self":[{"href":"https:\/\/www.libraria-occitana.org\/en\/wp-json\/wp\/v2\/product\/30104","targetHints":{"allow":["GET"]}}],"collection":[{"href":"https:\/\/www.libraria-occitana.org\/en\/wp-json\/wp\/v2\/product"}],"about":[{"href":"https:\/\/www.libraria-occitana.org\/en\/wp-json\/wp\/v2\/types\/product"}],"wp:featuredmedia":[{"embeddable":true,"href":"https:\/\/www.libraria-occitana.org\/en\/wp-json\/wp\/v2\/media\/30096"}],"wp:attachment":[{"href":"https:\/\/www.libraria-occitana.org\/en\/wp-json\/wp\/v2\/media?parent=30104"}],"wp:term":[{"taxonomy":"product_brand","embeddable":true,"href":"https:\/\/www.libraria-occitana.org\/en\/wp-json\/wp\/v2\/product_brand?post=30104"},{"taxonomy":"product_cat","embeddable":true,"href":"https:\/\/www.libraria-occitana.org\/en\/wp-json\/wp\/v2\/product_cat?post=30104"},{"taxonomy":"product_tag","embeddable":true,"href":"https:\/\/www.libraria-occitana.org\/en\/wp-json\/wp\/v2\/product_tag?post=30104"}],"curies":[{"name":"wp","href":"https:\/\/api.w.org\/{rel}","templated":true}]}}