{"id":30117,"date":"2001-10-03T18:16:07","date_gmt":"2001-10-03T16:16:07","guid":{"rendered":"http:\/\/www.libraria-occitana.org\/all-products\/jouets-rustiques-amb-lo-cotelon?lang=en"},"modified":"2026-04-21T00:36:48","modified_gmt":"2026-04-20T22:36:48","slug":"jouets-rustiques-amb-lo-cotelon","status":"publish","type":"product","link":"https:\/\/www.libraria-occitana.org\/en\/product\/jouets-rustiques-amb-lo-cotelon\/","title":{"rendered":"Jouets rustiques : Amb lo cotelon"},"content":{"rendered":"<p>Daniel Descomps a v\u00e9cu son enfance en Corr\u00e8ze, \u00e0 une \u00e9poque o\u00f9 enfants et adultes r\u00e9inventaient \u00e0 la veill\u00e9e les jouets des petits bergers d&#8217;antan. La naissance de ses cinq fils lui fera retrouver cette joie de tresser quelques joncs, de changer une noix en moulin\u2026 Devenu grand-p\u00e8re, il sait que le bonheur est tiss\u00e9 de ces joies enracin\u00e9es au souvenir du c\u0153ur : la main d&#8217;un a\u00efeul, des regards lumineux qui se croisent, en cet instant unique o\u00f9 le jouet prend vie.<br \/>\nCent recettes de jeux et jouets \u00e0 r\u00e9aliser soi-m\u00eame et en famille avec tous les tr\u00e9sors de la nature et un simple Opinel. Un livre inventif, simple et \u00e9ducatif, un grand classique.<\/p>\n<p>Texte bilingue fran\u00e7ais-occitan avec croquis explicatifs.<\/p>\n","protected":false},"excerpt":{"rendered":"<p>Daniel Descomps a v\u00e9cu son enfance en Corr\u00e8ze, \u00e0 une \u00e9poque o\u00f9 enfants et adultes r\u00e9inventaient \u00e0 la veill\u00e9e les jouets des petits bergers d&#8217;antan. La naissance de ses cinq fils lui fera retrouver cette joie de tresser quelques joncs, de changer une noix en moulin\u2026 Devenu grand-p\u00e8re, il sait que le bonheur est tiss\u00e9 [&hellip;]<\/p>\n","protected":false},"featured_media":30110,"template":"","meta":{"_acf_changed":false,"_genesis_hide_title":false,"_genesis_hide_breadcrumbs":false,"_genesis_hide_singular_image":false,"_genesis_hide_footer_widgets":false,"_genesis_custom_body_class":"","_genesis_custom_post_class":"","_genesis_layout":""},"product_brand":[],"product_cat":[7132,7170,7164,7212,7206],"product_tag":[],"class_list":{"0":"post-30117","1":"product","2":"type-product","3":"status-publish","4":"has-post-thumbnail","6":"product_cat-books","7":"product_cat-juvenile-en","8":"product_cat-juvenile-and-teen-comics-humour-en","9":"product_cat-traditional-skills-savoirs-faire-en","10":"product_cat-traditions-heritage-en","11":"pa_auteur-descomps-daniel-en","12":"pa_editeur-lostal-del-libre-en","13":"pa_illustrateur-esquieu-marceu-2-en","14":"pa_langue-occitan-lengadocian-en","15":"pa_langue-occitan-francais-en","16":"entry","18":"first","19":"instock","20":"shipping-taxable","21":"purchasable","22":"product-type-simple"},"acf":[],"_links":{"self":[{"href":"https:\/\/www.libraria-occitana.org\/en\/wp-json\/wp\/v2\/product\/30117","targetHints":{"allow":["GET"]}}],"collection":[{"href":"https:\/\/www.libraria-occitana.org\/en\/wp-json\/wp\/v2\/product"}],"about":[{"href":"https:\/\/www.libraria-occitana.org\/en\/wp-json\/wp\/v2\/types\/product"}],"wp:featuredmedia":[{"embeddable":true,"href":"https:\/\/www.libraria-occitana.org\/en\/wp-json\/wp\/v2\/media\/30110"}],"wp:attachment":[{"href":"https:\/\/www.libraria-occitana.org\/en\/wp-json\/wp\/v2\/media?parent=30117"}],"wp:term":[{"taxonomy":"product_brand","embeddable":true,"href":"https:\/\/www.libraria-occitana.org\/en\/wp-json\/wp\/v2\/product_brand?post=30117"},{"taxonomy":"product_cat","embeddable":true,"href":"https:\/\/www.libraria-occitana.org\/en\/wp-json\/wp\/v2\/product_cat?post=30117"},{"taxonomy":"product_tag","embeddable":true,"href":"https:\/\/www.libraria-occitana.org\/en\/wp-json\/wp\/v2\/product_tag?post=30117"}],"curies":[{"name":"wp","href":"https:\/\/api.w.org\/{rel}","templated":true}]}}