{"id":30136,"date":"2016-06-04T10:51:11","date_gmt":"2016-06-04T09:51:11","guid":{"rendered":"http:\/\/www.libraria-occitana.org\/all-products\/limaginarium?lang=en"},"modified":"2026-04-09T04:51:50","modified_gmt":"2026-04-09T02:51:50","slug":"limaginarium","status":"publish","type":"product","link":"https:\/\/www.libraria-occitana.org\/en\/product\/limaginarium\/","title":{"rendered":"L&#8217;Imaginarium"},"content":{"rendered":"<p>L&#8217;Imaginarium est le nouveau voyage musical et fantastique du groupe. Un bric \u00e0 brac de vieux instruments (vielle \u00e0 roue, nyckelharpa, cornemuse, accord\u00e9on diatonique, &#8230;) qui c\u00f4toie une rythmique implacable (guitare dadgad, bouzouki, basse et batterie) pour enfanter 15 nouveaux morceaux de pur Folk occitan celtico-m\u00e9di\u00e9val festif \u00e0 \u00e9couter et danser sans mod\u00e9ration.<br \/>\nOn y trouve des textes en fran\u00e7ais et en occitan sortis d&#8217;une petite bo\u00eete dans laquelle tout jeune enfant collectionne de multiples sc\u00e9narios issus de ses r\u00eaves les plus doux au plus cauchemardesques.<br \/>\nBrick A Drac va encore s\u00e9vir en r\u00e9activant vos propres galaxies imaginaires !<\/p>\n<p><strong>Titres :<\/strong><br \/>\n1. Planvengut 0&#8217;41<br \/>\n2. L&#8217;Imaginarium 3&#8217;55<br \/>\n3. Derri\u00e8re chez nous \/ Salimonde 3&#8217;29<br \/>\n4. La Danse des serfs 5&#8217;28<br \/>\n5. Tres frair\u00e8s 3&#8217;59<br \/>\n6. L&#8217;Aranha del calabrun 3&#8217;11<br \/>\n7. Gargantua 3&#8217;40<br \/>\n8. Le Blizzard \/ Haboob 4&#8217;59<br \/>\n9. Le Chant de la bi\u00e8re 3&#8217;54<br \/>\n10. Bourr\u00e9es s\u00e9farades 5&#8217;01<br \/>\n11. Polka du bornhon 3&#8217;47<br \/>\n12. Le Drac de mer 4&#8217;45<br \/>\n13. Tocs Occitans 4&#8217;04<br \/>\n14. La Lova blanca \/ Le Badaruc 4&#8217;19<br \/>\n15. Une F\u00e9e (Victor Hugo) 4&#8217;15<\/p>\n","protected":false},"excerpt":{"rendered":"<p>L&#8217;Imaginarium est le nouveau voyage musical et fantastique du groupe. Un bric \u00e0 brac de vieux instruments (vielle \u00e0 roue, nyckelharpa, cornemuse, accord\u00e9on diatonique, &#8230;) qui c\u00f4toie une rythmique implacable (guitare dadgad, bouzouki, basse et batterie) pour enfanter 15 nouveaux morceaux de pur Folk occitan celtico-m\u00e9di\u00e9val festif \u00e0 \u00e9couter et danser sans mod\u00e9ration. On y [&hellip;]<\/p>\n","protected":false},"featured_media":30134,"template":"","meta":{"_acf_changed":false,"_genesis_hide_title":false,"_genesis_hide_breadcrumbs":false,"_genesis_hide_singular_image":false,"_genesis_hide_footer_widgets":false,"_genesis_custom_body_class":"","_genesis_custom_post_class":"","_genesis_layout":""},"product_brand":[],"product_cat":[7216,7232],"product_tag":[],"class_list":{"0":"post-30136","1":"product","2":"type-product","3":"status-publish","4":"has-post-thumbnail","6":"product_cat-music-en","7":"product_cat-rock-pop-en","8":"pa_auteur-brick-a-drac-en","9":"pa_editeur-brennus-music-en","10":"pa_langue-francais-en","11":"pa_langue-occitan-en","12":"pa_langue-occitan-lengadocian-en","13":"entry","15":"first","16":"instock","17":"shipping-taxable","18":"purchasable","19":"product-type-simple"},"acf":[],"_links":{"self":[{"href":"https:\/\/www.libraria-occitana.org\/en\/wp-json\/wp\/v2\/product\/30136","targetHints":{"allow":["GET"]}}],"collection":[{"href":"https:\/\/www.libraria-occitana.org\/en\/wp-json\/wp\/v2\/product"}],"about":[{"href":"https:\/\/www.libraria-occitana.org\/en\/wp-json\/wp\/v2\/types\/product"}],"wp:featuredmedia":[{"embeddable":true,"href":"https:\/\/www.libraria-occitana.org\/en\/wp-json\/wp\/v2\/media\/30134"}],"wp:attachment":[{"href":"https:\/\/www.libraria-occitana.org\/en\/wp-json\/wp\/v2\/media?parent=30136"}],"wp:term":[{"taxonomy":"product_brand","embeddable":true,"href":"https:\/\/www.libraria-occitana.org\/en\/wp-json\/wp\/v2\/product_brand?post=30136"},{"taxonomy":"product_cat","embeddable":true,"href":"https:\/\/www.libraria-occitana.org\/en\/wp-json\/wp\/v2\/product_cat?post=30136"},{"taxonomy":"product_tag","embeddable":true,"href":"https:\/\/www.libraria-occitana.org\/en\/wp-json\/wp\/v2\/product_tag?post=30136"}],"curies":[{"name":"wp","href":"https:\/\/api.w.org\/{rel}","templated":true}]}}