{"id":30172,"date":"2007-04-17T14:45:27","date_gmt":"2007-04-17T13:45:27","guid":{"rendered":"http:\/\/www.libraria-occitana.org\/all-products\/dordogne-perigord-encyclopedie-bonneton?lang=en"},"modified":"2020-06-12T14:30:00","modified_gmt":"2020-06-12T12:30:00","slug":"dordogne-perigord-encyclopedie-bonneton","status":"publish","type":"product","link":"https:\/\/www.libraria-occitana.org\/en\/product\/dordogne-perigord-encyclopedie-bonneton\/","title":{"rendered":"Dordogne, P\u00e9rigord : Encyclop\u00e9die Bonneton"},"content":{"rendered":"<p>Dordogne aux multiples couleurs : cama\u00efeu vert des prairies et des noyers, collines entaill\u00e9es dans des gr\u00e8s roses et des argiles rouges, larges horizons blanchis du Rib\u00e9racois, sombre manteau forestier des ch\u00eanes truffiers, des ch\u00e2taigniers et des r\u00e9sineux&#8230;<br \/>\nDordogne dont la langue a fa\u00e7onn\u00e9 pendant des si\u00e8cles la m\u00e9moire collective.<br \/>\nPrestiges du P\u00e9rigord litt\u00e9raire : Montaigne et La Bo\u00e9tie, Brant\u00f4me, F\u00e9nelon, Maine de Biran, Eug\u00e8ne Le Roy, depuis la po\u00e9sie (et la musique) des troubadours, chaque si\u00e8cle a ses gloires.<br \/>\nLa Dordogne, terre d&#8217;accueil depuis 450 000 ans attire toujours autant. Il est vrai qu&#8217;on ne compte plus ses ch\u00e2teaux, mus\u00e9es, \u00e9glises, grottes ou sites naturels remarquables.<br \/>\nEt le P\u00e9rigord vous r\u00e9serve bien d&#8217;autres surprises&#8230;<\/p>\n","protected":false},"excerpt":{"rendered":"<p>Dordogne aux multiples couleurs : cama\u00efeu vert des prairies et des noyers, collines entaill\u00e9es dans des gr\u00e8s roses et des argiles rouges, larges horizons blanchis du Rib\u00e9racois, sombre manteau forestier des ch\u00eanes truffiers, des ch\u00e2taigniers et des r\u00e9sineux&#8230; Dordogne dont la langue a fa\u00e7onn\u00e9 pendant des si\u00e8cles la m\u00e9moire collective. Prestiges du P\u00e9rigord litt\u00e9raire : [&hellip;]<\/p>\n","protected":false},"featured_media":30170,"template":"","meta":{"_acf_changed":false,"_genesis_hide_title":false,"_genesis_hide_breadcrumbs":false,"_genesis_hide_singular_image":false,"_genesis_hide_footer_widgets":false,"_genesis_custom_body_class":"","_genesis_custom_post_class":"","_genesis_layout":""},"product_brand":[],"product_cat":[7132,7198,7196],"product_tag":[],"class_list":{"0":"post-30172","1":"product","2":"type-product","3":"status-publish","4":"has-post-thumbnail","6":"product_cat-books","7":"product_cat-guides-tourism-en","8":"product_cat-nature-tourism-en","9":"pa_auteur-collectiu-en-2","10":"pa_editeur-christine-bonneton-en","11":"pa_langue-francais-en","12":"entry","14":"first","15":"outofstock","16":"shipping-taxable","17":"purchasable","18":"product-type-simple"},"acf":[],"_links":{"self":[{"href":"https:\/\/www.libraria-occitana.org\/en\/wp-json\/wp\/v2\/product\/30172","targetHints":{"allow":["GET"]}}],"collection":[{"href":"https:\/\/www.libraria-occitana.org\/en\/wp-json\/wp\/v2\/product"}],"about":[{"href":"https:\/\/www.libraria-occitana.org\/en\/wp-json\/wp\/v2\/types\/product"}],"wp:featuredmedia":[{"embeddable":true,"href":"https:\/\/www.libraria-occitana.org\/en\/wp-json\/wp\/v2\/media\/30170"}],"wp:attachment":[{"href":"https:\/\/www.libraria-occitana.org\/en\/wp-json\/wp\/v2\/media?parent=30172"}],"wp:term":[{"taxonomy":"product_brand","embeddable":true,"href":"https:\/\/www.libraria-occitana.org\/en\/wp-json\/wp\/v2\/product_brand?post=30172"},{"taxonomy":"product_cat","embeddable":true,"href":"https:\/\/www.libraria-occitana.org\/en\/wp-json\/wp\/v2\/product_cat?post=30172"},{"taxonomy":"product_tag","embeddable":true,"href":"https:\/\/www.libraria-occitana.org\/en\/wp-json\/wp\/v2\/product_tag?post=30172"}],"curies":[{"name":"wp","href":"https:\/\/api.w.org\/{rel}","templated":true}]}}