{"id":30178,"date":"2008-09-18T11:41:12","date_gmt":"2008-09-18T09:41:12","guid":{"rendered":"http:\/\/www.libraria-occitana.org\/all-products\/a-hum-de-calhau-le-gascon-en-25-lecons-tome-ii-libre-cd?lang=en"},"modified":"2026-04-08T22:51:40","modified_gmt":"2026-04-08T20:51:40","slug":"a-hum-de-calhau-le-gascon-en-25-lecons-tome-ii-libre-audio","status":"publish","type":"product","link":"https:\/\/www.libraria-occitana.org\/en\/product\/a-hum-de-calhau-le-gascon-en-25-lecons-tome-ii-libre-audio\/","title":{"rendered":"A hum de calhau : Le gascon en 25 le\u00e7ons Tome II (libre + audi\u00f2)"},"content":{"rendered":"<p>Voici une nouvelle m\u00e9thode d\u2019apprentissage du gascon \u00e0 la fois moderne et pratique, p\u00e9dagogique et ludique con\u00e7ue par Patric Guilhemjoan et le dessinateur Ohazar, connu pour son talent et sa plume \u00e9nergique. Le second tome comprend douze des vingt-cinq unit\u00e9s d\u2019apprentissage et est accompagn\u00e9 de documents audio t\u00e9l\u00e9chargeables gr\u00e2ce au lien qui vous sera envoy\u00e9 par mail lorsque vous en ferez la demande \u00e0 secretariat@pernoste.com. Elle s\u2019adresse \u00e0 un public diversifi\u00e9 : d\u00e9butants, personnes parlant un peu ou n\u2019ayant pas parl\u00e9 depuis longtemps\u2026 C\u2019est aussi un support p\u00e9dagogique pour les cours d\u2019adultes.<\/p>\n<p><a href=\"http:\/\/www.libraria-occitana.org\/produit\/a-hum-de-calhau-le-gascon-en-25-lecons-tome-i-libre-audio\/\"><em>A hum de calhau : Le gascon en 25 le\u00e7ons Tome I<\/em><\/a><\/p>\n","protected":false},"excerpt":{"rendered":"<p>Voici une nouvelle m\u00e9thode d\u2019apprentissage du gascon \u00e0 la fois moderne et pratique, p\u00e9dagogique et ludique con\u00e7ue par Patric Guilhemjoan et le dessinateur Ohazar, connu pour son talent et sa plume \u00e9nergique. Le second tome comprend douze des vingt-cinq unit\u00e9s d\u2019apprentissage et est accompagn\u00e9 de documents audio t\u00e9l\u00e9chargeables gr\u00e2ce au lien qui vous sera envoy\u00e9 [&hellip;]<\/p>\n","protected":false},"featured_media":30176,"template":"","meta":{"_acf_changed":false,"_genesis_hide_title":false,"_genesis_hide_breadcrumbs":false,"_genesis_hide_singular_image":false,"_genesis_hide_footer_widgets":false,"_genesis_custom_body_class":"","_genesis_custom_post_class":"","_genesis_layout":""},"product_brand":[],"product_cat":[7132,7142,7136],"product_tag":[],"class_list":{"0":"post-30178","1":"product","2":"type-product","3":"status-publish","4":"has-post-thumbnail","6":"product_cat-books","7":"product_cat-course-books-en","8":"product_cat-dictionaries-language-educational-en","9":"pa_auteur-guilhemjoan-patric-en","10":"pa_editeur-per-noste-en","11":"pa_illustrateur-ohazar-en","12":"pa_langue-occitan-gascon-en","13":"pa_langue-occitan-francais-en","14":"entry","16":"first","17":"instock","18":"shipping-taxable","19":"purchasable","20":"product-type-simple"},"acf":[],"_links":{"self":[{"href":"https:\/\/www.libraria-occitana.org\/en\/wp-json\/wp\/v2\/product\/30178","targetHints":{"allow":["GET"]}}],"collection":[{"href":"https:\/\/www.libraria-occitana.org\/en\/wp-json\/wp\/v2\/product"}],"about":[{"href":"https:\/\/www.libraria-occitana.org\/en\/wp-json\/wp\/v2\/types\/product"}],"wp:featuredmedia":[{"embeddable":true,"href":"https:\/\/www.libraria-occitana.org\/en\/wp-json\/wp\/v2\/media\/30176"}],"wp:attachment":[{"href":"https:\/\/www.libraria-occitana.org\/en\/wp-json\/wp\/v2\/media?parent=30178"}],"wp:term":[{"taxonomy":"product_brand","embeddable":true,"href":"https:\/\/www.libraria-occitana.org\/en\/wp-json\/wp\/v2\/product_brand?post=30178"},{"taxonomy":"product_cat","embeddable":true,"href":"https:\/\/www.libraria-occitana.org\/en\/wp-json\/wp\/v2\/product_cat?post=30178"},{"taxonomy":"product_tag","embeddable":true,"href":"https:\/\/www.libraria-occitana.org\/en\/wp-json\/wp\/v2\/product_tag?post=30178"}],"curies":[{"name":"wp","href":"https:\/\/api.w.org\/{rel}","templated":true}]}}