{"id":30184,"date":"2017-01-18T11:04:01","date_gmt":"2017-01-18T10:04:01","guid":{"rendered":"http:\/\/www.libraria-occitana.org\/all-products\/parlar-plan?lang=en"},"modified":"2026-04-29T10:49:13","modified_gmt":"2026-04-29T08:49:13","slug":"parlar-plan","status":"publish","type":"product","link":"https:\/\/www.libraria-occitana.org\/en\/product\/parlar-plan\/","title":{"rendered":"Parlar plan"},"content":{"rendered":"<p>Au commencement il y eut les questions de ceux qui voulaient apprendre \u00e0 bien parler. Gr\u00e2ce aux nombreux ouvrages existants et \u00e0 ceux qui furent \u00e9dit\u00e9s ensuite, les r\u00e9ponses furent faciles \u00e0 trouver.<br \/>\nEt ainsi s\u2019\u00e9tablit la cha\u00eene liant les auteurs de grammaires, dictionnaires et m\u00e9thodes d\u2019apprentissage du gascon, enseignants et apprenants.<br \/>\nIl s\u2019agit d\u2019une vingtaine d\u2019ouvrages au moins, importants pour la plupart, seulement en Gascogne. Nous avons \u00e9galement puis\u00e9, pour r\u00e9pondre aux questions et donner aux r\u00e9ponses davantage de poids, dans les \u0153uvres de tout l\u2019espace occitano-catalan.<br \/>\nIl arrive toujours des questions, la chronique \u00ab parlar plan \u00bb continue sur <em>Pa\u00eds Gascons<\/em> alors que d\u2019autres outils bien plus importants se pr\u00e9parent.<br \/>\nCe livre est seulement une \u00e9tape, un maillon de la cha\u00eene qui s\u2019allongera et cro\u00eetra jusqu\u2019\u00e0 ce que nous ayons tout ce dont une langue a besoin pour vivre et r\u00e9sister, de sorte que la langue gasconne parvienne \u00e0 une situation s\u00fbre o\u00f9 elle puisse consid\u00e9rer comme ses \u00e9gales les autres grandes langues europ\u00e9ennes.<\/p>\n","protected":false},"excerpt":{"rendered":"<p>Au commencement il y eut les questions de ceux qui voulaient apprendre \u00e0 bien parler. Gr\u00e2ce aux nombreux ouvrages existants et \u00e0 ceux qui furent \u00e9dit\u00e9s ensuite, les r\u00e9ponses furent faciles \u00e0 trouver. Et ainsi s\u2019\u00e9tablit la cha\u00eene liant les auteurs de grammaires, dictionnaires et m\u00e9thodes d\u2019apprentissage du gascon, enseignants et apprenants. Il s\u2019agit d\u2019une [&hellip;]<\/p>\n","protected":false},"featured_media":30182,"template":"","meta":{"_acf_changed":false,"_genesis_hide_title":false,"_genesis_hide_breadcrumbs":false,"_genesis_hide_singular_image":false,"_genesis_hide_footer_widgets":false,"_genesis_custom_body_class":"","_genesis_custom_post_class":"","_genesis_layout":""},"product_brand":[],"product_cat":[7132,7136,7146],"product_tag":[],"class_list":{"0":"post-30184","1":"product","2":"type-product","3":"status-publish","4":"has-post-thumbnail","6":"product_cat-books","7":"product_cat-dictionaries-language-educational-en","8":"product_cat-vocabulary-idioms-en","9":"pa_auteur-narioo-gilabert-en","10":"pa_editeur-per-noste-en","11":"pa_langue-occitan-en","12":"pa_langue-occitan-gascon-en","13":"entry","15":"first","16":"instock","17":"shipping-taxable","18":"purchasable","19":"product-type-simple"},"acf":[],"_links":{"self":[{"href":"https:\/\/www.libraria-occitana.org\/en\/wp-json\/wp\/v2\/product\/30184","targetHints":{"allow":["GET"]}}],"collection":[{"href":"https:\/\/www.libraria-occitana.org\/en\/wp-json\/wp\/v2\/product"}],"about":[{"href":"https:\/\/www.libraria-occitana.org\/en\/wp-json\/wp\/v2\/types\/product"}],"wp:featuredmedia":[{"embeddable":true,"href":"https:\/\/www.libraria-occitana.org\/en\/wp-json\/wp\/v2\/media\/30182"}],"wp:attachment":[{"href":"https:\/\/www.libraria-occitana.org\/en\/wp-json\/wp\/v2\/media?parent=30184"}],"wp:term":[{"taxonomy":"product_brand","embeddable":true,"href":"https:\/\/www.libraria-occitana.org\/en\/wp-json\/wp\/v2\/product_brand?post=30184"},{"taxonomy":"product_cat","embeddable":true,"href":"https:\/\/www.libraria-occitana.org\/en\/wp-json\/wp\/v2\/product_cat?post=30184"},{"taxonomy":"product_tag","embeddable":true,"href":"https:\/\/www.libraria-occitana.org\/en\/wp-json\/wp\/v2\/product_tag?post=30184"}],"curies":[{"name":"wp","href":"https:\/\/api.w.org\/{rel}","templated":true}]}}