{"id":30223,"date":"2014-09-15T18:08:43","date_gmt":"2014-09-15T16:08:43","guid":{"rendered":"http:\/\/www.libraria-occitana.org\/all-products\/utopies-en-limousin-de-boussac-a-tarnac-histoires-dautres-possibles?lang=en"},"modified":"2026-04-29T00:56:09","modified_gmt":"2026-04-28T22:56:09","slug":"utopies-en-limousin-de-boussac-a-tarnac-histoires-dautres-possibles","status":"publish","type":"product","link":"https:\/\/www.libraria-occitana.org\/en\/product\/utopies-en-limousin-de-boussac-a-tarnac-histoires-dautres-possibles\/","title":{"rendered":"Utopies en Limousin : De Boussac \u00e0 Tarnac, histoires d&#8217;autres possibles"},"content":{"rendered":"<p>Imaginer un avenir meilleur : nombreux sont ceux qui, au cours de l\u2019histoire, ont tent\u00e9 de transformer la soci\u00e9t\u00e9 dans laquelle ils vivaient ou d\u2019influer sur ses pratiques en s\u2019adonnant \u00e0 l\u2019Utopie. De l\u2019imprimerie coop\u00e9rative de Pierre Leroux \u00e0 Boussac aux n\u00e9o-ruraux du plateau de Millevaches, le Limousin dispose en ce domaine d\u2019un riche ensemble d\u2019exp\u00e9riences.<\/p>\n<p><strong>Sommaire :<\/strong><br \/>\n&#8211; De Boussac \u00e0 Tarnac : Utopies en Limousin &#8211; introduction : Dominique Danthieux<br \/>\n&#8211; L\u2019 utopie chez les fous de Dieu. X\u00e8me &#8211; XIII\u00e8me si\u00e8cles &#8211; essai : Robert Chanaud<br \/>\n&#8211; Je ferai un vers de pur rien &#8211; essai : Sylvette N\u00e9guiral<br \/>\n&#8211; Joseph Corr\u00e8ze (1790-1862), un saint-simonien limousin m\u00e9connu &#8211; essai : Gilbert Beaubatie<br \/>\n&#8211; Pierre Leroux et \u00ab l\u2019\u00c9cole de Boussac \u00bb &#8211; essai : Annette Marsac<br \/>\n&#8211; L\u2019Union de Limoges, l\u2019utopie r\u00e9alis\u00e9e ? &#8211; essai : Dominique Danthieux et Philippe Grandcoing<br \/>\n&#8211; Utopies ouvri\u00e8res &#8211; essai : Dominique Danthieux et Philippe Grandcoing<br \/>\n&#8211; Le diamant, une utopie trompeuse &#8211; essai : Alain Carof<br \/>\n&#8211; Une utopie anarchiste en Limousin ou Germinal, une matrice libertaire \u00e0 Saint-Junien &#8211; essai : Vincent Brousse<br \/>\n&#8211; Sainte-Feyre et Clairvivre : deux utopies sanitaires au c\u0153ur du territoire &#8211; essai : Philippe Grandcoing<br \/>\n&#8211; La maison des \u00e9tudiants de Limoges (1928-1934) &#8211; essai : Bernard Pommaret<br \/>\n&#8211; Exp\u00e9riences de kibboutzim en Limousin et en Quercy (1933-1935) &#8211; essai : Vincent Brousse<br \/>\n&#8211; La ferme-\u00e9cole de Bl\u00e9mont (1941-1943) &#8211; essai : Bernard Pommaret<br \/>\n&#8211; Ligoure : de l\u2019utopie conservatrice \u00e0 l\u2019utopie associative &#8211; essai : Philippe Grandcoing et Annette Manigaud<br \/>\n&#8211; La Jeune Chambre \u00c9conomique de Limoges, une utopie en action du local au global &#8211; essai : Clothilde Druelle-Korn<br \/>\n&#8211; La Montagne limousine, terre d\u2019utopies ? &#8211; essai : Dominique Danthieux<br \/>\n&#8211; Autour de Faux-la-Montagne : une ruche alternative &#8211; essai : Annette Marsac<br \/>\n&#8211; Les perspectives de l\u2019\u00c9conomie Sociale et Solidaire &#8211; essai : Marius Chevallier et Denis Malabou<\/p>\n<p>Pr\u00e9face de Pierre Bergounioux, \u00e9crivain fran\u00e7ais, agr\u00e9g\u00e9 de lettres modernes, professeur de lettres et sculpteur.<\/p>\n","protected":false},"excerpt":{"rendered":"<p>Imaginer un avenir meilleur : nombreux sont ceux qui, au cours de l\u2019histoire, ont tent\u00e9 de transformer la soci\u00e9t\u00e9 dans laquelle ils vivaient ou d\u2019influer sur ses pratiques en s\u2019adonnant \u00e0 l\u2019Utopie. De l\u2019imprimerie coop\u00e9rative de Pierre Leroux \u00e0 Boussac aux n\u00e9o-ruraux du plateau de Millevaches, le Limousin dispose en ce domaine d\u2019un riche ensemble [&hellip;]<\/p>\n","protected":false},"featured_media":30221,"template":"","meta":{"_acf_changed":false,"_genesis_hide_title":false,"_genesis_hide_breadcrumbs":false,"_genesis_hide_singular_image":false,"_genesis_hide_footer_widgets":false,"_genesis_custom_body_class":"","_genesis_custom_post_class":"","_genesis_layout":""},"product_brand":[],"product_cat":[7132,7148,7158],"product_tag":[],"class_list":{"0":"post-30223","1":"product","2":"type-product","3":"status-publish","4":"has-post-thumbnail","6":"product_cat-books","7":"product_cat-history-geography-en","8":"product_cat-modern-and-contemporary-history-en","9":"pa_editeur-les-ardents-editeurs-en","10":"pa_langue-francais-en","11":"entry","13":"first","14":"instock","15":"shipping-taxable","16":"purchasable","17":"product-type-simple"},"acf":[],"_links":{"self":[{"href":"https:\/\/www.libraria-occitana.org\/en\/wp-json\/wp\/v2\/product\/30223","targetHints":{"allow":["GET"]}}],"collection":[{"href":"https:\/\/www.libraria-occitana.org\/en\/wp-json\/wp\/v2\/product"}],"about":[{"href":"https:\/\/www.libraria-occitana.org\/en\/wp-json\/wp\/v2\/types\/product"}],"wp:featuredmedia":[{"embeddable":true,"href":"https:\/\/www.libraria-occitana.org\/en\/wp-json\/wp\/v2\/media\/30221"}],"wp:attachment":[{"href":"https:\/\/www.libraria-occitana.org\/en\/wp-json\/wp\/v2\/media?parent=30223"}],"wp:term":[{"taxonomy":"product_brand","embeddable":true,"href":"https:\/\/www.libraria-occitana.org\/en\/wp-json\/wp\/v2\/product_brand?post=30223"},{"taxonomy":"product_cat","embeddable":true,"href":"https:\/\/www.libraria-occitana.org\/en\/wp-json\/wp\/v2\/product_cat?post=30223"},{"taxonomy":"product_tag","embeddable":true,"href":"https:\/\/www.libraria-occitana.org\/en\/wp-json\/wp\/v2\/product_tag?post=30223"}],"curies":[{"name":"wp","href":"https:\/\/api.w.org\/{rel}","templated":true}]}}