{"id":30235,"date":"2012-06-15T18:53:53","date_gmt":"2012-06-15T16:53:53","guid":{"rendered":"http:\/\/www.libraria-occitana.org\/all-products\/dans-les-rochers-du-viallaneix?lang=en"},"modified":"2026-04-29T05:21:36","modified_gmt":"2026-04-29T03:21:36","slug":"dans-les-rochers-du-viallaneix","status":"publish","type":"product","link":"https:\/\/www.libraria-occitana.org\/en\/product\/dans-les-rochers-du-viallaneix\/","title":{"rendered":"Dans les rochers du Viallaneix"},"content":{"rendered":"<p><strong>Jean-Pierre Champeval :<\/strong> violons, voix<br \/>\n<strong>Olivier Durif :<\/strong> violon, voix<\/p>\n<p><strong>Invit\u00e9s :<\/strong><br \/>\n<strong>Herv\u00e9 Capel :<\/strong> accord\u00e9on chromatique, voix<br \/>\n<strong>Laurent Rousseau :<\/strong> guitares, guitare \u00e0 bourr\u00e9e, graviers \u00e0 b\u00e9ton, capteur dentaire, placapied, gong agricole, voix<\/p>\n<p><strong>Titres :<\/strong><br \/>\n1. &#8220;Le sorcier de Chadebech, Bourr\u00e9e de Mardi-Gras&#8221; 2&#8217;25<br \/>\n2. &#8220;Chez nous, il y a une montagne&#8221; 1&#8217;48<br \/>\n3. &#8220;Bour\u00e9e \u00e0 Pouget, la Courbiase&#8221; 3&#8217;11<br \/>\n4. &#8220;Suite de scottishes Le Vicaire&#8221; 5&#8217;22<br \/>\n5. &#8220;Blues valse&#8221; 2&#8217;15<br \/>\n6. &#8220;Doum-doum, Los faures, Aurons-nous point la guerre&#8221; 6&#8217;46<br \/>\n7. &#8220;La ferme des Rosiers, Rue de Stockholm&#8221; 3&#8217;53<br \/>\n8. &#8220;Suites de bourr\u00e9es&#8221; 3&#8217;25<br \/>\n9. &#8220;Bourr\u00e9e de l&#8217;H\u00f4pital, Tant pire&#8221; 3&#8217;20<br \/>\n10. &#8220;Suite de Marches de noces&#8221; 2&#8217;44<br \/>\n11. &#8220;Chanson \u00e0 mastiquer en voyage&#8230;&#8221; 3&#8217;05<br \/>\n12. &#8220;Bourr\u00e9e des vieux, Las peras maduras&#8221; 2&#8217;19<br \/>\n13. &#8220;Pa\u00efre&#8221; 2&#8217;49<br \/>\n14. &#8220;Transhumance&#8221; 3&#8217;09<br \/>\n15. &#8220;La valse blouse \u00e0 J.-P.&#8221; 4&#8217;25<\/p>\n","protected":false},"excerpt":{"rendered":"<p>Jean-Pierre Champeval : violons, voix Olivier Durif : violon, voix Invit\u00e9s : Herv\u00e9 Capel : accord\u00e9on chromatique, voix Laurent Rousseau : guitares, guitare \u00e0 bourr\u00e9e, graviers \u00e0 b\u00e9ton, capteur dentaire, placapied, gong agricole, voix Titres : 1. &#8220;Le sorcier de Chadebech, Bourr\u00e9e de Mardi-Gras&#8221; 2&#8217;25 2. &#8220;Chez nous, il y a une montagne&#8221; 1&#8217;48 3. [&hellip;]<\/p>\n","protected":false},"featured_media":30233,"template":"","meta":{"_acf_changed":false,"_genesis_hide_title":false,"_genesis_hide_breadcrumbs":false,"_genesis_hide_singular_image":false,"_genesis_hide_footer_widgets":false,"_genesis_custom_body_class":"","_genesis_custom_post_class":"","_genesis_layout":""},"product_brand":[],"product_cat":[7228,7216],"product_tag":[],"class_list":{"0":"post-30235","1":"product","2":"type-product","3":"status-publish","4":"has-post-thumbnail","6":"product_cat-modern-folk-en","7":"product_cat-music-en","8":"pa_auteur-champeval-jean-pierre-en","9":"pa_auteur-durif-olivier-en","10":"pa_editeur-cinq-planetes-en","11":"pa_langue-francais-en","12":"pa_langue-occitan-en","13":"pa_langue-occitan-lemosin-en","14":"entry","16":"first","17":"outofstock","18":"shipping-taxable","19":"purchasable","20":"product-type-simple"},"acf":[],"_links":{"self":[{"href":"https:\/\/www.libraria-occitana.org\/en\/wp-json\/wp\/v2\/product\/30235","targetHints":{"allow":["GET"]}}],"collection":[{"href":"https:\/\/www.libraria-occitana.org\/en\/wp-json\/wp\/v2\/product"}],"about":[{"href":"https:\/\/www.libraria-occitana.org\/en\/wp-json\/wp\/v2\/types\/product"}],"wp:featuredmedia":[{"embeddable":true,"href":"https:\/\/www.libraria-occitana.org\/en\/wp-json\/wp\/v2\/media\/30233"}],"wp:attachment":[{"href":"https:\/\/www.libraria-occitana.org\/en\/wp-json\/wp\/v2\/media?parent=30235"}],"wp:term":[{"taxonomy":"product_brand","embeddable":true,"href":"https:\/\/www.libraria-occitana.org\/en\/wp-json\/wp\/v2\/product_brand?post=30235"},{"taxonomy":"product_cat","embeddable":true,"href":"https:\/\/www.libraria-occitana.org\/en\/wp-json\/wp\/v2\/product_cat?post=30235"},{"taxonomy":"product_tag","embeddable":true,"href":"https:\/\/www.libraria-occitana.org\/en\/wp-json\/wp\/v2\/product_tag?post=30235"}],"curies":[{"name":"wp","href":"https:\/\/api.w.org\/{rel}","templated":true}]}}