{"id":30243,"date":"2014-10-16T11:05:52","date_gmt":"2014-10-16T10:05:52","guid":{"rendered":"http:\/\/www.libraria-occitana.org\/all-products\/ernest-e-celestina?lang=en"},"modified":"2026-04-15T03:56:57","modified_gmt":"2026-04-15T01:56:57","slug":"ernest-e-celestina","status":"publish","type":"product","link":"https:\/\/www.libraria-occitana.org\/en\/product\/ernest-e-celestina\/","title":{"rendered":"Ern\u00e8st e Celestina"},"content":{"rendered":"<p>Version occitane du film d&#8217;animation <em>Ernest et C\u00e9lestine<\/em> (Les Armateurs \/ Studiocanal).<\/p>\n<p>Dans le monde conventionnel des ours, il est mal vu de se lier d\u2019amiti\u00e9 avec une souris. Et pourtant, Ernest, gros ours marginal, clown et musicien, va accueillir chez lui la petite C\u00e9lestine, une orpheline qui a fui le monde souterrain des rongeurs. Ces deux solitaires vont se soutenir et se r\u00e9conforter, et bousculer ainsi l\u2019ordre \u00e9tabli..<\/p>\n<p>Avec les voix de J\u00f2rdi Besombes, Maria-Nadau B\u00f2rdenava, Monica Burg, Silvan Carr\u00e8re, Cecila Chapduelh, Caroline Dufau, Maria-Odila Dumeaux, Ives Durand, Serg\u00ed Faugeria, P\u00e8ir Arnaut Grosclaude\u2013Lapl\u00e9ch\u00e8re, Rod\u00edn Kaufmann, Violette Labadie, H\u00e9lio Labadie, Lauren\u00e7 Labadia, Philippe Neyrat, Claudina Paul-Gr\u00f2s, Marie-H\u00e9l\u00e8ne Peyresaubes, Adrien Pla, Guilhem Surpas.<\/p>\n<p><iframe loading=\"lazy\" width=\"560\" height=\"315\" src=\"https:\/\/www.youtube.com\/embed\/y1FKVcuzGRw\" title=\"YouTube video player\" frameborder=\"0\" allow=\"accelerometer; autoplay; clipboard-write; encrypted-media; gyroscope; picture-in-picture\" allowfullscreen><\/iframe><\/p>\n","protected":false},"excerpt":{"rendered":"<p>Version occitane du film d&#8217;animation Ernest et C\u00e9lestine (Les Armateurs \/ Studiocanal). Dans le monde conventionnel des ours, il est mal vu de se lier d\u2019amiti\u00e9 avec une souris. Et pourtant, Ernest, gros ours marginal, clown et musicien, va accueillir chez lui la petite C\u00e9lestine, une orpheline qui a fui le monde souterrain des rongeurs. [&hellip;]<\/p>\n","protected":false},"featured_media":30241,"template":"","meta":{"_acf_changed":false,"_genesis_hide_title":false,"_genesis_hide_breadcrumbs":false,"_genesis_hide_singular_image":false,"_genesis_hide_footer_widgets":false,"_genesis_custom_body_class":"","_genesis_custom_post_class":"","_genesis_layout":""},"product_brand":[],"product_cat":[7245,7249],"product_tag":[],"class_list":{"0":"post-30243","1":"product","2":"type-product","3":"status-publish","4":"has-post-thumbnail","6":"product_cat-juvenile-and-teen-videos-2-en","7":"product_cat-videos-3-en","8":"pa_auteur-aubier-stephane-en","9":"pa_auteur-patar-vincent-en","10":"pa_auteur-renner-benjamin-en","11":"pa_editeur-contam-en","12":"pa_editeur-les-armateurs-en","13":"pa_editeur-studiocanal-en","14":"pa_langue-occitan-en","15":"entry","17":"first","18":"outofstock","19":"shipping-taxable","20":"purchasable","21":"product-type-simple"},"acf":[],"_links":{"self":[{"href":"https:\/\/www.libraria-occitana.org\/en\/wp-json\/wp\/v2\/product\/30243","targetHints":{"allow":["GET"]}}],"collection":[{"href":"https:\/\/www.libraria-occitana.org\/en\/wp-json\/wp\/v2\/product"}],"about":[{"href":"https:\/\/www.libraria-occitana.org\/en\/wp-json\/wp\/v2\/types\/product"}],"wp:featuredmedia":[{"embeddable":true,"href":"https:\/\/www.libraria-occitana.org\/en\/wp-json\/wp\/v2\/media\/30241"}],"wp:attachment":[{"href":"https:\/\/www.libraria-occitana.org\/en\/wp-json\/wp\/v2\/media?parent=30243"}],"wp:term":[{"taxonomy":"product_brand","embeddable":true,"href":"https:\/\/www.libraria-occitana.org\/en\/wp-json\/wp\/v2\/product_brand?post=30243"},{"taxonomy":"product_cat","embeddable":true,"href":"https:\/\/www.libraria-occitana.org\/en\/wp-json\/wp\/v2\/product_cat?post=30243"},{"taxonomy":"product_tag","embeddable":true,"href":"https:\/\/www.libraria-occitana.org\/en\/wp-json\/wp\/v2\/product_tag?post=30243"}],"curies":[{"name":"wp","href":"https:\/\/api.w.org\/{rel}","templated":true}]}}