{"id":30249,"date":"2015-11-16T11:26:18","date_gmt":"2015-11-16T10:26:18","guid":{"rendered":"http:\/\/www.libraria-occitana.org\/all-products\/etudes-de-langue-et-dhistoire-occitanes?lang=en"},"modified":"2026-04-02T20:16:18","modified_gmt":"2026-04-02T18:16:18","slug":"etudes-de-langue-et-dhistoire-occitanes","status":"publish","type":"product","link":"https:\/\/www.libraria-occitana.org\/en\/product\/etudes-de-langue-et-dhistoire-occitanes\/","title":{"rendered":"\u00c9tudes de langue et d&#8217;histoire occitanes"},"content":{"rendered":"<p>Les Occitans ont-ils une histoire ? Entendons, une histoire qui leur soit propre et qui, tout en les associant la plupart du temps (pour le meilleur ou pour le pire\u2026) aux autres Fran\u00e7ais, r\u00e9v\u00e8le cependant des sp\u00e9cificit\u00e9s qui les en distinguent ? Il a sembl\u00e9 \u00e0 Philippe Martel que c\u2019\u00e9tait une question suffisamment importante pour qu\u2019il lui consacre un certain nombre de publications depuis une quarantaine d\u2019ann\u00e9es. On en trouvera ici un choix repr\u00e9sentatif de certains aspects de son cheminement scientifique. Outre une r\u00e9flexion liminaire, d\u2019ordre historiographique, sur l\u2019h\u00e9ritage des historiens du \u00ab Midi \u00bb, professionnels ou non, depuis le XIXe si\u00e8cle, sont repris ici des articles traitant d\u2019histoire m\u00e9di\u00e9vale &#8211; le premier terrain sur lequel s\u2019est engag\u00e9 l\u2019auteur. Viennent ensuite des \u00e9tudes d\u2019histoire contemporaine sur l\u2019\u00e9cho que les \u00e9v\u00e9nements politiques qui ont marqu\u00e9 la France depuis la R\u00e9volution ont trouv\u00e9 dans l\u2019\u00e9crit d\u2019oc et sur l\u2019histoire de la renaissance occitane depuis Fr\u00e9d\u00e9ric Mistral. Les derniers textes refl\u00e8tent ce qu\u2019ont \u00e9t\u00e9, \u00e0 tel ou tel moment, les pr\u00e9occupations de l\u2019auteur sur divers sujets.<\/p>\n<p>Textes r\u00e9unis et pr\u00e9sent\u00e9s par Marie-Jeanne Verny et Yan Lespoux.<\/p>\n","protected":false},"excerpt":{"rendered":"<p>Les Occitans ont-ils une histoire ? Entendons, une histoire qui leur soit propre et qui, tout en les associant la plupart du temps (pour le meilleur ou pour le pire\u2026) aux autres Fran\u00e7ais, r\u00e9v\u00e8le cependant des sp\u00e9cificit\u00e9s qui les en distinguent ? Il a sembl\u00e9 \u00e0 Philippe Martel que c\u2019\u00e9tait une question suffisamment importante pour [&hellip;]<\/p>\n","protected":false},"featured_media":30247,"template":"","meta":{"_acf_changed":false,"_genesis_hide_title":false,"_genesis_hide_breadcrumbs":false,"_genesis_hide_singular_image":false,"_genesis_hide_footer_widgets":false,"_genesis_custom_body_class":"","_genesis_custom_post_class":"","_genesis_layout":""},"product_brand":[],"product_cat":[7132,7148,7156],"product_tag":[],"class_list":{"0":"post-30249","1":"product","2":"type-product","3":"status-publish","4":"has-post-thumbnail","6":"product_cat-books","7":"product_cat-history-geography-en","8":"product_cat-general-history-en","9":"pa_auteur-martel-philippe-en","10":"pa_editeur-lambert-lucas-en","11":"pa_langue-francais-en","12":"entry","14":"first","15":"outofstock","16":"shipping-taxable","17":"purchasable","18":"product-type-simple"},"acf":[],"_links":{"self":[{"href":"https:\/\/www.libraria-occitana.org\/en\/wp-json\/wp\/v2\/product\/30249","targetHints":{"allow":["GET"]}}],"collection":[{"href":"https:\/\/www.libraria-occitana.org\/en\/wp-json\/wp\/v2\/product"}],"about":[{"href":"https:\/\/www.libraria-occitana.org\/en\/wp-json\/wp\/v2\/types\/product"}],"wp:featuredmedia":[{"embeddable":true,"href":"https:\/\/www.libraria-occitana.org\/en\/wp-json\/wp\/v2\/media\/30247"}],"wp:attachment":[{"href":"https:\/\/www.libraria-occitana.org\/en\/wp-json\/wp\/v2\/media?parent=30249"}],"wp:term":[{"taxonomy":"product_brand","embeddable":true,"href":"https:\/\/www.libraria-occitana.org\/en\/wp-json\/wp\/v2\/product_brand?post=30249"},{"taxonomy":"product_cat","embeddable":true,"href":"https:\/\/www.libraria-occitana.org\/en\/wp-json\/wp\/v2\/product_cat?post=30249"},{"taxonomy":"product_tag","embeddable":true,"href":"https:\/\/www.libraria-occitana.org\/en\/wp-json\/wp\/v2\/product_tag?post=30249"}],"curies":[{"name":"wp","href":"https:\/\/api.w.org\/{rel}","templated":true}]}}