{"id":30255,"date":"2016-06-16T11:37:01","date_gmt":"2016-06-16T10:37:01","guid":{"rendered":"http:\/\/www.libraria-occitana.org\/all-products\/etudes-sur-la-litterature-occitane-du-moyen-age?lang=en"},"modified":"2026-04-29T10:12:23","modified_gmt":"2026-04-29T08:12:23","slug":"etudes-sur-la-litterature-occitane-du-moyen-age","status":"publish","type":"product","link":"https:\/\/www.libraria-occitana.org\/en\/product\/etudes-sur-la-litterature-occitane-du-moyen-age\/","title":{"rendered":"\u00c9tudes sur la litt\u00e9rature occitane du Moyen \u00c2ge Tome I"},"content":{"rendered":"<p>Issus du domaine international des \u00e9tudes m\u00e9di\u00e9vales occitanes, les articles de G\u00e9rard Gouiran rassembl\u00e9s dans ce volume ont le rare m\u00e9rite de concilier l\u2019exigence scientifique avec une grande attention au lecteur, m\u00eame non initi\u00e9. Ce dernier d\u00e9couvrira ici, sans difficult\u00e9, la richesse d\u2019une litt\u00e9rature prestigieuse qui a donn\u00e9 naissance \u00e0 l\u2019Europe litt\u00e9raire. \u00c0 l\u2019\u00e9tude des troubadours Bertran de Born, Arnaut Daniel, Bernart de Ventadorn, Guillem de Bergued\u00e0, Falquet de Romans et Sordel fait suite la recherche port\u00e9e sur les romans : Jaufr\u00e9, Flamenca et le bovarisme avant la lettre de la dame de <em>Las N\u00f2vas del papagai<\/em>. L\u2019enqu\u00eate, passionnante du d\u00e9but jusqu\u2019\u00e0 la fin, rend enfin au Moyen \u00c2ge occitan son alt\u00e9rit\u00e9 sans exclure ni une pointe de <em>foudat<\/em> [folie] ni une connivence assum\u00e9e avec un monde en \u00e9bullition, impossible \u00e0 appr\u00e9hender dans sa totalit\u00e9.<\/p>\n<p>Un cahier couleur de 8 pages encart\u00e9 dans l\u2019ouvrage pr\u00e9sente les portraits enlumin\u00e9s des principaux troubadours cit\u00e9s.<\/p>\n<p>Textes r\u00e9unis et pr\u00e9sent\u00e9s par Gilda Caiti-Russo.<\/p>\n<p><a href=\"http:\/\/www.libraria-occitana.org\/wp-content\/uploads\/2016\/06\/tdm_gouiran.pdf\"><strong>Somari<\/strong><\/a><\/p>\n<p><a href=\"http:\/\/www.libraria-occitana.org\/produit\/etudes-sur-la-litterature-occitane-du-moyen-age-tome-ii\/\"><em>\u00c9tudes sur la litt\u00e9rature occitane du Moyen \u00c2ge<\/em> Tome II<\/a><\/p>\n","protected":false},"excerpt":{"rendered":"<p>Issus du domaine international des \u00e9tudes m\u00e9di\u00e9vales occitanes, les articles de G\u00e9rard Gouiran rassembl\u00e9s dans ce volume ont le rare m\u00e9rite de concilier l\u2019exigence scientifique avec une grande attention au lecteur, m\u00eame non initi\u00e9. Ce dernier d\u00e9couvrira ici, sans difficult\u00e9, la richesse d\u2019une litt\u00e9rature prestigieuse qui a donn\u00e9 naissance \u00e0 l\u2019Europe litt\u00e9raire. \u00c0 l\u2019\u00e9tude des [&hellip;]<\/p>\n","protected":false},"featured_media":30253,"template":"","meta":{"_acf_changed":false,"_genesis_hide_title":false,"_genesis_hide_breadcrumbs":false,"_genesis_hide_singular_image":false,"_genesis_hide_footer_widgets":false,"_genesis_custom_body_class":"","_genesis_custom_post_class":"","_genesis_layout":""},"product_brand":[],"product_cat":[7188,7132,7174],"product_tag":[],"class_list":{"0":"post-30255","1":"product","2":"type-product","3":"status-publish","4":"has-post-thumbnail","6":"product_cat-arts-studies-en","7":"product_cat-books","8":"product_cat-literature-en","9":"pa_auteur-gouiran-gerard-en","10":"pa_editeur-lambert-lucas-en","11":"pa_langue-francais-en","12":"entry","14":"first","15":"instock","16":"shipping-taxable","17":"purchasable","18":"product-type-simple"},"acf":[],"_links":{"self":[{"href":"https:\/\/www.libraria-occitana.org\/en\/wp-json\/wp\/v2\/product\/30255","targetHints":{"allow":["GET"]}}],"collection":[{"href":"https:\/\/www.libraria-occitana.org\/en\/wp-json\/wp\/v2\/product"}],"about":[{"href":"https:\/\/www.libraria-occitana.org\/en\/wp-json\/wp\/v2\/types\/product"}],"wp:featuredmedia":[{"embeddable":true,"href":"https:\/\/www.libraria-occitana.org\/en\/wp-json\/wp\/v2\/media\/30253"}],"wp:attachment":[{"href":"https:\/\/www.libraria-occitana.org\/en\/wp-json\/wp\/v2\/media?parent=30255"}],"wp:term":[{"taxonomy":"product_brand","embeddable":true,"href":"https:\/\/www.libraria-occitana.org\/en\/wp-json\/wp\/v2\/product_brand?post=30255"},{"taxonomy":"product_cat","embeddable":true,"href":"https:\/\/www.libraria-occitana.org\/en\/wp-json\/wp\/v2\/product_cat?post=30255"},{"taxonomy":"product_tag","embeddable":true,"href":"https:\/\/www.libraria-occitana.org\/en\/wp-json\/wp\/v2\/product_tag?post=30255"}],"curies":[{"name":"wp","href":"https:\/\/api.w.org\/{rel}","templated":true}]}}