{"id":30261,"date":"2016-11-16T11:43:45","date_gmt":"2016-11-16T10:43:45","guid":{"rendered":"http:\/\/www.libraria-occitana.org\/all-products\/fables-et-poesies-francaises-et-provencales-tome-1?lang=en"},"modified":"2026-04-29T01:26:09","modified_gmt":"2026-04-28T23:26:09","slug":"fables-et-poesies-francaises-et-provencales-tome-1","status":"publish","type":"product","link":"https:\/\/www.libraria-occitana.org\/en\/product\/fables-et-poesies-francaises-et-provencales-tome-1\/","title":{"rendered":"Fables et Po\u00e9sies : Fran\u00e7aises et proven\u00e7ales (Tome 1)"},"content":{"rendered":"<p><strong>Lou Tavan<\/strong> N&#8217;agues pas p\u00f2u, pichot enfant, Es un tavan, es un tavan Rous coume l&#8217;or. Ve si baneto. Ardit ! Pren-lou dins ta maneto, E pi\u00e8i, <em>vounvoun<\/em>, <em>vounvoun<\/em>, <em>vounvoun<\/em>, Te jougara de soun vi\u00f3uloun.<\/p>\n<p style=\"text-align: justify; padding-left: 210px;\">(<em>Lou tavan canto<\/em>) 3 de juliet 1890<\/p>\n<p><strong>Le Hanneton<\/strong> N&#8217;aie pas peur, petit enfant, C&#8217;est un hanneton, c&#8217;est un hanneton Roux comme l&#8217;or. Vois ses petites cornes. Hardi ! Prends-le dans ta menotte, Et puis, <em>vounvoun<\/em>, <em>vounvoun<\/em>, <em>vounvoun<\/em>, Il te jouera de son violon.<\/p>\n<p style=\"text-align: justify; padding-left: 210px;\">(<em>Le hanneton chante<\/em>) 3 juillet 1890<\/p>\n<p>Jean Henri Fabre (1823-1915) est bien connu pour son \u0153uvre majeure, <em>Les souvenirs entomologiques<\/em>, dans lesquels il relate ses observations sur le comportement des insectes, appuy\u00e9es d&#8217;arguments et de discussions scientifiques, mais \u00e9voque aussi son enfance, sa jeunesse, son <em>Harmas<\/em> (nom donn\u00e9 \u00e0 sa propri\u00e9t\u00e9) et ses trente-six ann\u00e9es de vie pass\u00e9e dans cette Provence qu&#8217;il affectionne. Class\u00e9 parmi les grands &#8220;naturalistes&#8221; du 19\u00e8me si\u00e8cle, il fut aussi po\u00e8te, fran\u00e7ais et de langue d&#8217;oc, et \u00e0 ce titre f\u00e9libre, surnomm\u00e9 <em>lou Felibre di Tavan<\/em> : c&#8217;est un po\u00e8te de la nature, du quotidien qui l&#8217;entoure. Les fables et po\u00e9sies rassembl\u00e9es dans ce premier volume des \u0153uvres po\u00e9tiques de Jean Henri Fabre ont \u00e9t\u00e9 publi\u00e9es une premi\u00e8re fois par la Librairie Delagrave \u00e0 Paris en 1925. Elles font partie des &#8220;Po\u00e9sies de la Vieillesse&#8221; qui comportaient deux parties : les Po\u00e9sies proven\u00e7ales, et les Po\u00e9sies fran\u00e7aises (uniquement en fran\u00e7ais), comme dans le pr\u00e9sent recueil. Les po\u00e9sies proven\u00e7ales en graphie mistralienne sont traduites en fran\u00e7ais en regard.<\/p>\n","protected":false},"excerpt":{"rendered":"<p>Lou Tavan N&#8217;agues pas p\u00f2u, pichot enfant, Es un tavan, es un tavan Rous coume l&#8217;or. Ve si baneto. Ardit ! Pren-lou dins ta maneto, E pi\u00e8i, vounvoun, vounvoun, vounvoun, Te jougara de soun vi\u00f3uloun. (Lou tavan canto) 3 de juliet 1890 Le Hanneton N&#8217;aie pas peur, petit enfant, C&#8217;est un hanneton, c&#8217;est un hanneton [&hellip;]<\/p>\n","protected":false},"featured_media":30259,"template":"","meta":{"_acf_changed":false,"_genesis_hide_title":false,"_genesis_hide_breadcrumbs":false,"_genesis_hide_singular_image":false,"_genesis_hide_footer_widgets":false,"_genesis_custom_body_class":"","_genesis_custom_post_class":"","_genesis_layout":""},"product_brand":[],"product_cat":[7132,7174,7180],"product_tag":[],"class_list":{"0":"post-30261","1":"product","2":"type-product","3":"status-publish","4":"has-post-thumbnail","6":"product_cat-books","7":"product_cat-literature-en","8":"product_cat-poetry-en","9":"pa_auteur-fabre-jean-henri-en","10":"pa_editeur-lauceu-libre-en","11":"pa_langue-francais-en","12":"pa_langue-occitan-provencau-en","13":"pa_langue-occitan-francais-en","14":"entry","16":"first","17":"instock","18":"shipping-taxable","19":"purchasable","20":"product-type-simple"},"acf":[],"_links":{"self":[{"href":"https:\/\/www.libraria-occitana.org\/en\/wp-json\/wp\/v2\/product\/30261","targetHints":{"allow":["GET"]}}],"collection":[{"href":"https:\/\/www.libraria-occitana.org\/en\/wp-json\/wp\/v2\/product"}],"about":[{"href":"https:\/\/www.libraria-occitana.org\/en\/wp-json\/wp\/v2\/types\/product"}],"wp:featuredmedia":[{"embeddable":true,"href":"https:\/\/www.libraria-occitana.org\/en\/wp-json\/wp\/v2\/media\/30259"}],"wp:attachment":[{"href":"https:\/\/www.libraria-occitana.org\/en\/wp-json\/wp\/v2\/media?parent=30261"}],"wp:term":[{"taxonomy":"product_brand","embeddable":true,"href":"https:\/\/www.libraria-occitana.org\/en\/wp-json\/wp\/v2\/product_brand?post=30261"},{"taxonomy":"product_cat","embeddable":true,"href":"https:\/\/www.libraria-occitana.org\/en\/wp-json\/wp\/v2\/product_cat?post=30261"},{"taxonomy":"product_tag","embeddable":true,"href":"https:\/\/www.libraria-occitana.org\/en\/wp-json\/wp\/v2\/product_tag?post=30261"}],"curies":[{"name":"wp","href":"https:\/\/api.w.org\/{rel}","templated":true}]}}