{"id":30298,"date":"2009-01-20T15:50:31","date_gmt":"2009-01-20T14:50:31","guid":{"rendered":"http:\/\/www.libraria-occitana.org\/all-products\/kerity-lostal-dels-contes?lang=en"},"modified":"2026-04-22T05:31:59","modified_gmt":"2026-04-22T03:31:59","slug":"kerity-lostal-dels-contes","status":"publish","type":"product","link":"https:\/\/www.libraria-occitana.org\/en\/product\/kerity-lostal-dels-contes\/","title":{"rendered":"Kerity : L&#8217;ostal dels contes"},"content":{"rendered":"<p>Version occitane du film d&#8217;animation franco-italien <em>K\u00e9rity, la maison des contes<\/em> (Alphanim \/ La Fabrique \/ Lanterna Magica).<\/p>\n<p>Natana\u00ebl a bient\u00f4t 7 ans, mais il ne sait toujours pas lire\u2026 Lorsque sa tante Ali\u00e9nor lui l\u00e8gue sa biblioth\u00e8que contenant des milliers de livres, Natana\u00ebl est tr\u00e8s d\u00e9\u00e7u ! Pourtant, chacun de ces contes va livrer un merveilleux secret : \u00e0 la nuit tomb\u00e9e les petits h\u00e9ros, la d\u00e9licieuse Alice, la m\u00e9chante f\u00e9e Carabosse, le terrible capitaine Crochet, sortent des livres.<\/p>\n<p>Avec les voix de Ives Durand, Lauren\u00e7 Labadia, Mat\u00e8u Grosclaude \u2013Lapl\u00e9ch\u00e8re, P\u00e8ir Arnaut Grosclaude\u2013Lapl\u00e9ch\u00e8re, Cecila Chapduelh, Olivier Pijasson, Maria-Odila Dumeaux, Monica Burg, Adrien Pla, Marie-H\u00e9l\u00e8ne Oustal\u00e9, Joan Franc\u00e9s Tisn\u00e8r, Silvan Carr\u00e8ra, Nathalie Robert, J\u00f2rdi Besombes et Philippe Neyrat.<\/p>\n<p><iframe loading=\"lazy\" title=\"YouTube video player\" src=\"https:\/\/www.youtube.com\/embed\/8Lt24QgM84U\" width=\"560\" height=\"315\" frameborder=\"0\" allowfullscreen=\"allowfullscreen\"><\/iframe><\/p>\n","protected":false},"excerpt":{"rendered":"<p>Version occitane du film d&#8217;animation franco-italien K\u00e9rity, la maison des contes (Alphanim \/ La Fabrique \/ Lanterna Magica). Natana\u00ebl a bient\u00f4t 7 ans, mais il ne sait toujours pas lire\u2026 Lorsque sa tante Ali\u00e9nor lui l\u00e8gue sa biblioth\u00e8que contenant des milliers de livres, Natana\u00ebl est tr\u00e8s d\u00e9\u00e7u ! Pourtant, chacun de ces contes va livrer [&hellip;]<\/p>\n","protected":false},"featured_media":30296,"template":"","meta":{"_acf_changed":false,"_genesis_hide_title":false,"_genesis_hide_breadcrumbs":false,"_genesis_hide_singular_image":false,"_genesis_hide_footer_widgets":false,"_genesis_custom_body_class":"","_genesis_custom_post_class":"","_genesis_layout":""},"product_brand":[],"product_cat":[7245,7249],"product_tag":[],"class_list":{"0":"post-30298","1":"product","2":"type-product","3":"status-publish","4":"has-post-thumbnail","6":"product_cat-juvenile-and-teen-videos-2-en","7":"product_cat-videos-3-en","8":"pa_auteur-monfery-dominique-en","9":"pa_editeur-contam-en","10":"pa_editeur-la-fabrique-fr-en","11":"pa_langue-occitan-en","12":"entry","14":"first","15":"instock","16":"shipping-taxable","17":"purchasable","18":"product-type-simple"},"acf":[],"_links":{"self":[{"href":"https:\/\/www.libraria-occitana.org\/en\/wp-json\/wp\/v2\/product\/30298","targetHints":{"allow":["GET"]}}],"collection":[{"href":"https:\/\/www.libraria-occitana.org\/en\/wp-json\/wp\/v2\/product"}],"about":[{"href":"https:\/\/www.libraria-occitana.org\/en\/wp-json\/wp\/v2\/types\/product"}],"wp:featuredmedia":[{"embeddable":true,"href":"https:\/\/www.libraria-occitana.org\/en\/wp-json\/wp\/v2\/media\/30296"}],"wp:attachment":[{"href":"https:\/\/www.libraria-occitana.org\/en\/wp-json\/wp\/v2\/media?parent=30298"}],"wp:term":[{"taxonomy":"product_brand","embeddable":true,"href":"https:\/\/www.libraria-occitana.org\/en\/wp-json\/wp\/v2\/product_brand?post=30298"},{"taxonomy":"product_cat","embeddable":true,"href":"https:\/\/www.libraria-occitana.org\/en\/wp-json\/wp\/v2\/product_cat?post=30298"},{"taxonomy":"product_tag","embeddable":true,"href":"https:\/\/www.libraria-occitana.org\/en\/wp-json\/wp\/v2\/product_tag?post=30298"}],"curies":[{"name":"wp","href":"https:\/\/api.w.org\/{rel}","templated":true}]}}