{"id":30308,"date":"2011-01-20T17:50:29","date_gmt":"2011-01-20T16:50:29","guid":{"rendered":"http:\/\/www.libraria-occitana.org\/all-products\/veni-mama-libre-cd?lang=en"},"modified":"2026-04-21T07:31:25","modified_gmt":"2026-04-21T05:31:25","slug":"veni-mama-libre-cd","status":"publish","type":"product","link":"https:\/\/www.libraria-occitana.org\/en\/product\/veni-mama-libre-cd\/","title":{"rendered":"V\u00e8ni, mam\u00e0 ! (libre + CD)"},"content":{"rendered":"<p><strong>Per las vacan\u00e7as de Nadal amb la mam\u00e0 partiss\u00e8m&#8230;<\/strong><\/p>\n<p>Un enfant et sa m\u00e8re sont dans une petite maison dans les bois enneig\u00e9s&#8230; c&#8217;est le r\u00e9cit d&#8217;une journ\u00e9e pendant les vacances de No\u00ebl, avec ses jeux, ses d\u00e9couvertes, ses rituels, le go\u00fbter, le bain, la lecture partag\u00e9e, le moment de dormir&#8230;<\/p>\n<p>Album en occitan + CD audio extra (12 min) inclus pour mac\/PC : mp3 pour baladodiffusion, script, devinettes, comptines et pistes p\u00e9dagogiques (pdf).<br \/>\nLivret d&#8217;accompagnement p\u00e9dagogique en fran\u00e7ais et traduction fran\u00e7aise de l&#8217;histoire sur le site du CRDP Montpellier.<br \/>\nNiveau : Primaire.<\/p>\n","protected":false},"excerpt":{"rendered":"<p>Per las vacan\u00e7as de Nadal amb la mam\u00e0 partiss\u00e8m&#8230; Un enfant et sa m\u00e8re sont dans une petite maison dans les bois enneig\u00e9s&#8230; c&#8217;est le r\u00e9cit d&#8217;une journ\u00e9e pendant les vacances de No\u00ebl, avec ses jeux, ses d\u00e9couvertes, ses rituels, le go\u00fbter, le bain, la lecture partag\u00e9e, le moment de dormir&#8230; Album en occitan + [&hellip;]<\/p>\n","protected":false},"featured_media":30306,"template":"","meta":{"_acf_changed":false,"_genesis_hide_title":false,"_genesis_hide_breadcrumbs":false,"_genesis_hide_singular_image":false,"_genesis_hide_footer_widgets":false,"_genesis_custom_body_class":"","_genesis_custom_post_class":"","_genesis_layout":""},"product_brand":[],"product_cat":[7132,7170,7164],"product_tag":[],"class_list":{"0":"post-30308","1":"product","2":"type-product","3":"status-publish","4":"has-post-thumbnail","6":"product_cat-books","7":"product_cat-juvenile-en","8":"product_cat-juvenile-and-teen-comics-humour-en","9":"pa_auteur-suna-jo-fr-en","10":"pa_editeur-crdp-montpellier-fr-en","11":"pa_langue-occitan-en","12":"pa_langue-occitan-lengadocian-en","13":"entry","15":"first","16":"outofstock","17":"shipping-taxable","18":"purchasable","19":"product-type-simple"},"acf":[],"_links":{"self":[{"href":"https:\/\/www.libraria-occitana.org\/en\/wp-json\/wp\/v2\/product\/30308","targetHints":{"allow":["GET"]}}],"collection":[{"href":"https:\/\/www.libraria-occitana.org\/en\/wp-json\/wp\/v2\/product"}],"about":[{"href":"https:\/\/www.libraria-occitana.org\/en\/wp-json\/wp\/v2\/types\/product"}],"wp:featuredmedia":[{"embeddable":true,"href":"https:\/\/www.libraria-occitana.org\/en\/wp-json\/wp\/v2\/media\/30306"}],"wp:attachment":[{"href":"https:\/\/www.libraria-occitana.org\/en\/wp-json\/wp\/v2\/media?parent=30308"}],"wp:term":[{"taxonomy":"product_brand","embeddable":true,"href":"https:\/\/www.libraria-occitana.org\/en\/wp-json\/wp\/v2\/product_brand?post=30308"},{"taxonomy":"product_cat","embeddable":true,"href":"https:\/\/www.libraria-occitana.org\/en\/wp-json\/wp\/v2\/product_cat?post=30308"},{"taxonomy":"product_tag","embeddable":true,"href":"https:\/\/www.libraria-occitana.org\/en\/wp-json\/wp\/v2\/product_tag?post=30308"}],"curies":[{"name":"wp","href":"https:\/\/api.w.org\/{rel}","templated":true}]}}