{"id":30337,"date":"2015-04-21T11:52:02","date_gmt":"2015-04-21T10:52:02","guid":{"rendered":"http:\/\/www.libraria-occitana.org\/all-products\/la-viree?lang=en"},"modified":"2026-04-29T02:16:44","modified_gmt":"2026-04-29T00:16:44","slug":"la-viree","status":"publish","type":"product","link":"https:\/\/www.libraria-occitana.org\/en\/product\/la-viree\/","title":{"rendered":"La vir\u00e9e"},"content":{"rendered":"<p><strong>Ernest Bergez (Sourdure)<\/strong><\/p>\n<p>Invit\u00e9s :<br \/>\n<strong>Cl\u00e9mence Cognet :<\/strong> Voix<br \/>\n<strong>Karelle :<\/strong> Claquements de mains<br \/>\n<strong>Michel et Fran\u00e7oise Tournilhac :<\/strong> Voix<br \/>\n<strong>Laura Mentink :<\/strong> Voix<br \/>\n<strong>Elg :<\/strong> Guitare, Fl\u00fbte, Voix<br \/>\n<strong>Jacques Puech :<\/strong> Cabrette, Voix<\/p>\n<p>Th\u00e8mes et chansons issus du r\u00e9pertoire traditionnel auvergnat, fictions sonores et d\u00e9rives psych\u00e9d\u00e9liques&#8230;<\/p>\n<p><strong>Titres :<\/strong><br \/>\n1. Bonsoir belle berg\u00e8re (avec Cl\u00e9mence Cognet) 3&#8217;30<br \/>\n2. Joana d&#8217;Aime &#8211; Lo mes de mai, lo mes d&#8217;abrieu 6&#8217;05<br \/>\n3. Quand io z-ere chas ma ma\u00efre 3&#8217;24<br \/>\n4. Marion dins son jardin (avec Cl\u00e9mence Cognet) 4&#8217;09<br \/>\n5. Les quinze segments 4&#8217;37<br \/>\n6. L&#8217;ergot-loupe 2&#8217;28<br \/>\n7. Retirez-vous gens de la noce \/ La genta n\u00f2via (avec Jacques Puech) 4&#8217;55<br \/>\n8. J\u00e9sus s&#8217;habille en pauvre &#8211; L&#8217;assona fantauma (avec \u00c8lg) 3&#8217;59<br \/>\n9. Pour aller voir Virginie (avec Jacques Puech) 4&#8217;11<br \/>\n10. Dans le ventre de la maison huileuse 6&#8217;32<\/p>\n","protected":false},"excerpt":{"rendered":"<p>Ernest Bergez (Sourdure) Invit\u00e9s : Cl\u00e9mence Cognet : Voix Karelle : Claquements de mains Michel et Fran\u00e7oise Tournilhac : Voix Laura Mentink : Voix Elg : Guitare, Fl\u00fbte, Voix Jacques Puech : Cabrette, Voix Th\u00e8mes et chansons issus du r\u00e9pertoire traditionnel auvergnat, fictions sonores et d\u00e9rives psych\u00e9d\u00e9liques&#8230; Titres : 1. Bonsoir belle berg\u00e8re (avec Cl\u00e9mence [&hellip;]<\/p>\n","protected":false},"featured_media":30335,"template":"","meta":{"_acf_changed":false,"_genesis_hide_title":false,"_genesis_hide_breadcrumbs":false,"_genesis_hide_singular_image":false,"_genesis_hide_footer_widgets":false,"_genesis_custom_body_class":"","_genesis_custom_post_class":"","_genesis_layout":""},"product_brand":[],"product_cat":[7220,7216],"product_tag":[],"class_list":{"0":"post-30337","1":"product","2":"type-product","3":"status-publish","4":"has-post-thumbnail","6":"product_cat-hip-hop-electronic-music-en","7":"product_cat-music-en","8":"pa_auteur-sourdure-en","9":"pa_editeur-sourdure-fr-en","10":"pa_langue-francais-en","11":"pa_langue-occitan-en","12":"pa_langue-occitan-auvernhat-en","13":"entry","15":"first","16":"outofstock","17":"shipping-taxable","18":"purchasable","19":"product-type-simple"},"acf":[],"_links":{"self":[{"href":"https:\/\/www.libraria-occitana.org\/en\/wp-json\/wp\/v2\/product\/30337","targetHints":{"allow":["GET"]}}],"collection":[{"href":"https:\/\/www.libraria-occitana.org\/en\/wp-json\/wp\/v2\/product"}],"about":[{"href":"https:\/\/www.libraria-occitana.org\/en\/wp-json\/wp\/v2\/types\/product"}],"wp:featuredmedia":[{"embeddable":true,"href":"https:\/\/www.libraria-occitana.org\/en\/wp-json\/wp\/v2\/media\/30335"}],"wp:attachment":[{"href":"https:\/\/www.libraria-occitana.org\/en\/wp-json\/wp\/v2\/media?parent=30337"}],"wp:term":[{"taxonomy":"product_brand","embeddable":true,"href":"https:\/\/www.libraria-occitana.org\/en\/wp-json\/wp\/v2\/product_brand?post=30337"},{"taxonomy":"product_cat","embeddable":true,"href":"https:\/\/www.libraria-occitana.org\/en\/wp-json\/wp\/v2\/product_cat?post=30337"},{"taxonomy":"product_tag","embeddable":true,"href":"https:\/\/www.libraria-occitana.org\/en\/wp-json\/wp\/v2\/product_tag?post=30337"}],"curies":[{"name":"wp","href":"https:\/\/api.w.org\/{rel}","templated":true}]}}