{"id":30387,"date":"2017-06-20T15:12:21","date_gmt":"2017-06-20T14:12:21","guid":{"rendered":"http:\/\/www.libraria-occitana.org\/all-products\/escura-la-nueit?lang=en"},"modified":"2026-04-15T23:56:43","modified_gmt":"2026-04-15T21:56:43","slug":"escura-la-nueit","status":"publish","type":"product","link":"https:\/\/www.libraria-occitana.org\/en\/product\/escura-la-nueit\/","title":{"rendered":"Escura, la nueit"},"content":{"rendered":"<p>Au III\u00e8me si\u00e8cle, dans un village pyr\u00e9n\u00e9en, le jeune Shuban est initi\u00e9 aux secrets des Dieux anciens, et envoy\u00e9 dans le pi\u00e9mont pour y parfaire son initiation. Mais au cours d\u2019un raid de barbares, la statue de la d\u00e9esse prot\u00e9geant sa communaut\u00e9 est vol\u00e9e\u2026 Shuban se lance alors \u00e0 la poursuite des barbares jusqu\u2019au Rhin. La qu\u00eate sera longue, difficile, pleine de surprises\u2026 Pourtant, quand le jeune homme rentre chez lui, tout a chang\u00e9 au village ; sa communaut\u00e9 a embrass\u00e9 une nouvelle religion. Les Dieux anciens survivront-ils aux changements des temps ?<\/p>\n","protected":false},"excerpt":{"rendered":"<p>Au III\u00e8me si\u00e8cle, dans un village pyr\u00e9n\u00e9en, le jeune Shuban est initi\u00e9 aux secrets des Dieux anciens, et envoy\u00e9 dans le pi\u00e9mont pour y parfaire son initiation. Mais au cours d\u2019un raid de barbares, la statue de la d\u00e9esse prot\u00e9geant sa communaut\u00e9 est vol\u00e9e\u2026 Shuban se lance alors \u00e0 la poursuite des barbares jusqu\u2019au Rhin. [&hellip;]<\/p>\n","protected":false},"featured_media":30385,"template":"","meta":{"_acf_changed":false,"_genesis_hide_title":false,"_genesis_hide_breadcrumbs":false,"_genesis_hide_singular_image":false,"_genesis_hide_footer_widgets":false,"_genesis_custom_body_class":"","_genesis_custom_post_class":"","_genesis_layout":""},"product_brand":[],"product_cat":[7132,7174,7182],"product_tag":[],"class_list":{"0":"post-30387","1":"product","2":"type-product","3":"status-publish","4":"has-post-thumbnail","6":"product_cat-books","7":"product_cat-literature-en","8":"product_cat-novels-short-stories-en","9":"pa_auteur-lavit-joan-lois-en","10":"pa_editeur-letras-doc-en","11":"pa_langue-occitan-en","12":"pa_langue-occitan-gascon-en","13":"entry","15":"first","16":"instock","17":"shipping-taxable","18":"purchasable","19":"product-type-simple"},"acf":[],"_links":{"self":[{"href":"https:\/\/www.libraria-occitana.org\/en\/wp-json\/wp\/v2\/product\/30387","targetHints":{"allow":["GET"]}}],"collection":[{"href":"https:\/\/www.libraria-occitana.org\/en\/wp-json\/wp\/v2\/product"}],"about":[{"href":"https:\/\/www.libraria-occitana.org\/en\/wp-json\/wp\/v2\/types\/product"}],"wp:featuredmedia":[{"embeddable":true,"href":"https:\/\/www.libraria-occitana.org\/en\/wp-json\/wp\/v2\/media\/30385"}],"wp:attachment":[{"href":"https:\/\/www.libraria-occitana.org\/en\/wp-json\/wp\/v2\/media?parent=30387"}],"wp:term":[{"taxonomy":"product_brand","embeddable":true,"href":"https:\/\/www.libraria-occitana.org\/en\/wp-json\/wp\/v2\/product_brand?post=30387"},{"taxonomy":"product_cat","embeddable":true,"href":"https:\/\/www.libraria-occitana.org\/en\/wp-json\/wp\/v2\/product_cat?post=30387"},{"taxonomy":"product_tag","embeddable":true,"href":"https:\/\/www.libraria-occitana.org\/en\/wp-json\/wp\/v2\/product_tag?post=30387"}],"curies":[{"name":"wp","href":"https:\/\/api.w.org\/{rel}","templated":true}]}}