{"id":30441,"date":"2019-06-18T12:48:15","date_gmt":"2019-06-18T10:48:15","guid":{"rendered":"http:\/\/www.libraria-occitana.org\/all-products\/le-mythe-national-lhistoire-de-france-revisitee?lang=en"},"modified":"2026-04-25T21:56:57","modified_gmt":"2026-04-25T19:56:57","slug":"le-mythe-national-lhistoire-de-france-revisitee","status":"publish","type":"product","link":"https:\/\/www.libraria-occitana.org\/en\/product\/le-mythe-national-lhistoire-de-france-revisitee\/","title":{"rendered":"Le mythe national : L&#8217;histoire de France revisit\u00e9e"},"content":{"rendered":"<p>L\u2019identit\u00e9 nationale fait l\u2019objet de vives controverses. Sur quelle vision de l\u2019histoire doit-elle reposer ? Celle d\u2019une France gauloise continu\u00e9e par les rois, accomplie d\u00e9finitivement avec la R\u00e9publique ? Ou celle d\u2019une France m\u00e9tiss\u00e9e, faite de diversit\u00e9s culturelles et ethniques, ouverte sur l\u2019avenir ? Pour repenser l\u2019histoire de France, il faut d\u2019abord d\u00e9cortiquer \u00e0 travers les anciens manuels scolaires le sch\u00e9ma du \u00ab roman national \u00bb de la Troisi\u00e8me R\u00e9publique. Ce r\u00e9cit lin\u00e9aire et continu d\u2019une France pr\u00e9-incarn\u00e9e dans la Gaule l\u00e9gitime, en occultant victimes et vaincus, les pouvoirs et les conqu\u00eates qui ont non seulement cr\u00e9\u00e9 la France mais encore la \u00ab plus grande France \u00bb, c\u2019est-\u00e0-dire un empire colonial. Les recherches portant sur l\u2019histoire de Vichy, la colonisation et l\u2019immigration de la guerre d\u2019Alg\u00e9rie, tout comme les d\u00e9bats autour des lois m\u00e9morielles, ont provoqu\u00e9 d\u2019incontestables avanc\u00e9es. Mais ont-ils vraiment r\u00e9vis\u00e9 le mythe h\u00e9rit\u00e9 de l\u2019avant-dernier si\u00e8cle ou n\u2019en ont-ils \u00e9gratign\u00e9 que quelques pans ? Cette nouvelle \u00e9dition du <em>Mythe national<\/em> s\u2019attache, en s\u2019appuyant sur la rigueur du travail historique, \u00e0 revisiter le pass\u00e9 pour donner sens \u00e0 une France aux multiples racines, membre de l\u2019Union europ\u00e9enne, morceau de la plan\u00e8te et segment de l\u2019histoire humaine.<\/p>\n","protected":false},"excerpt":{"rendered":"<p>L\u2019identit\u00e9 nationale fait l\u2019objet de vives controverses. Sur quelle vision de l\u2019histoire doit-elle reposer ? Celle d\u2019une France gauloise continu\u00e9e par les rois, accomplie d\u00e9finitivement avec la R\u00e9publique ? Ou celle d\u2019une France m\u00e9tiss\u00e9e, faite de diversit\u00e9s culturelles et ethniques, ouverte sur l\u2019avenir ? Pour repenser l\u2019histoire de France, il faut d\u2019abord d\u00e9cortiquer \u00e0 travers [&hellip;]<\/p>\n","protected":false},"featured_media":30439,"template":"","meta":{"_acf_changed":false,"_genesis_hide_title":false,"_genesis_hide_breadcrumbs":false,"_genesis_hide_singular_image":false,"_genesis_hide_footer_widgets":false,"_genesis_custom_body_class":"","_genesis_custom_post_class":"","_genesis_layout":""},"product_brand":[],"product_cat":[7132,7156,7148],"product_tag":[],"class_list":{"0":"post-30441","1":"product","2":"type-product","3":"status-publish","4":"has-post-thumbnail","6":"product_cat-books","7":"product_cat-general-history-en","8":"product_cat-history-geography-en","9":"pa_auteur-citron-suzanne-en","10":"pa_editeur-les-editions-de-latelier-en","11":"pa_langue-francais-en","12":"entry","14":"first","15":"instock","16":"sold-individually","17":"shipping-taxable","18":"purchasable","19":"product-type-simple"},"acf":[],"_links":{"self":[{"href":"https:\/\/www.libraria-occitana.org\/en\/wp-json\/wp\/v2\/product\/30441","targetHints":{"allow":["GET"]}}],"collection":[{"href":"https:\/\/www.libraria-occitana.org\/en\/wp-json\/wp\/v2\/product"}],"about":[{"href":"https:\/\/www.libraria-occitana.org\/en\/wp-json\/wp\/v2\/types\/product"}],"wp:featuredmedia":[{"embeddable":true,"href":"https:\/\/www.libraria-occitana.org\/en\/wp-json\/wp\/v2\/media\/30439"}],"wp:attachment":[{"href":"https:\/\/www.libraria-occitana.org\/en\/wp-json\/wp\/v2\/media?parent=30441"}],"wp:term":[{"taxonomy":"product_brand","embeddable":true,"href":"https:\/\/www.libraria-occitana.org\/en\/wp-json\/wp\/v2\/product_brand?post=30441"},{"taxonomy":"product_cat","embeddable":true,"href":"https:\/\/www.libraria-occitana.org\/en\/wp-json\/wp\/v2\/product_cat?post=30441"},{"taxonomy":"product_tag","embeddable":true,"href":"https:\/\/www.libraria-occitana.org\/en\/wp-json\/wp\/v2\/product_tag?post=30441"}],"curies":[{"name":"wp","href":"https:\/\/api.w.org\/{rel}","templated":true}]}}