{"id":30446,"date":"2013-10-18T13:24:18","date_gmt":"2013-10-18T12:24:18","guid":{"rendered":"http:\/\/www.libraria-occitana.org\/all-products\/les-carnets-de-guerre-de-louis-barthas-tonnelier-1914-1918-ed-du-centenaire?lang=en"},"modified":"2026-04-29T10:25:52","modified_gmt":"2026-04-29T08:25:52","slug":"les-carnets-de-guerre-de-louis-barthas-tonnelier-1914-1918","status":"publish","type":"product","link":"https:\/\/www.libraria-occitana.org\/en\/product\/les-carnets-de-guerre-de-louis-barthas-tonnelier-1914-1918\/","title":{"rendered":"Les carnets de guerre de Louis Barthas, tonnelier, 1914-1918"},"content":{"rendered":"<p>En 1914, Louis Barthas a trente-cinq ans. Tonnelier dans son village de l&#8217;Aude &#8211; Peyriac-Minervois -, il est mobilis\u00e9 au 280e d&#8217;infanterie bas\u00e9 \u00e0 Narbonne.<\/p>\n<p>Il fera toute la guerre comme caporal. Il conna\u00eetra le secteur sinistre de Lorette, Verdun, la Somme, l&#8217;offensive du Chemin des Dames ; la boue, les rats et les poux ; les attaques au-devant des mitrailleuses et les bombardements \u00e9crasants ; les absurdit\u00e9s du commandement, les mutineries de 1917, les tentatives de fraternisation.<\/p>\n<p>Au front, Barthas note tout ce qu&#8217;il voit, tout ce qu&#8217;il ressent. De retour chez lui, survivant, il va r\u00e9diger au propre son journal de guerre, \u00e0 l&#8217;encre violette, sur dix-neuf cahiers d&#8217;\u00e9colier. Sens de l&#8217;observation pr\u00e9cise, lucidit\u00e9, \u00e9motion et humour m\u00eal\u00e9s r\u00e9v\u00e8lent chez le caporal tonnelier un talent d&#8217;\u00e9crivain qui n&#8217;est g\u00e2t\u00e9 par aucune recherche d&#8217;effets litt\u00e9raires. Le livre, pr\u00e9sent\u00e9 par R\u00e9my Cazals, est devenu un classique &#8211; plus de 100 000 exemplaires vendus &#8211; depuis sa premi\u00e8re \u00e9dition en 1978, r\u00e9alis\u00e9e avec l&#8217;aide des petits-enfants de Louis Barthas et de la F\u00e9d\u00e9ration audoise des \u0153uvres la\u00efques.<\/p>\n","protected":false},"excerpt":{"rendered":"<p>En 1914, Louis Barthas a trente-cinq ans. Tonnelier dans son village de l&#8217;Aude &#8211; Peyriac-Minervois -, il est mobilis\u00e9 au 280e d&#8217;infanterie bas\u00e9 \u00e0 Narbonne. Il fera toute la guerre comme caporal. Il conna\u00eetra le secteur sinistre de Lorette, Verdun, la Somme, l&#8217;offensive du Chemin des Dames ; la boue, les rats et les poux [&hellip;]<\/p>\n","protected":false},"featured_media":58608,"template":"","meta":{"_acf_changed":false,"_genesis_hide_title":false,"_genesis_hide_breadcrumbs":false,"_genesis_hide_singular_image":false,"_genesis_hide_footer_widgets":false,"_genesis_custom_body_class":"","_genesis_custom_post_class":"","_genesis_layout":""},"product_brand":[],"product_cat":[7132,7174,7186],"product_tag":[],"class_list":{"0":"post-30446","1":"product","2":"type-product","3":"status-publish","4":"has-post-thumbnail","6":"product_cat-books","7":"product_cat-literature-en","8":"product_cat-personal-narratives-memoirs-en","9":"pa_auteur-barthas-louis-en","10":"pa_editeur-la-decouverte-en","11":"pa_langue-francais-en","12":"entry","14":"first","15":"instock","16":"sold-individually","17":"shipping-taxable","18":"purchasable","19":"product-type-simple"},"acf":[],"_links":{"self":[{"href":"https:\/\/www.libraria-occitana.org\/en\/wp-json\/wp\/v2\/product\/30446","targetHints":{"allow":["GET"]}}],"collection":[{"href":"https:\/\/www.libraria-occitana.org\/en\/wp-json\/wp\/v2\/product"}],"about":[{"href":"https:\/\/www.libraria-occitana.org\/en\/wp-json\/wp\/v2\/types\/product"}],"wp:featuredmedia":[{"embeddable":true,"href":"https:\/\/www.libraria-occitana.org\/en\/wp-json\/wp\/v2\/media\/58608"}],"wp:attachment":[{"href":"https:\/\/www.libraria-occitana.org\/en\/wp-json\/wp\/v2\/media?parent=30446"}],"wp:term":[{"taxonomy":"product_brand","embeddable":true,"href":"https:\/\/www.libraria-occitana.org\/en\/wp-json\/wp\/v2\/product_brand?post=30446"},{"taxonomy":"product_cat","embeddable":true,"href":"https:\/\/www.libraria-occitana.org\/en\/wp-json\/wp\/v2\/product_cat?post=30446"},{"taxonomy":"product_tag","embeddable":true,"href":"https:\/\/www.libraria-occitana.org\/en\/wp-json\/wp\/v2\/product_tag?post=30446"}],"curies":[{"name":"wp","href":"https:\/\/api.w.org\/{rel}","templated":true}]}}