{"id":30474,"date":"2004-03-18T17:40:48","date_gmt":"2004-03-18T16:40:48","guid":{"rendered":"http:\/\/www.libraria-occitana.org\/all-products\/occitanie-histoire-politique-et-culturelle?lang=en"},"modified":"2026-04-25T23:01:06","modified_gmt":"2026-04-25T21:01:06","slug":"occitanie-histoire-politique-et-culturelle","status":"publish","type":"product","link":"https:\/\/www.libraria-occitana.org\/en\/product\/occitanie-histoire-politique-et-culturelle\/","title":{"rendered":"Occitanie : Histoire politique et culturelle"},"content":{"rendered":"<p>Nommant un territoire, les mots sont magiques : chaque d\u00e9signation comporte une vis\u00e9e qui lui conf\u00e8re une r\u00e9alit\u00e9 particuli\u00e8re, diff\u00e9rente des autres. Pour le territoire dont parle ce livre, il y en a au moins deux : France du Midi et Occitanie. Plus quelques autres : Pays d&#8217;Oc au singulier, Pays d&#8217;Oc au pluriel et Sud. Si le \u00ab Midi \u00bb est un ensemble de r\u00e9gions fran\u00e7aises aux traits plus ou moins communs et aux fronti\u00e8res impr\u00e9cises, l&#8217;\u00ab\u00a0Occitanie\u00a0\u00bb est un pays \u00e0 part enti\u00e8re, pourvu d&#8217;un territoire bien d\u00e9limit\u00e9, d&#8217;une langue, d&#8217;une culture, d&#8217;une histoire&#8230; Si la premi\u00e8re repr\u00e9sentation est de loin la plus courante, la seconde m\u00e9rite qu&#8217;on s&#8217;y arr\u00eate. Ne vaut-il pas la peine d&#8217;inscrire un pays nouveau, et tr\u00e8s ancien \u00e0 la fois, au patrimoine de l&#8217;humanit\u00e9 ? Le but de ce livre est pr\u00e9cis\u00e9ment d&#8217;examiner ce qu&#8217;on peut appeler l&#8217;hypoth\u00e8se occitane. Or, comme on s&#8217;en doute, on ne se serait pas lanc\u00e9 dans cette entreprise sans quelques perspectives de succ\u00e8s. Que l&#8217;\u00ab\u00a0Occitanie\u00a0\u00bb ou \u00ab Midi\u00a0\u00bb\u00a0diff\u00e8re de la France du Nord n&#8217;est pas affirm\u00e9 seulement par le sens commun fran\u00e7ais, mais aussi par l&#8217;historien Fernand Braudel dans son ouvrage <em>L&#8217;identit\u00e9 de la France<\/em>.<\/p>\n<p><strong>Cet ouvrage embrasse la totalit\u00e9 de la p\u00e9riode historique et donne une vision synth\u00e9tique du fait occitan au cours des \u00e2ges. Il ne s&#8217;agit pas d&#8217;une histoire \u00e9v\u00e9nementielle mais d&#8217;une approche des mentalit\u00e9s et des id\u00e9ologies.<\/strong><\/p>\n","protected":false},"excerpt":{"rendered":"<p>Nommant un territoire, les mots sont magiques : chaque d\u00e9signation comporte une vis\u00e9e qui lui conf\u00e8re une r\u00e9alit\u00e9 particuli\u00e8re, diff\u00e9rente des autres. Pour le territoire dont parle ce livre, il y en a au moins deux : France du Midi et Occitanie. Plus quelques autres : Pays d&#8217;Oc au singulier, Pays d&#8217;Oc au pluriel et [&hellip;]<\/p>\n","protected":false},"featured_media":30472,"template":"","meta":{"_acf_changed":false,"_genesis_hide_title":false,"_genesis_hide_breadcrumbs":false,"_genesis_hide_singular_image":false,"_genesis_hide_footer_widgets":false,"_genesis_custom_body_class":"","_genesis_custom_post_class":"","_genesis_layout":""},"product_brand":[],"product_cat":[7132,7156,7148],"product_tag":[],"class_list":{"0":"post-30474","1":"product","2":"type-product","3":"status-publish","4":"has-post-thumbnail","6":"product_cat-books","7":"product_cat-general-history-en","8":"product_cat-history-geography-en","9":"pa_auteur-lavelle-pierre-en","10":"pa_editeur-ieo-fr-en","11":"pa_langue-francais-en","12":"entry","14":"first","15":"instock","16":"shipping-taxable","17":"purchasable","18":"product-type-simple"},"acf":[],"_links":{"self":[{"href":"https:\/\/www.libraria-occitana.org\/en\/wp-json\/wp\/v2\/product\/30474","targetHints":{"allow":["GET"]}}],"collection":[{"href":"https:\/\/www.libraria-occitana.org\/en\/wp-json\/wp\/v2\/product"}],"about":[{"href":"https:\/\/www.libraria-occitana.org\/en\/wp-json\/wp\/v2\/types\/product"}],"wp:featuredmedia":[{"embeddable":true,"href":"https:\/\/www.libraria-occitana.org\/en\/wp-json\/wp\/v2\/media\/30472"}],"wp:attachment":[{"href":"https:\/\/www.libraria-occitana.org\/en\/wp-json\/wp\/v2\/media?parent=30474"}],"wp:term":[{"taxonomy":"product_brand","embeddable":true,"href":"https:\/\/www.libraria-occitana.org\/en\/wp-json\/wp\/v2\/product_brand?post=30474"},{"taxonomy":"product_cat","embeddable":true,"href":"https:\/\/www.libraria-occitana.org\/en\/wp-json\/wp\/v2\/product_cat?post=30474"},{"taxonomy":"product_tag","embeddable":true,"href":"https:\/\/www.libraria-occitana.org\/en\/wp-json\/wp\/v2\/product_tag?post=30474"}],"curies":[{"name":"wp","href":"https:\/\/api.w.org\/{rel}","templated":true}]}}