{"id":30479,"date":"2013-03-25T16:16:33","date_gmt":"2013-03-25T15:16:33","guid":{"rendered":"http:\/\/www.libraria-occitana.org\/all-products\/contes-brefs?lang=en"},"modified":"2026-04-29T10:10:40","modified_gmt":"2026-04-29T08:10:40","slug":"contes-brefs","status":"publish","type":"product","link":"https:\/\/www.libraria-occitana.org\/en\/product\/contes-brefs\/","title":{"rendered":"Contes brefs"},"content":{"rendered":"<p>Les contes recueillis par F\u00e9lix Arnaudin \u00e0 travers les Landes \u00e0 la fin du XIXe si\u00e8cle constituent une pi\u00e8ce ma\u00eetresse de son \u0153uvre ethnographique. Ils nous font d\u00e9couvrir, des contes merveilleux aux l\u00e9gendes ou aux contes de sorcellerie, tout un imaginaire et une po\u00e9sie li\u00e9s \u00e0 ce pays de marais et d&#8217;immenses \u00e9tendues d\u00e9sertes, avant que la for\u00eat ne le recouvre. Et peu de terroirs en France peuvent s&#8217;enorgueillir d&#8217;une investigation aussi pouss\u00e9e et aussi consciencieuse.<br \/>\nApr\u00e8s le succ\u00e8s de l&#8217;\u00e9dition bilingue des <em>Contes populaires de la Grande-Lande<\/em> (tome 1 des <em>\u0152uvres compl\u00e8tes<\/em> de F\u00e9lix Arnaudin en 9 volumes), aujourd&#8217;hui \u00e9puis\u00e9e, cet ouvrage (\u00e9galement bilingue fran\u00e7ais-gascon), illustr\u00e9 de photographies, propose une s\u00e9lection de contes brefs, pr\u00e9sent\u00e9s et transcrits par Jo\u00ebl Mir\u00f3. Il est accompagn\u00e9 d&#8217;un CD contenant les lectures de ces contes par Madeleine Dubrous, qui restitue pour le lecteur le gascon grand-landais de l&#8217;\u00e9poque d&#8217;Arnaudin et nous donne ainsi \u00e0 entendre la \u00ab voix de la lande \u00bb.<\/p>\n<p>N\u00e9 et mort \u00e0 Labouheyre (1844-1921), au c\u0153ur de la Grande-Lande, F\u00e9lix Arnaudin consacra sa vie \u00e0 sauver de l&#8217;oubli les traits d&#8217;un pays en voie de transformation rapide et d&#8217;une civilisation traditionnelle en train de dispara\u00eetre. Folkloriste, ethnologue, linguiste, historien, photographe, \u00e9crivain, il fut tout cela \u00e0 la fois, arpentant durant cinquante ans tous les chemins de la lande. Ses <em>\u0152uvres compl\u00e8tes<\/em> ont \u00e9t\u00e9 publi\u00e9es par le Parc Naturel R\u00e9gional des Landes de Gascogne et les \u00e9ditions Confluences entre 1994 et 2007.<\/p>\n","protected":false},"excerpt":{"rendered":"<p>Les contes recueillis par F\u00e9lix Arnaudin \u00e0 travers les Landes \u00e0 la fin du XIXe si\u00e8cle constituent une pi\u00e8ce ma\u00eetresse de son \u0153uvre ethnographique. Ils nous font d\u00e9couvrir, des contes merveilleux aux l\u00e9gendes ou aux contes de sorcellerie, tout un imaginaire et une po\u00e9sie li\u00e9s \u00e0 ce pays de marais et d&#8217;immenses \u00e9tendues d\u00e9sertes, avant [&hellip;]<\/p>\n","protected":false},"featured_media":30477,"template":"","meta":{"_acf_changed":false,"_genesis_hide_title":false,"_genesis_hide_breadcrumbs":false,"_genesis_hide_singular_image":false,"_genesis_hide_footer_widgets":false,"_genesis_custom_body_class":"","_genesis_custom_post_class":"","_genesis_layout":""},"product_brand":[],"product_cat":[7132,7174,7176],"product_tag":[],"class_list":{"0":"post-30479","1":"product","2":"type-product","3":"status-publish","4":"has-post-thumbnail","6":"product_cat-books","7":"product_cat-literature-en","8":"product_cat-tales-fables-en","9":"pa_auteur-arnaudin-felix-en","10":"pa_editeur-confluences-en","11":"pa_illustrateur-miro-joel-en","12":"pa_langue-occitan-gascon-en","13":"pa_langue-occitan-francais-en","14":"entry","16":"first","17":"outofstock","18":"shipping-taxable","19":"purchasable","20":"product-type-simple"},"acf":[],"_links":{"self":[{"href":"https:\/\/www.libraria-occitana.org\/en\/wp-json\/wp\/v2\/product\/30479","targetHints":{"allow":["GET"]}}],"collection":[{"href":"https:\/\/www.libraria-occitana.org\/en\/wp-json\/wp\/v2\/product"}],"about":[{"href":"https:\/\/www.libraria-occitana.org\/en\/wp-json\/wp\/v2\/types\/product"}],"wp:featuredmedia":[{"embeddable":true,"href":"https:\/\/www.libraria-occitana.org\/en\/wp-json\/wp\/v2\/media\/30477"}],"wp:attachment":[{"href":"https:\/\/www.libraria-occitana.org\/en\/wp-json\/wp\/v2\/media?parent=30479"}],"wp:term":[{"taxonomy":"product_brand","embeddable":true,"href":"https:\/\/www.libraria-occitana.org\/en\/wp-json\/wp\/v2\/product_brand?post=30479"},{"taxonomy":"product_cat","embeddable":true,"href":"https:\/\/www.libraria-occitana.org\/en\/wp-json\/wp\/v2\/product_cat?post=30479"},{"taxonomy":"product_tag","embeddable":true,"href":"https:\/\/www.libraria-occitana.org\/en\/wp-json\/wp\/v2\/product_tag?post=30479"}],"curies":[{"name":"wp","href":"https:\/\/api.w.org\/{rel}","templated":true}]}}