{"id":30484,"date":"2014-08-23T06:57:00","date_gmt":"2014-08-23T05:57:00","guid":{"rendered":"http:\/\/www.libraria-occitana.org\/all-products\/bagatoni?lang=en"},"modified":"2026-04-16T21:46:05","modified_gmt":"2026-04-16T19:46:05","slug":"bagatoni","status":"publish","type":"product","link":"https:\/\/www.libraria-occitana.org\/en\/product\/bagatoni\/","title":{"rendered":"Bagatoni"},"content":{"rendered":"<p>Le vieux quartier marseillais de \u00ab Bagat\u00f3uni \u00bb o\u00f9 se c\u00f4toient toutes les races m\u00e9diterran\u00e9ennes \u2013 essentiellement des Italiens \u2013 est aussi le refuge de la p\u00e8gre et des bas-fonds de la soci\u00e9t\u00e9. L\u00e0, un r\u00e9volutionnaire pacifique, ap\u00f4tre de Tolsto\u00ef, parvient y \u00e0 cr\u00e9er un \u00e9lan de fraternit\u00e9, mais le milieu reprendra le dessus et toutes les forces mauvaises se ligueront contre lui. Le roman est port\u00e9 par une \u00e9criture nerveuse, puissante adoss\u00e9e \u00e0 une langue populaire, riche et color\u00e9e qui ne d\u00e9daigne pas les tournures rapides et les mots vulgaires, injurieux mais expressifs et imag\u00e9s.<br \/>\nVal\u00e8re Bernard (en occitan : Val\u00e8ri Bernard), n\u00e9 \u00e0 Marseille (1860-1936) est un peintre de la Provence, et \u00e9crivain occitan-proven\u00e7al. Il compose ses premiers po\u00e8mes en dialecte marseillais, puis entame une \u0153uvre romanc\u00e9e o\u00f9 il montre toute sa sensibilit\u00e9 et sa compassion pour les humbles et les marginaux. \u00c9lu majoral du F\u00e9librige en 1894, il en fut ensuite Capouli\u00e9 de 1909 \u00e0 1919. De 1930 \u00e0 sa mort il fut pr\u00e9sident de la Soci\u00e9t\u00e9 d\u2019\u00e9tudes occitanes.<\/p>\n","protected":false},"excerpt":{"rendered":"<p>Le vieux quartier marseillais de \u00ab Bagat\u00f3uni \u00bb o\u00f9 se c\u00f4toient toutes les races m\u00e9diterran\u00e9ennes \u2013 essentiellement des Italiens \u2013 est aussi le refuge de la p\u00e8gre et des bas-fonds de la soci\u00e9t\u00e9. L\u00e0, un r\u00e9volutionnaire pacifique, ap\u00f4tre de Tolsto\u00ef, parvient y \u00e0 cr\u00e9er un \u00e9lan de fraternit\u00e9, mais le milieu reprendra le dessus et [&hellip;]<\/p>\n","protected":false},"featured_media":30482,"template":"","meta":{"_acf_changed":false,"_genesis_hide_title":false,"_genesis_hide_breadcrumbs":false,"_genesis_hide_singular_image":false,"_genesis_hide_footer_widgets":false,"_genesis_custom_body_class":"","_genesis_custom_post_class":"","_genesis_layout":""},"product_brand":[],"product_cat":[7132,7174,7182],"product_tag":[],"class_list":{"0":"post-30484","1":"product","2":"type-product","3":"status-publish","4":"has-post-thumbnail","6":"product_cat-books","7":"product_cat-literature-en","8":"product_cat-novels-short-stories-en","9":"pa_auteur-bernard-valeri-en","10":"pa_editeur-editions-des-regionalismes-en","11":"pa_langue-occitan-en","12":"pa_langue-occitan-provencau-en","13":"entry","15":"first","16":"instock","17":"shipping-taxable","18":"purchasable","19":"product-type-simple"},"acf":[],"_links":{"self":[{"href":"https:\/\/www.libraria-occitana.org\/en\/wp-json\/wp\/v2\/product\/30484","targetHints":{"allow":["GET"]}}],"collection":[{"href":"https:\/\/www.libraria-occitana.org\/en\/wp-json\/wp\/v2\/product"}],"about":[{"href":"https:\/\/www.libraria-occitana.org\/en\/wp-json\/wp\/v2\/types\/product"}],"wp:featuredmedia":[{"embeddable":true,"href":"https:\/\/www.libraria-occitana.org\/en\/wp-json\/wp\/v2\/media\/30482"}],"wp:attachment":[{"href":"https:\/\/www.libraria-occitana.org\/en\/wp-json\/wp\/v2\/media?parent=30484"}],"wp:term":[{"taxonomy":"product_brand","embeddable":true,"href":"https:\/\/www.libraria-occitana.org\/en\/wp-json\/wp\/v2\/product_brand?post=30484"},{"taxonomy":"product_cat","embeddable":true,"href":"https:\/\/www.libraria-occitana.org\/en\/wp-json\/wp\/v2\/product_cat?post=30484"},{"taxonomy":"product_tag","embeddable":true,"href":"https:\/\/www.libraria-occitana.org\/en\/wp-json\/wp\/v2\/product_tag?post=30484"}],"curies":[{"name":"wp","href":"https:\/\/api.w.org\/{rel}","templated":true}]}}