{"id":32948,"date":"2018-01-09T19:44:42","date_gmt":"2018-01-09T18:44:42","guid":{"rendered":"http:\/\/www.libraria-occitana.org\/?post_type=product&#038;p=32948\/"},"modified":"2026-04-29T10:03:42","modified_gmt":"2026-04-29T08:03:42","slug":"une-histoire-buissonniere-de-la-france-a-la-decouverte-dun-pays-insoupconne","status":"publish","type":"product","link":"https:\/\/www.libraria-occitana.org\/en\/product\/une-histoire-buissonniere-de-la-france-a-la-decouverte-dun-pays-insoupconne\/","title":{"rendered":"Une histoire buissonni\u00e8re de la France : \u00c0 la d\u00e9couverte d&#8217;un pays insoup\u00e7onn\u00e9"},"content":{"rendered":"<p>\u00ab Ce livre est le r\u00e9sultat de 22 500 kilom\u00e8tres \u00e0 v\u00e9lo et quatre ann\u00e9es en biblioth\u00e8que. C&#8217;est le guide historique que j&#8217;aurais voulu lire lorsque je me suis lanc\u00e9 \u00e0 la d\u00e9couverte de la France. \u00bb<\/p>\n<p>Dans le sillage de Graham Robb, historien et cycliste chevronn\u00e9, le lecteur d\u00e9couvrira un pays dont il ne soup\u00e7onnait pas l&#8217;existence. Il apprendra le sort tragique de l&#8217;homme qui cartographia le premier le mont Gerbier-de-Jonc ; l&#8217;issue cocasse de la bataille de Roquec\u00e9zi\u00e8re, qui d\u00e9chira en 1884 deux villages voisins de l&#8217;Aveyron ; ou encore les d\u00e9boires linguistiques du grand Racine, qui eut toutes les peines du monde, lors d&#8217;un voyage en Provence, \u00e0 se faire comprendre&#8230;<\/p>\n","protected":false},"excerpt":{"rendered":"<p>\u00ab Ce livre est le r\u00e9sultat de 22 500 kilom\u00e8tres \u00e0 v\u00e9lo et quatre ann\u00e9es en biblioth\u00e8que. C&#8217;est le guide historique que j&#8217;aurais voulu lire lorsque je me suis lanc\u00e9 \u00e0 la d\u00e9couverte de la France. \u00bb Dans le sillage de Graham Robb, historien et cycliste chevronn\u00e9, le lecteur d\u00e9couvrira un pays dont il ne [&hellip;]<\/p>\n","protected":false},"featured_media":45104,"template":"","meta":{"_acf_changed":false,"_genesis_hide_title":false,"_genesis_hide_breadcrumbs":false,"_genesis_hide_singular_image":false,"_genesis_hide_footer_widgets":false,"_genesis_custom_body_class":"","_genesis_custom_post_class":"","_genesis_layout":""},"product_brand":[],"product_cat":[7132,7156,7198,7148,7196],"product_tag":[],"class_list":{"0":"post-32948","1":"product","2":"type-product","3":"status-publish","4":"has-post-thumbnail","6":"product_cat-books","7":"product_cat-general-history-en","8":"product_cat-guides-tourism-en","9":"product_cat-history-geography-en","10":"product_cat-nature-tourism-en","11":"pa_auteur-robb-graham-en","12":"pa_editeur-flammarion-en","13":"pa_illustrateur-taudiere-isabelle-en","14":"pa_langue-francais-en","15":"entry","17":"first","18":"outofstock","19":"shipping-taxable","20":"purchasable","21":"product-type-simple"},"acf":[],"_links":{"self":[{"href":"https:\/\/www.libraria-occitana.org\/en\/wp-json\/wp\/v2\/product\/32948","targetHints":{"allow":["GET"]}}],"collection":[{"href":"https:\/\/www.libraria-occitana.org\/en\/wp-json\/wp\/v2\/product"}],"about":[{"href":"https:\/\/www.libraria-occitana.org\/en\/wp-json\/wp\/v2\/types\/product"}],"wp:featuredmedia":[{"embeddable":true,"href":"https:\/\/www.libraria-occitana.org\/en\/wp-json\/wp\/v2\/media\/45104"}],"wp:attachment":[{"href":"https:\/\/www.libraria-occitana.org\/en\/wp-json\/wp\/v2\/media?parent=32948"}],"wp:term":[{"taxonomy":"product_brand","embeddable":true,"href":"https:\/\/www.libraria-occitana.org\/en\/wp-json\/wp\/v2\/product_brand?post=32948"},{"taxonomy":"product_cat","embeddable":true,"href":"https:\/\/www.libraria-occitana.org\/en\/wp-json\/wp\/v2\/product_cat?post=32948"},{"taxonomy":"product_tag","embeddable":true,"href":"https:\/\/www.libraria-occitana.org\/en\/wp-json\/wp\/v2\/product_tag?post=32948"}],"curies":[{"name":"wp","href":"https:\/\/api.w.org\/{rel}","templated":true}]}}