{"id":32973,"date":"2002-09-19T18:07:24","date_gmt":"2002-09-19T16:07:24","guid":{"rendered":"http:\/\/www.libraria-occitana.org\/?post_type=product&#038;p=32973\/"},"modified":"2026-04-18T05:16:32","modified_gmt":"2026-04-18T03:16:32","slug":"un-piano-dans-le-pre","status":"publish","type":"product","link":"https:\/\/www.libraria-occitana.org\/en\/product\/un-piano-dans-le-pre\/","title":{"rendered":"Un piano dans le pr\u00e9"},"content":{"rendered":"<p><strong>Andr\u00e9 Ricros :<\/strong> chant<br \/>\n<strong>G\u00e9rard Douvizy :<\/strong> piano<\/p>\n<p><strong>Titres :<\/strong><br \/>\n1. Davant Bord\u00e8u 3&#8217;52<br \/>\n2. Los dalhaires 2&#8217;53<br \/>\n3. Dansava tot lo long de la nu\u00e8ch 4&#8217;17<br \/>\n4. S\u00f2m s\u00f2m 3&#8217;20<br \/>\n5. Dia-me tu Catin\u00e8l 3&#8217;52<br \/>\n6. La f\u00f2nt de las amoras 3&#8217;39<br \/>\n7. Di\u00e8u garda aqu\u00e8l que l&#8217;a plantat 4&#8217;04<br \/>\n8. Lo roc tindon 2&#8217;56<br \/>\n9. Belle Marion 2&#8217;30<br \/>\n10. Lo boi\u00e8r 4&#8217;00<br \/>\n11. Partiram pas d&#8217;aici 3&#8217;31<br \/>\n12. La can\u00e7on de Joan\u00e8ta 3&#8217;18<br \/>\n13. L&#8217;alaus\u00e8ta e lo pinson 4&#8217;05<br \/>\n14. Aval al fons de l&#8217;aiga 4&#8217;05<\/p>\n","protected":false},"excerpt":{"rendered":"<p>Andr\u00e9 Ricros : chant G\u00e9rard Douvizy : piano Titres : 1. Davant Bord\u00e8u 3&#8217;52 2. Los dalhaires 2&#8217;53 3. Dansava tot lo long de la nu\u00e8ch 4&#8217;17 4. S\u00f2m s\u00f2m 3&#8217;20 5. Dia-me tu Catin\u00e8l 3&#8217;52 6. La f\u00f2nt de las amoras 3&#8217;39 7. Di\u00e8u garda aqu\u00e8l que l&#8217;a plantat 4&#8217;04 8. Lo roc tindon [&hellip;]<\/p>\n","protected":false},"featured_media":37781,"template":"","meta":{"_acf_changed":false,"_genesis_hide_title":false,"_genesis_hide_breadcrumbs":false,"_genesis_hide_singular_image":false,"_genesis_hide_footer_widgets":false,"_genesis_custom_body_class":"","_genesis_custom_post_class":"","_genesis_layout":""},"product_brand":[],"product_cat":[7228,7216],"product_tag":[],"class_list":{"0":"post-32973","1":"product","2":"type-product","3":"status-publish","4":"has-post-thumbnail","6":"product_cat-modern-folk-en","7":"product_cat-music-en","8":"pa_auteur-douvizy-gerard-en","9":"pa_auteur-ricros-andre-en","10":"pa_editeur-modal-en","11":"pa_langue-occitan-en","12":"pa_langue-occitan-auvernhat-en","13":"entry","15":"first","16":"outofstock","17":"shipping-taxable","18":"purchasable","19":"product-type-simple"},"acf":[],"_links":{"self":[{"href":"https:\/\/www.libraria-occitana.org\/en\/wp-json\/wp\/v2\/product\/32973","targetHints":{"allow":["GET"]}}],"collection":[{"href":"https:\/\/www.libraria-occitana.org\/en\/wp-json\/wp\/v2\/product"}],"about":[{"href":"https:\/\/www.libraria-occitana.org\/en\/wp-json\/wp\/v2\/types\/product"}],"wp:featuredmedia":[{"embeddable":true,"href":"https:\/\/www.libraria-occitana.org\/en\/wp-json\/wp\/v2\/media\/37781"}],"wp:attachment":[{"href":"https:\/\/www.libraria-occitana.org\/en\/wp-json\/wp\/v2\/media?parent=32973"}],"wp:term":[{"taxonomy":"product_brand","embeddable":true,"href":"https:\/\/www.libraria-occitana.org\/en\/wp-json\/wp\/v2\/product_brand?post=32973"},{"taxonomy":"product_cat","embeddable":true,"href":"https:\/\/www.libraria-occitana.org\/en\/wp-json\/wp\/v2\/product_cat?post=32973"},{"taxonomy":"product_tag","embeddable":true,"href":"https:\/\/www.libraria-occitana.org\/en\/wp-json\/wp\/v2\/product_tag?post=32973"}],"curies":[{"name":"wp","href":"https:\/\/api.w.org\/{rel}","templated":true}]}}