{"id":32989,"date":"2012-08-16T17:04:04","date_gmt":"2012-08-16T15:04:04","guid":{"rendered":"http:\/\/www.libraria-occitana.org\/?post_type=product&#038;p=32989\/"},"modified":"2026-04-25T03:27:06","modified_gmt":"2026-04-25T01:27:06","slug":"tu-tanben-quasern-dexercicis-1-libre-cd-2","status":"publish","type":"product","link":"https:\/\/www.libraria-occitana.org\/en\/product\/tu-tanben-quasern-dexercicis-1-libre-cd-2\/","title":{"rendered":"Tu tanben ! : Quas\u00e8rn d&#8217;exercicis 1 (libre + CD)"},"content":{"rendered":"<p>Ce cahier d&#8217;exercices correspond aux unit\u00e9s 1 \u00e0 6 du livre de l&#8217;\u00e9l\u00e8ve <a href=\"http:\/\/www.libraria-occitana.org\/produit\/tu-tanben-manuel-doccitan-college-palier-1-libre-2-cd-2\/\"><em>Tu tanben !<\/em><\/a>. Il propose en relation \u00e9troite avec les le\u00e7ons du livre un grand nombre d&#8217;activit\u00e9s compl\u00e9mentaires pour s&#8217;approprier la langue et la culture occitanes dans l&#8217;esprit du Cadre europ\u00e9en et du Portfolio.<\/p>\n<p>Chaque le\u00e7on est organis\u00e9e en quatre sections : <em>practica de la lenga<\/em> ; <em>un pauc de gramatica<\/em> ; <em>evaluacion<\/em> ; <em>can\u00e7ons e j\u00f2cs<\/em>, de fa\u00e7on \u00e0 permettre :<\/p>\n<ul>\n<li>un entra\u00eenement \u00e0 la pratique de la langue dans le prolongement des activit\u00e9s du manuel avec de nombreux exercices de compr\u00e9hension de l&#8217;oral, de prise de parole, de reformulation orale et \u00e9crite de documents sonores et iconographiques,<\/li>\n<li>la fixation des points de grammaire abord\u00e9s dans la le\u00e7on au moyen d&#8217;exercices de rep\u00e9rage, de manipulation, de correction phonologique,<\/li>\n<li>une appropriation plaisante de la langue par le chant (guid\u00e9 par une piste musicale) et les jeux.<\/li>\n<\/ul>\n<p>Ce cahier comprend un CD audio.<\/p>\n<p><a href=\"http:\/\/www.libraria-occitana.org\/produit\/tu-tanben-quasern-dexercicis-2-libre-cd-2\/\"><em>Quas\u00e8rn d&#8217;exercicis 2<\/em><\/a> est \u00e9galement disponible.<\/p>\n","protected":false},"excerpt":{"rendered":"<p>Ce cahier d&#8217;exercices correspond aux unit\u00e9s 1 \u00e0 6 du livre de l&#8217;\u00e9l\u00e8ve Tu tanben !. Il propose en relation \u00e9troite avec les le\u00e7ons du livre un grand nombre d&#8217;activit\u00e9s compl\u00e9mentaires pour s&#8217;approprier la langue et la culture occitanes dans l&#8217;esprit du Cadre europ\u00e9en et du Portfolio. Chaque le\u00e7on est organis\u00e9e en quatre sections : [&hellip;]<\/p>\n","protected":false},"featured_media":54332,"template":"","meta":{"_acf_changed":false,"_genesis_hide_title":false,"_genesis_hide_breadcrumbs":false,"_genesis_hide_singular_image":false,"_genesis_hide_footer_widgets":false,"_genesis_custom_body_class":"","_genesis_custom_post_class":"","_genesis_layout":""},"product_brand":[],"product_cat":[7132,7136,7144],"product_tag":[],"class_list":{"0":"post-32989","1":"product","2":"type-product","3":"status-publish","4":"has-post-thumbnail","6":"product_cat-books","7":"product_cat-dictionaries-language-educational-en","8":"product_cat-educational-pedagogy-en","9":"pa_auteur-salles-loustau-joan-en","10":"pa_auteur-torreilles-claire-en","11":"pa_auteur-villeneuve-marie-jose-en","12":"pa_editeur-crdp-montpellier-fr-en","13":"pa_langue-occitan-en","14":"pa_langue-occitan-lengadocian-en","15":"entry","17":"first","18":"outofstock","19":"shipping-taxable","20":"purchasable","21":"product-type-simple"},"acf":[],"_links":{"self":[{"href":"https:\/\/www.libraria-occitana.org\/en\/wp-json\/wp\/v2\/product\/32989","targetHints":{"allow":["GET"]}}],"collection":[{"href":"https:\/\/www.libraria-occitana.org\/en\/wp-json\/wp\/v2\/product"}],"about":[{"href":"https:\/\/www.libraria-occitana.org\/en\/wp-json\/wp\/v2\/types\/product"}],"wp:featuredmedia":[{"embeddable":true,"href":"https:\/\/www.libraria-occitana.org\/en\/wp-json\/wp\/v2\/media\/54332"}],"wp:attachment":[{"href":"https:\/\/www.libraria-occitana.org\/en\/wp-json\/wp\/v2\/media?parent=32989"}],"wp:term":[{"taxonomy":"product_brand","embeddable":true,"href":"https:\/\/www.libraria-occitana.org\/en\/wp-json\/wp\/v2\/product_brand?post=32989"},{"taxonomy":"product_cat","embeddable":true,"href":"https:\/\/www.libraria-occitana.org\/en\/wp-json\/wp\/v2\/product_cat?post=32989"},{"taxonomy":"product_tag","embeddable":true,"href":"https:\/\/www.libraria-occitana.org\/en\/wp-json\/wp\/v2\/product_tag?post=32989"}],"curies":[{"name":"wp","href":"https:\/\/api.w.org\/{rel}","templated":true}]}}